{"id":754188,"date":"2025-08-28T06:04:09","date_gmt":"2025-08-28T03:04:09","guid":{"rendered":"https:\/\/roveyayinevi.com.tr\/index.php\/urun\/hos-geldin\/"},"modified":"2026-04-08T03:15:11","modified_gmt":"2026-04-08T00:15:11","slug":"hos-geldin","status":"publish","type":"product","link":"https:\/\/roveyayinevi.com.tr\/index.php\/urun\/hos-geldin\/","title":{"rendered":"Ho\u015f Geldin"},"content":{"rendered":"<p>\u201cHepimiz do\u011fum ve \u00f6l\u00fcm aras\u0131nda, \u00fcst \u00fcste binen saydam ser\u00fcvenler demetinde, bize ayr\u0131lm\u0131\u015f olan biricik yerimizde ya\u015f\u0131yoruz. Yer \u00e7ekti\u011fi s\u00fcrece\u2026 Yerin \u00e7ekmedi\u011fi yerde ba\u015fka bir varolu\u015f ba\u015fl\u0131yor. \u015eimdilik buraday\u0131z. D\u00fcnya\u2019da. Yerin \u00e7ekti\u011fi ve o \u00e7ekimin bizimle konu\u015ftu\u011fu bu yerde. D\u00fc\u015fen ve d\u00fc\u015feni kald\u0131ran, yard\u0131m alan ve yard\u0131m eden, hepimiz ayn\u0131 yerin \u00e7ekimindeyiz. Buradaki her \u015fey, varolu\u015fun mucizevi ikilik dengesinde almay\u0131 vermeye d\u00f6n\u00fc\u015ft\u00fcren bir simyac\u0131 olmam\u0131z i\u00e7in var.\u201d   Kuantum fizi\u011fi alan\u0131nda akademik \u00e7al\u0131\u015fmalar yapan bir koca, ya\u015fam\u0131, varolu\u015fu anlamaya \u00e7al\u0131\u015fmaktan yorgun d\u00fc\u015ft\u00fc\u011f\u00fc bir anda alkole yenilmi\u015ftir. Kar\u0131s\u0131n\u0131n sevgisi ve bilge bir babaannenin dualar\u0131yla alkolden ar\u0131n\u0131p yeniden \u00e7al\u0131\u015fmalar\u0131na d\u00f6ner. Ancak her \u015feyi bilmeye kar\u015f\u0131 duydu\u011fu istek onu rahat b\u0131rakmaz; \u015fiddetini gitgide art\u0131r\u0131r ve onu \u00f6l\u00fcm\u00fcn \u201cher \u015fey\u201di bilebilece\u011fi tek ger\u00e7eklik oldu\u011fu fikrine g\u00f6t\u00fcr\u00fcr. Kar\u0131s\u0131n\u0131n da yan\u0131nda oldu\u011fu bir anda arabas\u0131n\u0131 h\u0131zl\u0131ca \u00f6l\u00fcme s\u00fcrer. Bu kaza kar\u0131s\u0131n\u0131 tekerlekli sandalyeye mahk\u00fbm b\u0131rak\u0131rken kendisini de \u00f6l\u00fcm\u00fcn e\u015fi\u011fine getirir. \u00d6l\u00fcmden ya\u015fama d\u00f6n\u00fc\u015f yolu hayat\u0131n i\u00e7inde s\u0131radanla\u015fm\u0131\u015f mucizeleri g\u00f6rmekle, s\u0131rlar\u0131 yumu\u015fatan dualar\u0131 i\u015fitmekle m\u00fcmk\u00fcn olacakt\u0131r. Pelin Erdo\u011fan Ho\u015f Geldin kitab\u0131nda, h\u0131rs ve korkularla ku\u015fat\u0131lm\u0131\u015f, t\u00fckenmi\u015f iki insan\u0131n iyilik ve sevgiyle \u0131\u015f\u0131\u011fa kavu\u015fmas\u0131n\u0131 mucizelerle dolu bir hik\u00e2ye e\u015fli\u011finde anlat\u0131yor bizlere. <\/p>\n","protected":false},"excerpt":{"rendered":"<p>\u201cHepimiz do\u011fum ve \u00f6l\u00fcm aras\u0131nda, \u00fcst \u00fcste binen saydam ser\u00fcvenler demetinde, bize ayr\u0131lm\u0131\u015f olan biricik yerimizde ya\u015f\u0131yoruz. Yer \u00e7ekti\u011fi s\u00fcrece\u2026 Yerin \u00e7ekmedi\u011fi yerde ba\u015fka bir varolu\u015f<span class=\"excerpt-hellip\"> [\u2026]<\/span><\/p>\n","protected":false},"featured_media":0,"template":"","meta":{"_monsterinsights_skip_tracking":false,"_monsterinsights_sitenote_active":false,"_monsterinsights_sitenote_note":"","_monsterinsights_sitenote_category":0},"product_brand":[],"product_cat":[12364,12376],"product_tag":[],"class_list":{"0":"post-754188","1":"product","2":"type-product","3":"status-publish","5":"product_cat-genel-konular","6":"product_cat-kisisel-gelisim","7":"pa_cilt-ciltsiz","8":"pa_tur-kitap","9":"pa_yayinevi-muptela-yayinevi","10":"pa_yazar-pelin-erdogan","12":"first","13":"instock","14":"sale","15":"shipping-taxable","16":"purchasable","17":"product-type-simple"},"_links":{"self":[{"href":"https:\/\/roveyayinevi.com.tr\/index.php\/wp-json\/wp\/v2\/product\/754188","targetHints":{"allow":["GET"]}}],"collection":[{"href":"https:\/\/roveyayinevi.com.tr\/index.php\/wp-json\/wp\/v2\/product"}],"about":[{"href":"https:\/\/roveyayinevi.com.tr\/index.php\/wp-json\/wp\/v2\/types\/product"}],"wp:attachment":[{"href":"https:\/\/roveyayinevi.com.tr\/index.php\/wp-json\/wp\/v2\/media?parent=754188"}],"wp:term":[{"taxonomy":"product_brand","embeddable":true,"href":"https:\/\/roveyayinevi.com.tr\/index.php\/wp-json\/wp\/v2\/product_brand?post=754188"},{"taxonomy":"product_cat","embeddable":true,"href":"https:\/\/roveyayinevi.com.tr\/index.php\/wp-json\/wp\/v2\/product_cat?post=754188"},{"taxonomy":"product_tag","embeddable":true,"href":"https:\/\/roveyayinevi.com.tr\/index.php\/wp-json\/wp\/v2\/product_tag?post=754188"}],"curies":[{"name":"wp","href":"https:\/\/api.w.org\/{rel}","templated":true}]}}