{"id":754184,"date":"2025-08-28T06:04:02","date_gmt":"2025-08-28T03:04:02","guid":{"rendered":"https:\/\/roveyayinevi.com.tr\/index.php\/urun\/insanligin-cocuklari\/"},"modified":"2026-04-16T03:07:43","modified_gmt":"2026-04-16T00:07:43","slug":"insanligin-cocuklari","status":"publish","type":"product","link":"https:\/\/roveyayinevi.com.tr\/index.php\/urun\/insanligin-cocuklari\/","title":{"rendered":"\u0130nsanl\u0131\u011f\u0131n \u00c7ocuklar\u0131"},"content":{"rendered":"<p>\u201cBUG\u00dcN &#8230; YERY\u00dcZ\u00dcNDE DO\u011eAN SON \u0130NSAN BUENOS AIRES BANL\u0130Y\u00d6LER\u0130NDEK\u0130 B\u0130R BARDA \u00c7IKAN KAVGADA \u00d6LD\u00dcR\u00dcLD\u00dc&#8230;\u201d   \u00d6d\u00fcll\u00fc yazar P. D. James, Agatha Christie sonras\u0131 \u0130ngiliz polisiye edebiyat\u0131n\u0131n Ruth Rendell\u2019la birlikte en b\u00fcy\u00fck iki isminden biri, nam\u0131 di\u011fer Polisiyenin Krali\u00e7esi. Y\u00f6netmen Alfonso Cuar\u00f3n taraf\u0131ndan 2008 y\u0131l\u0131nda beyaz perdeye uyarlanan \u0130nsanl\u0131\u011f\u0131n \u00c7ocuklar\u0131 ise distopya t\u00fcr\u00fcn\u00fcn en iyi \u00f6rneklerinden.   \u0130nsan \u0131rk\u0131 k\u0131s\u0131rla\u015fm\u0131\u015f, son nesil ise art\u0131k ya\u015flanmaya ba\u015flam\u0131\u015ft\u0131r. Gelecekten beklentisi olmayan ve kendilerinin ya\u015fayan son insanlar oldu\u011funu bilen toplumlarda intihar ve su\u00e7 oran\u0131 artt\u0131k\u00e7a uygarl\u0131k y\u0131ldan y\u0131la \u00e7\u00f6kmeye ba\u015flar. Bir sabah t\u00fcm haber kanallar\u0131nda d\u00fcnyan\u0131n en gen\u00e7 insan\u0131n\u0131n hayat\u0131n\u0131 kaybetti\u011fi duyurulunca insanlar kalan son umutlar\u0131n\u0131 da yitirirler.   \u0130ngiltere ise Xan Lyppiatt\u2019\u0131n despot y\u00f6netimi alt\u0131ndad\u0131r. Lyppiatt\u2019\u0131n tarih\u00e7i kuzeni Theo Faren, bu me\u015fum atmosferde yaln\u0131z ve umursamaz bir hayat s\u00fcrmeye \u00e7al\u0131\u015f\u0131yordur&#8230; ta ki Julian ad\u0131ndaki gen\u00e7 bir kad\u0131nla \u201ctesad\u00fcfi\u201d kar\u015f\u0131la\u015fmas\u0131 onu bir grup isyanc\u0131 muhalifle temasa ge\u00e7irene kadar. Faren\u2019\u0131n hayat\u0131 birdenbire geri d\u00f6n\u00fclmez bir \u015fekilde de\u011fi\u015fir. Verece\u011fi kararlar ise insan \u0131rk\u0131n\u0131n gelece\u011fini derinden etkileyecektir.   \u0130nsanl\u0131\u011f\u0131n sonu ile D\u00fcnya\u2019n\u0131n sonu apayr\u0131 \u015feyler olabilir mi?   \u0130nsanl\u0131\u011f\u0131n \u00c7ocuklar\u0131, gelece\u011fi yok olman\u0131n e\u015fi\u011finde bir \u0131rk\u0131n ac\u0131 portresi.   \u201cBir Hitchcock filmi kadar \u00fcrk\u00fct\u00fcc\u00fc ve gerilim dolu bir roman.\u201d \u2014The New Yorker \u201c\u0130nsan\u0131 ger\u00e7ekli\u011fine ikna eden, k\u0131\u015fk\u0131rt\u0131c\u0131 bir kitap.\u201d \u2014Chicago Sun Times<\/p>\n","protected":false},"excerpt":{"rendered":"<p>\u201cBUG\u00dcN &#8230; YERY\u00dcZ\u00dcNDE DO\u011eAN SON \u0130NSAN BUENOS AIRES BANL\u0130Y\u00d6LER\u0130NDEK\u0130 B\u0130R BARDA \u00c7IKAN KAVGADA \u00d6LD\u00dcR\u00dcLD\u00dc&#8230;\u201d \u00d6d\u00fcll\u00fc yazar P. D. James, Agatha Christie sonras\u0131 \u0130ngiliz polisiye edebiyat\u0131n\u0131n Ruth<span class=\"excerpt-hellip\"> [\u2026]<\/span><\/p>\n","protected":false},"featured_media":0,"template":"","meta":{"_monsterinsights_skip_tracking":false,"_monsterinsights_sitenote_active":false,"_monsterinsights_sitenote_note":"","_monsterinsights_sitenote_category":0},"product_brand":[],"product_cat":[12540,12291],"product_tag":[],"class_list":{"0":"post-754184","1":"product","2":"type-product","3":"status-publish","5":"product_cat-bilim-kurgu","6":"product_cat-edebiyat","7":"pa_cilt-ciltsiz","8":"pa_tur-kitap","9":"pa_yayinevi-ithaki-yayinlari","10":"pa_yazar-p-d-james","12":"first","13":"instock","14":"sale","15":"shipping-taxable","16":"purchasable","17":"product-type-simple"},"_links":{"self":[{"href":"https:\/\/roveyayinevi.com.tr\/index.php\/wp-json\/wp\/v2\/product\/754184","targetHints":{"allow":["GET"]}}],"collection":[{"href":"https:\/\/roveyayinevi.com.tr\/index.php\/wp-json\/wp\/v2\/product"}],"about":[{"href":"https:\/\/roveyayinevi.com.tr\/index.php\/wp-json\/wp\/v2\/types\/product"}],"wp:attachment":[{"href":"https:\/\/roveyayinevi.com.tr\/index.php\/wp-json\/wp\/v2\/media?parent=754184"}],"wp:term":[{"taxonomy":"product_brand","embeddable":true,"href":"https:\/\/roveyayinevi.com.tr\/index.php\/wp-json\/wp\/v2\/product_brand?post=754184"},{"taxonomy":"product_cat","embeddable":true,"href":"https:\/\/roveyayinevi.com.tr\/index.php\/wp-json\/wp\/v2\/product_cat?post=754184"},{"taxonomy":"product_tag","embeddable":true,"href":"https:\/\/roveyayinevi.com.tr\/index.php\/wp-json\/wp\/v2\/product_tag?post=754184"}],"curies":[{"name":"wp","href":"https:\/\/api.w.org\/{rel}","templated":true}]}}