{"id":754183,"date":"2025-08-28T06:04:00","date_gmt":"2025-08-28T03:04:00","guid":{"rendered":"https:\/\/roveyayinevi.com.tr\/index.php\/urun\/en-sevilen-dunya-masallari-10-kitap\/"},"modified":"2026-04-16T03:07:43","modified_gmt":"2026-04-16T00:07:43","slug":"en-sevilen-dunya-masallari-10-kitap","status":"publish","type":"product","link":"https:\/\/roveyayinevi.com.tr\/index.php\/urun\/en-sevilen-dunya-masallari-10-kitap\/","title":{"rendered":"En Sevilen D\u00fcnya Masallar\u0131 (10 Kitap)"},"content":{"rendered":"<p>Okumaya yeni ba\u015flayan \u00e7ocuklar\u0131n zevkle ve heyecanla okuyaca\u011f\u0131 bu seri, .MEB okuma-yazma programa uygun d\u00fcnya \u00e7ocuk edebiyat\u0131n\u0131n en se\u00e7kin \u00f6rneklerinden derlenmi\u015ftir. Set \u0130\u00e7eri\u011fi: 1.Hansel \u0130le Gratel \u2013 Grimm Karde\u015fler2.Kurtla Yedi O\u011flak Yavrusu &#8211; Grimm Karde\u015fler3.Pamuk Prenses \u0130le Yedi C\u00fcceler &#8211; Grimm Karde\u015fler4.Rapunzel &#8211; Grimm Karde\u015fler5.101 Dalma\u00e7yal\u0131 \u2013 Dodie Smith6.Bambi \u2013 Felix Salten7.K\u0131rm\u0131z\u0131 Ba\u015fl\u0131kl\u0131 K\u0131z \u2013 Grimm Karde\u015fler8.Ar\u0131 Maya \u2013 Waldemar Bonseis9.Fareli K\u00f6y\u00fcn Kavalc\u0131s\u0131 &#8211; Grimm Karde\u015fler10.Bremen M\u0131z\u0131kac\u0131lar\u0131 &#8211; Grimm Karde\u015fler <\/p>\n","protected":false},"excerpt":{"rendered":"<p>Okumaya yeni ba\u015flayan \u00e7ocuklar\u0131n zevkle ve heyecanla okuyaca\u011f\u0131 bu seri, .MEB okuma-yazma programa uygun d\u00fcnya \u00e7ocuk edebiyat\u0131n\u0131n en se\u00e7kin \u00f6rneklerinden derlenmi\u015ftir. Set \u0130\u00e7eri\u011fi: 1.Hansel \u0130le Gratel<span class=\"excerpt-hellip\"> [\u2026]<\/span><\/p>\n","protected":false},"featured_media":0,"template":"","meta":{"_monsterinsights_skip_tracking":false,"_monsterinsights_sitenote_active":false,"_monsterinsights_sitenote_note":"","_monsterinsights_sitenote_category":0},"product_brand":[],"product_cat":[12274],"product_tag":[],"class_list":{"0":"post-754183","1":"product","2":"type-product","3":"status-publish","5":"product_cat-cocuk-ve-genclik-kitaplari","6":"pa_cilt-set","7":"pa_tur-kitap","8":"pa_yayinevi-ema-kitap","9":"pa_yazar-kolektif","11":"first","12":"instock","13":"sale","14":"shipping-taxable","15":"purchasable","16":"product-type-simple"},"_links":{"self":[{"href":"https:\/\/roveyayinevi.com.tr\/index.php\/wp-json\/wp\/v2\/product\/754183","targetHints":{"allow":["GET"]}}],"collection":[{"href":"https:\/\/roveyayinevi.com.tr\/index.php\/wp-json\/wp\/v2\/product"}],"about":[{"href":"https:\/\/roveyayinevi.com.tr\/index.php\/wp-json\/wp\/v2\/types\/product"}],"wp:attachment":[{"href":"https:\/\/roveyayinevi.com.tr\/index.php\/wp-json\/wp\/v2\/media?parent=754183"}],"wp:term":[{"taxonomy":"product_brand","embeddable":true,"href":"https:\/\/roveyayinevi.com.tr\/index.php\/wp-json\/wp\/v2\/product_brand?post=754183"},{"taxonomy":"product_cat","embeddable":true,"href":"https:\/\/roveyayinevi.com.tr\/index.php\/wp-json\/wp\/v2\/product_cat?post=754183"},{"taxonomy":"product_tag","embeddable":true,"href":"https:\/\/roveyayinevi.com.tr\/index.php\/wp-json\/wp\/v2\/product_tag?post=754183"}],"curies":[{"name":"wp","href":"https:\/\/api.w.org\/{rel}","templated":true}]}}