{"id":754182,"date":"2025-08-28T06:03:58","date_gmt":"2025-08-28T03:03:58","guid":{"rendered":"https:\/\/roveyayinevi.com.tr\/index.php\/urun\/sertlesme-bozuklugu-tani-ve-tedavi-rehberi-5li-tedavi\/"},"modified":"2026-04-16T03:07:43","modified_gmt":"2026-04-16T00:07:43","slug":"sertlesme-bozuklugu-tani-ve-tedavi-rehberi-5li-tedavi","status":"publish","type":"product","link":"https:\/\/roveyayinevi.com.tr\/index.php\/urun\/sertlesme-bozuklugu-tani-ve-tedavi-rehberi-5li-tedavi\/","title":{"rendered":"Sertle\u015fme Bozuklu\u011fu Tan\u0131 ve Tedavi Rehberi \u2013 5\u2019li Tedavi"},"content":{"rendered":"<p>Sertle\u015fme sorunu ile ilgili merak etti\u011finiz sorular\u0131n neredeyse tamam\u0131n\u0131n cevab\u0131n\u0131 bu kitapta bulabilirsiniz. En g\u00fcncel tan\u0131 ve tedavi bilgilerini i\u00e7erir. Bu Kitab\u0131 okudu\u011funuzda; Sertle\u015fme sorunum ne kadar ciddi? Neden sertle\u015fme sorunum var ? Hangi tetkikler yap\u0131lmal\u0131? Cinsel terapiste mi yoksa \u00fcroloji uzman\u0131na m\u0131 gitmeliyim? Hangi tedavi benim i\u00e7in daha iyi ? Tedavim d\u00fczg\u00fcn uygulan\u0131yor mu ? sorular\u0131na rahatl\u0131kla cevap verebileceksiniz.<\/p>\n","protected":false},"excerpt":{"rendered":"<p>Sertle\u015fme sorunu ile ilgili merak etti\u011finiz sorular\u0131n neredeyse tamam\u0131n\u0131n cevab\u0131n\u0131 bu kitapta bulabilirsiniz. En g\u00fcncel tan\u0131 ve tedavi bilgilerini i\u00e7erir. Bu Kitab\u0131 okudu\u011funuzda; Sertle\u015fme sorunum ne<span class=\"excerpt-hellip\"> [\u2026]<\/span><\/p>\n","protected":false},"featured_media":0,"template":"","meta":{"_monsterinsights_skip_tracking":false,"_monsterinsights_sitenote_active":false,"_monsterinsights_sitenote_note":"","_monsterinsights_sitenote_category":0},"product_brand":[],"product_cat":[35288,13365],"product_tag":[],"class_list":{"0":"post-754182","1":"product","2":"type-product","3":"status-publish","5":"product_cat-cinsellik-saglik","6":"product_cat-saglik","7":"pa_cilt-ciltsiz","8":"pa_tur-kitap","9":"pa_yayinevi-bambuk-yayinevi","10":"pa_yazar-berk-karatas","12":"first","13":"instock","14":"sale","15":"shipping-taxable","16":"purchasable","17":"product-type-simple"},"_links":{"self":[{"href":"https:\/\/roveyayinevi.com.tr\/index.php\/wp-json\/wp\/v2\/product\/754182","targetHints":{"allow":["GET"]}}],"collection":[{"href":"https:\/\/roveyayinevi.com.tr\/index.php\/wp-json\/wp\/v2\/product"}],"about":[{"href":"https:\/\/roveyayinevi.com.tr\/index.php\/wp-json\/wp\/v2\/types\/product"}],"wp:attachment":[{"href":"https:\/\/roveyayinevi.com.tr\/index.php\/wp-json\/wp\/v2\/media?parent=754182"}],"wp:term":[{"taxonomy":"product_brand","embeddable":true,"href":"https:\/\/roveyayinevi.com.tr\/index.php\/wp-json\/wp\/v2\/product_brand?post=754182"},{"taxonomy":"product_cat","embeddable":true,"href":"https:\/\/roveyayinevi.com.tr\/index.php\/wp-json\/wp\/v2\/product_cat?post=754182"},{"taxonomy":"product_tag","embeddable":true,"href":"https:\/\/roveyayinevi.com.tr\/index.php\/wp-json\/wp\/v2\/product_tag?post=754182"}],"curies":[{"name":"wp","href":"https:\/\/api.w.org\/{rel}","templated":true}]}}