{"id":754181,"date":"2025-08-28T06:03:56","date_gmt":"2025-08-28T03:03:56","guid":{"rendered":"https:\/\/roveyayinevi.com.tr\/index.php\/urun\/ve-insan-kopekle-tanisti\/"},"modified":"2026-04-16T03:07:43","modified_gmt":"2026-04-16T00:07:43","slug":"ve-insan-kopekle-tanisti","status":"publish","type":"product","link":"https:\/\/roveyayinevi.com.tr\/index.php\/urun\/ve-insan-kopekle-tanisti\/","title":{"rendered":"Ve \u0130nsan K\u00f6pekle Tan\u0131\u015ft\u0131"},"content":{"rendered":"<p>\u00dcnl\u00fc davran\u0131\u015fbilimci Konrad Lorenz k\u00f6pe\u011fin evcille\u015fmesinin ve insanla ortak ya\u015fam\u0131n\u0131n \u00f6yk\u00fcs\u00fcn\u00fc e\u011flenceli bir dille anlat\u0131yor. B\u00f6ylece en eski zamanlarda, k\u00f6pekle insan aras\u0131ndaki ya\u015fam-\u00e7\u0131kar ortakl\u0131\u011f\u0131n\u0131n nas\u0131l kuruldu\u011funu ve aradan ge\u00e7en binlerce y\u0131lda, homo sapiens ile bir hayvan aras\u0131ndaki bu i\u00e7ten dostlu\u011fun nas\u0131l derinle\u015fti\u011fini g\u00f6rebiliyoruz. Lorenz, kimi kez insani \u00f6zellikler atfetti\u011fimiz bu sad\u0131k dostlar\u0131m\u0131z\u0131n davran\u0131\u015flar\u0131n\u0131, binlerce y\u0131ll\u0131k i\u00e7g\u00fcd\u00fcleri temel alarak a\u00e7\u0131kl\u0131yor. Ona g\u00f6re her k\u00f6pek \u0131rk\u0131n\u0131n, hatta tek tek her bir k\u00f6pe\u011fin, ancak onun geli\u015fim tarihini ve davran\u0131\u015f bi\u00e7imlerini tan\u0131makla ke\u015ffedilebilecek kendine \u00f6zg\u00fc bir karakteri var. <\/p>\n","protected":false},"excerpt":{"rendered":"<p>\u00dcnl\u00fc davran\u0131\u015fbilimci Konrad Lorenz k\u00f6pe\u011fin evcille\u015fmesinin ve insanla ortak ya\u015fam\u0131n\u0131n \u00f6yk\u00fcs\u00fcn\u00fc e\u011flenceli bir dille anlat\u0131yor. B\u00f6ylece en eski zamanlarda, k\u00f6pekle insan aras\u0131ndaki ya\u015fam-\u00e7\u0131kar ortakl\u0131\u011f\u0131n\u0131n nas\u0131l kuruldu\u011funu<span class=\"excerpt-hellip\"> [\u2026]<\/span><\/p>\n","protected":false},"featured_media":0,"template":"","meta":{"_monsterinsights_skip_tracking":false,"_monsterinsights_sitenote_active":false,"_monsterinsights_sitenote_note":"","_monsterinsights_sitenote_category":0},"product_brand":[],"product_cat":[13072,12291],"product_tag":[],"class_list":{"0":"post-754181","1":"product","2":"type-product","3":"status-publish","5":"product_cat-arastirma-inceleme-referans","6":"product_cat-edebiyat","7":"pa_cilt-ciltsiz","8":"pa_tur-kitap","9":"pa_yayinevi-alfa-yayinlari","10":"pa_yazar-konrad-lorenz","12":"first","13":"instock","14":"sale","15":"shipping-taxable","16":"purchasable","17":"product-type-simple"},"_links":{"self":[{"href":"https:\/\/roveyayinevi.com.tr\/index.php\/wp-json\/wp\/v2\/product\/754181","targetHints":{"allow":["GET"]}}],"collection":[{"href":"https:\/\/roveyayinevi.com.tr\/index.php\/wp-json\/wp\/v2\/product"}],"about":[{"href":"https:\/\/roveyayinevi.com.tr\/index.php\/wp-json\/wp\/v2\/types\/product"}],"wp:attachment":[{"href":"https:\/\/roveyayinevi.com.tr\/index.php\/wp-json\/wp\/v2\/media?parent=754181"}],"wp:term":[{"taxonomy":"product_brand","embeddable":true,"href":"https:\/\/roveyayinevi.com.tr\/index.php\/wp-json\/wp\/v2\/product_brand?post=754181"},{"taxonomy":"product_cat","embeddable":true,"href":"https:\/\/roveyayinevi.com.tr\/index.php\/wp-json\/wp\/v2\/product_cat?post=754181"},{"taxonomy":"product_tag","embeddable":true,"href":"https:\/\/roveyayinevi.com.tr\/index.php\/wp-json\/wp\/v2\/product_tag?post=754181"}],"curies":[{"name":"wp","href":"https:\/\/api.w.org\/{rel}","templated":true}]}}