{"id":754171,"date":"2025-08-28T06:03:37","date_gmt":"2025-08-28T03:03:37","guid":{"rendered":"https:\/\/roveyayinevi.com.tr\/index.php\/urun\/belediye-hizmetlerinde-ilkeler\/"},"modified":"2026-04-16T03:07:28","modified_gmt":"2026-04-16T00:07:28","slug":"belediye-hizmetlerinde-ilkeler","status":"publish","type":"product","link":"https:\/\/roveyayinevi.com.tr\/index.php\/urun\/belediye-hizmetlerinde-ilkeler\/","title":{"rendered":"Belediye Hizmetlerinde \u0130lkeler"},"content":{"rendered":"<p>G\u00fcn\u00fcm\u00fczde insan \u00f6l\u00e7e\u011finin kayboldu\u011fu kentlerde yatay planda h\u0131z ve h\u0131za ili\u015fkin yakla\u015f\u0131mlar, dikeyde ise y\u00fcksekli\u011fi esas alan uygulamalar kentsel olan\u0131 daha d\u00fczenli hale getirmeyi ama\u00e7larken ortaya b\u00fcy\u00fck bir kaos ve entropi toplumu \u00e7\u0131kartm\u0131\u015ft\u0131r. Saatte 5 km ortalamayla y\u00fcr\u00fcyen insan\u0131n art\u0131k \u00f6n\u00fcnden ge\u00e7ti\u011fi her \u015feyi ortalama 80 km h\u0131z ile alg\u0131lama zorunlulu\u011fu, onu kendi ba\u011flam\u0131ndan koparman\u0131n e\u015fi\u011fine getirmi\u015ftir. \u0130nsan\u0131n bir kentteki ya\u015fam kalitesinin \u00f6zel alanda ge\u00e7irdi\u011fi zamanla de\u011fil kamusal alanda ge\u00e7irdi\u011fi zaman dilimi i\u00e7inde belirlendi\u011fi g\u00f6z \u00f6n\u00fcne al\u0131n\u0131rsa ya\u015fam\u0131n mek\u00e2n\u0131 olan kentin davetk\u00e2r olmas\u0131 ve kamusal alanda kar\u015f\u0131la\u015fmaya ve \u2018konu\u015fmaya\u2019 imk\u00e2n tan\u0131mas\u0131 gerekmektedir. Kamusal alan fikrinin g\u00fc\u00e7l\u00fc oldu\u011fu toplumlarda bireyler aras\u0131nda ya\u015fam kalitesi a\u00e7\u0131s\u0131ndan u\u00e7urumun da nispi olarak daha az oldu\u011fu bilinen bir ger\u00e7ektir. G\u00fc\u00e7l\u00fc kamusal alan ise, kent hakk\u0131 ba\u015fta olmak \u00fczere y\u00f6neti\u015fim, planlama, kentsel estetik, mimarl\u0131k, konut kalitesi, ula\u015f\u0131m ve daha bir\u00e7ok kentsel olgunun \u00f6rg\u00fctlenmesindeki ba\u015far\u0131y\u0131 beraberinde getirmektedir. Bu \u00e7al\u0131\u015fma ayn\u0131 zamanda belediyelerin verdi\u011fi \u00e7e\u015fitli hizmetlerdeki ilkelere odaklanarak kamusal alan fikrini beslemeyi de ama\u00e7lamaktad\u0131r. Elinizdeki bu kitap kentlerimizde varolan sorunlar\u0131n \u00fcstesinden nas\u0131l gelinebilece\u011fine ili\u015fkin Kent Ara\u015ft\u0131rmalar\u0131 Enstit\u00fcs\u00fc\u2019nde yapt\u0131\u011f\u0131m\u0131z tart\u0131\u015fmalar\u0131n bir sonucu olarak kentsel katmanlar\u0131n \u00f6nemli olan baz\u0131 ba\u015fl\u0131klar\u0131ndaki iyi olana odaklanan bir \u00e7al\u0131\u015fma olarak do\u011fdu. Kitap, Kent Ara\u015ft\u0131rmalar\u0131 Enstit\u00fcs\u00fc\u2019n\u00fcn 2019\u2019un ikinci yar\u0131s\u0131nda yola \u00e7\u0131kt\u0131\u011f\u0131 Belediye Hizmet Rehberleri projesinin son halkas\u0131 olarak d\u00fc\u015f\u00fcn\u00fclebilir. Belediye Hizmet Rehberleri, son d\u00f6nemde kentle\u015fme alan\u0131nda kentsel ya\u015fam kalitesine ve belediye hizmetleri s\u00fcre\u00e7lerine en pratik ve m\u00fcbala\u011fas\u0131z en doyurucu katk\u0131y\u0131 sunan \u00f6nemli projelerden birisi olarak literat\u00fcrdeki yerini ald\u0131. Bu kitap da 21 rehberlik setin nihai \u00e7\u0131kt\u0131s\u0131 olarak okunabilir.<\/p>\n","protected":false},"excerpt":{"rendered":"<p>G\u00fcn\u00fcm\u00fczde insan \u00f6l\u00e7e\u011finin kayboldu\u011fu kentlerde yatay planda h\u0131z ve h\u0131za ili\u015fkin yakla\u015f\u0131mlar, dikeyde ise y\u00fcksekli\u011fi esas alan uygulamalar kentsel olan\u0131 daha d\u00fczenli hale getirmeyi ama\u00e7larken ortaya<span class=\"excerpt-hellip\"> [\u2026]<\/span><\/p>\n","protected":false},"featured_media":0,"template":"","meta":{"_monsterinsights_skip_tracking":false,"_monsterinsights_sitenote_active":false,"_monsterinsights_sitenote_note":"","_monsterinsights_sitenote_category":0},"product_brand":[],"product_cat":[12364],"product_tag":[],"class_list":{"0":"post-754171","1":"product","2":"type-product","3":"status-publish","5":"product_cat-genel-konular","6":"pa_cilt-ciltsiz","7":"pa_tur-kitap","8":"pa_yayinevi-idealkent-yayincilik","9":"pa_yazar-kolektif","11":"first","12":"instock","13":"sale","14":"shipping-taxable","15":"purchasable","16":"product-type-simple"},"_links":{"self":[{"href":"https:\/\/roveyayinevi.com.tr\/index.php\/wp-json\/wp\/v2\/product\/754171","targetHints":{"allow":["GET"]}}],"collection":[{"href":"https:\/\/roveyayinevi.com.tr\/index.php\/wp-json\/wp\/v2\/product"}],"about":[{"href":"https:\/\/roveyayinevi.com.tr\/index.php\/wp-json\/wp\/v2\/types\/product"}],"wp:attachment":[{"href":"https:\/\/roveyayinevi.com.tr\/index.php\/wp-json\/wp\/v2\/media?parent=754171"}],"wp:term":[{"taxonomy":"product_brand","embeddable":true,"href":"https:\/\/roveyayinevi.com.tr\/index.php\/wp-json\/wp\/v2\/product_brand?post=754171"},{"taxonomy":"product_cat","embeddable":true,"href":"https:\/\/roveyayinevi.com.tr\/index.php\/wp-json\/wp\/v2\/product_cat?post=754171"},{"taxonomy":"product_tag","embeddable":true,"href":"https:\/\/roveyayinevi.com.tr\/index.php\/wp-json\/wp\/v2\/product_tag?post=754171"}],"curies":[{"name":"wp","href":"https:\/\/api.w.org\/{rel}","templated":true}]}}