{"id":754170,"date":"2025-08-28T06:03:36","date_gmt":"2025-08-28T03:03:36","guid":{"rendered":"https:\/\/roveyayinevi.com.tr\/index.php\/urun\/konut-ve-yasam-cevreleri\/"},"modified":"2026-04-16T03:07:28","modified_gmt":"2026-04-16T00:07:28","slug":"konut-ve-yasam-cevreleri","status":"publish","type":"product","link":"https:\/\/roveyayinevi.com.tr\/index.php\/urun\/konut-ve-yasam-cevreleri\/","title":{"rendered":"Konut ve Ya\u015fam \u00c7evreleri"},"content":{"rendered":"<p>T\u00fcrkiye\u2019de in\u015faata dayal\u0131 ekonomik b\u00fcy\u00fcme modeli, b\u00fcy\u00fck \u00f6l\u00e7ekli altyap\u0131 ve konut projeleri, konut \u00fcretim seferberli\u011fi, sosyal konut projeleri ve kentsel d\u00f6n\u00fc\u015f\u00fcm hamlelerinin yan\u0131nda ortaya \u00e7\u0131kan konut ve ya\u015fam \u00e7evreleri krizini nas\u0131l yorumlayabiliriz? Orta Do\u011fu Teknik \u00dcniversitesi, \u015eehir ve B\u00f6lge Planlama B\u00f6l\u00fcm\u00fc \u00f6\u011fretim \u00fcyesi \u00d6. Burcu \u00d6zdemir Sar\u0131\u2019n\u0131n edit\u00f6rl\u00fc\u011f\u00fcn\u00fc \u00fcstlendi\u011fi Konut ve Ya\u015fam \u00c7evreleri: \u00c7ok Boyutlu Bir Sorun Alan\u0131; sosyal politikalara, konuta, kente, ya\u015fam \u00e7evrelerine ve alternatif ya\u015fam kurgular\u0131na ulusal ve k\u00fcresel \u00f6l\u00e7ekte odaklan\u0131yor. 21. y\u00fczy\u0131lda konut sorununun; yeterli, ya\u015fanabilir, insana yak\u0131\u015f\u0131r ve kar\u015f\u0131lanabilir konuta eri\u015fim krizine d\u00f6n\u00fc\u015ft\u00fc\u011f\u00fc iddias\u0131n\u0131 ta\u015f\u0131yan bu \u00e7al\u0131\u015fma, konut ve ya\u015fam \u00e7evrelerine ili\u015fkin konular\u0131 irdelemektedir. Bu \u00e7al\u0131\u015fma, \u00f6zellikle 2000\u2019li y\u0131llarda; iklim de\u011fi\u015fikli\u011fi, ekonomik krizler ve Covid-19 gibi k\u00fcresel \u00f6l\u00e7ekte etkileri olan olaylar\u0131n konut ve ya\u015fam alanlar\u0131m\u0131z\u0131 nas\u0131l etkiledi\u011fiyle ilgilenmektedir. Konuta eri\u015fim krizinin her ge\u00e7en g\u00fcn artt\u0131\u011f\u0131 g\u00fcn\u00fcm\u00fczde, d\u00fcnya \u00e7ap\u0131nda bu krizden etkilenen toplum kesimlerinin geni\u015fledi\u011fi bilinmektedir. Elinizdeki \u00e7al\u0131\u015fma, oda\u011f\u0131n\u0131 T\u00fcrkiye\u2019ye \u00e7evirdi\u011finde; son yirmi y\u0131ll\u0131k s\u00fcre\u00e7te, k\u00fcresel boyuttaki konut krizinin ulusal \u00f6l\u00e7ekteki yans\u0131malar\u0131n\u0131n yan\u0131 s\u0131ra konut ve ya\u015fam \u00e7evrelerinde \u00fclkemize \u00f6zg\u00fc \u00e7ok say\u0131da konu ve sorun alan\u0131 geli\u015fti\u011fini ortaya koymaktad\u0131r. \u0130dealKent Yay\u0131nlar\u0131 Konut Kitap Dizisi kapsam\u0131nda bas\u0131lan, Konut ve Ya\u015fam \u00c7evreleri: \u00c7ok Boyutlu Bir Sorun Alan\u0131; mimarl\u0131k, \u015fehir planlama, kentsel politika, sosyoloji gibi alanlardan beslenen \u00e7ok disiplinli bir \u00e7al\u0131\u015fmad\u0131r. Sosyal konut politikalar\u0131ndan afetlere diren\u00e7li konut politikalar\u0131na, enerji verimlilik yakla\u015f\u0131mlar\u0131ndan yak\u0131t yoksullu\u011funa, Covid-19 salg\u0131n\u0131ndan toplumsal cinsiyete, toplu konut alanlar\u0131nda mek\u00e2n kalitesinden s\u00fcrd\u00fcr\u00fclebilirlik kavram\u0131na bir\u00e7ok konuda yol a\u00e7\u0131c\u0131 olan bu \u00e7al\u0131\u015fma, okurlar\u0131 konut krizi hakk\u0131nda soru sormaya ve ortak \u00e7\u00f6z\u00fcmler aramaya davet ediyor.<\/p>\n","protected":false},"excerpt":{"rendered":"<p>T\u00fcrkiye\u2019de in\u015faata dayal\u0131 ekonomik b\u00fcy\u00fcme modeli, b\u00fcy\u00fck \u00f6l\u00e7ekli altyap\u0131 ve konut projeleri, konut \u00fcretim seferberli\u011fi, sosyal konut projeleri ve kentsel d\u00f6n\u00fc\u015f\u00fcm hamlelerinin yan\u0131nda ortaya \u00e7\u0131kan konut<span class=\"excerpt-hellip\"> [\u2026]<\/span><\/p>\n","protected":false},"featured_media":0,"template":"","meta":{"_monsterinsights_skip_tracking":false,"_monsterinsights_sitenote_active":false,"_monsterinsights_sitenote_note":"","_monsterinsights_sitenote_category":0},"product_brand":[],"product_cat":[12364],"product_tag":[],"class_list":{"0":"post-754170","1":"product","2":"type-product","3":"status-publish","5":"product_cat-genel-konular","6":"pa_cilt-ciltsiz","7":"pa_tur-kitap","8":"pa_yayinevi-idealkent-yayincilik","9":"pa_yazar-kolektif","11":"first","12":"instock","13":"sale","14":"shipping-taxable","15":"purchasable","16":"product-type-simple"},"_links":{"self":[{"href":"https:\/\/roveyayinevi.com.tr\/index.php\/wp-json\/wp\/v2\/product\/754170","targetHints":{"allow":["GET"]}}],"collection":[{"href":"https:\/\/roveyayinevi.com.tr\/index.php\/wp-json\/wp\/v2\/product"}],"about":[{"href":"https:\/\/roveyayinevi.com.tr\/index.php\/wp-json\/wp\/v2\/types\/product"}],"wp:attachment":[{"href":"https:\/\/roveyayinevi.com.tr\/index.php\/wp-json\/wp\/v2\/media?parent=754170"}],"wp:term":[{"taxonomy":"product_brand","embeddable":true,"href":"https:\/\/roveyayinevi.com.tr\/index.php\/wp-json\/wp\/v2\/product_brand?post=754170"},{"taxonomy":"product_cat","embeddable":true,"href":"https:\/\/roveyayinevi.com.tr\/index.php\/wp-json\/wp\/v2\/product_cat?post=754170"},{"taxonomy":"product_tag","embeddable":true,"href":"https:\/\/roveyayinevi.com.tr\/index.php\/wp-json\/wp\/v2\/product_tag?post=754170"}],"curies":[{"name":"wp","href":"https:\/\/api.w.org\/{rel}","templated":true}]}}