{"id":754168,"date":"2025-08-28T06:03:32","date_gmt":"2025-08-28T03:03:32","guid":{"rendered":"https:\/\/roveyayinevi.com.tr\/index.php\/urun\/gorunmez-krallik-3\/"},"modified":"2026-04-16T03:07:28","modified_gmt":"2026-04-16T00:07:28","slug":"gorunmez-krallik-3","status":"publish","type":"product","link":"https:\/\/roveyayinevi.com.tr\/index.php\/urun\/gorunmez-krallik-3\/","title":{"rendered":"G\u00f6r\u00fcnmez Krall\u0131k 3"},"content":{"rendered":"<p>Direni\u015fin Yolu   Galaksinin en karanl\u0131k derinliklerine ka\u00e7an Grix, Vess ve Sundog m\u00fcrettebat\u0131n geri kalan\u0131 yeni ortaya \u00e7\u0131kan bir Hi\u00e7 kolu taraf\u0131ndan al\u0131konuldular ve \u015fimdi, D\u00f6n\u00fc\u015f\u00fc Olmayan Nokta ile y\u00fczle\u015fmek zorundalar. Ka\u00e7\u0131\u015f imk\u00e2ns\u0131z oldu\u011funda ise tek se\u00e7enek, devrim olur. Ama devrim a\u011flar\u0131 ilmek ilmek \u00f6r\u00fcl\u00fcrken, Yeniden Do\u011fu\u015f Karde\u015fli\u011fi\u2019nin akla hayale gelmeyen planlar\u0131 ortaya \u00e7\u0131kt\u0131.   Kime g\u00fcvencekler? Vess, y\u0131k\u0131m\u0131 m\u0131 se\u00e7ecek\u2026 a\u015fk\u0131 m\u0131? Ve Grix, her \u015feye ra\u011fmen imk\u00e2ns\u0131z\u0131 deneyecek mi?   Eisner \u00f6d\u00fcll\u00fc bilim kurgu efsanesinin sonu! <\/p>\n","protected":false},"excerpt":{"rendered":"<p>Direni\u015fin Yolu Galaksinin en karanl\u0131k derinliklerine ka\u00e7an Grix, Vess ve Sundog m\u00fcrettebat\u0131n geri kalan\u0131 yeni ortaya \u00e7\u0131kan bir Hi\u00e7 kolu taraf\u0131ndan al\u0131konuldular ve \u015fimdi, D\u00f6n\u00fc\u015f\u00fc Olmayan<span class=\"excerpt-hellip\"> [\u2026]<\/span><\/p>\n","protected":false},"featured_media":0,"template":"","meta":{"_monsterinsights_skip_tracking":false,"_monsterinsights_sitenote_active":false,"_monsterinsights_sitenote_note":"","_monsterinsights_sitenote_category":0},"product_brand":[],"product_cat":[12416,12291],"product_tag":[],"class_list":{"0":"post-754168","1":"product","2":"type-product","3":"status-publish","5":"product_cat-cizgi-roman","6":"product_cat-edebiyat","7":"pa_cilt-ciltsiz","8":"pa_tur-kitap","9":"pa_yayinevi-kara-karga-yayinlari","10":"pa_yazar-g-willow-wilson-christian-ward","12":"first","13":"instock","14":"sale","15":"shipping-taxable","16":"purchasable","17":"product-type-simple"},"_links":{"self":[{"href":"https:\/\/roveyayinevi.com.tr\/index.php\/wp-json\/wp\/v2\/product\/754168","targetHints":{"allow":["GET"]}}],"collection":[{"href":"https:\/\/roveyayinevi.com.tr\/index.php\/wp-json\/wp\/v2\/product"}],"about":[{"href":"https:\/\/roveyayinevi.com.tr\/index.php\/wp-json\/wp\/v2\/types\/product"}],"wp:attachment":[{"href":"https:\/\/roveyayinevi.com.tr\/index.php\/wp-json\/wp\/v2\/media?parent=754168"}],"wp:term":[{"taxonomy":"product_brand","embeddable":true,"href":"https:\/\/roveyayinevi.com.tr\/index.php\/wp-json\/wp\/v2\/product_brand?post=754168"},{"taxonomy":"product_cat","embeddable":true,"href":"https:\/\/roveyayinevi.com.tr\/index.php\/wp-json\/wp\/v2\/product_cat?post=754168"},{"taxonomy":"product_tag","embeddable":true,"href":"https:\/\/roveyayinevi.com.tr\/index.php\/wp-json\/wp\/v2\/product_tag?post=754168"}],"curies":[{"name":"wp","href":"https:\/\/api.w.org\/{rel}","templated":true}]}}