{"id":754166,"date":"2025-08-28T06:03:29","date_gmt":"2025-08-28T03:03:29","guid":{"rendered":"https:\/\/roveyayinevi.com.tr\/index.php\/urun\/saglikli-ahlakli-ve-mutlu-kiz-cocugu-yetistirmek\/"},"modified":"2026-04-16T03:07:28","modified_gmt":"2026-04-16T00:07:28","slug":"saglikli-ahlakli-ve-mutlu-kiz-cocugu-yetistirmek","status":"publish","type":"product","link":"https:\/\/roveyayinevi.com.tr\/index.php\/urun\/saglikli-ahlakli-ve-mutlu-kiz-cocugu-yetistirmek\/","title":{"rendered":"Sa\u011fl\u0131kl\u0131, Ahlakl\u0131 ve Mutlu K\u0131z \u00c7ocu\u011fu Yeti\u015ftirmek"},"content":{"rendered":"<p>\u201cBa\u011f\u0131rmayan Anneler\u201d kitab\u0131n\u0131n yazar\u0131 Hatice K\u00fcbra Tongar\u2019\u0131n uzmanl\u0131\u011f\u0131 ve deneyimleriyle kaleme al\u0131nan bu kitap, modern d\u00fcnyadaki ebeveynlik zorluklar\u0131na ve \u00e7\u00f6z\u00fcm \u00f6nerilerine odaklan\u0131yor. Cinsiyet rollerine kar\u015f\u0131 yap\u0131lan her t\u00fcrl\u00fc olumsuzlukla m\u00fccadele edebilen, teknolojiyi y\u00f6netebilen, \u00f6z g\u00fcvenli, kendine sayg\u0131 duyan, Rabbiyle ba\u011f kuran, i\u00e7 sesini i\u015fiten bir k\u0131z \u00e7ocu\u011fu yeti\u015ftirmenin yol haritas\u0131 i\u00e7in do\u011fru ana baba duru\u015flar\u0131, bu kitab\u0131n sat\u0131rlar\u0131ndan evlerinize ula\u015f\u0131yor. G\u00fc\u00e7l\u00fc \u00f6rnekler ve anekdotlarla okuyucuyu motive ederken kapsaml\u0131 ara\u015ft\u0131rmalar ve pedagojik yakla\u015f\u0131mlarla verilen bilgileri destekleyen kitap, k\u0131z \u00e7ocuklar\u0131n\u0131n potansiyelini ke\u015ffetmek ve onlara rehberlik etmek i\u00e7in t\u00fcm ebeveynlere yol haritas\u0131 sunuyor. Kendinizi ve k\u0131z \u00e7ocu\u011funuzu daha iyi anlamak, onlar\u0131n gelece\u011fini \u015fekillendirecek ad\u0131mlar\u0131 atmak i\u00e7in \u201cK\u0131z \u00c7ocu\u011fu Yeti\u015ftirmek\u201d bu \u00e7a\u011fda k\u0131z annesi ve babas\u0131 olma kayg\u0131lar\u0131n\u0131z\u0131 bir nebze de olsa hafifletecek. Hatice K\u00fcbra Tongar\u2019\u0131n de\u011ferli bilgileriyle dolu bu eser, ebeveynlik yolculu\u011funuzda size rehberlik edecek&#8230; <\/p>\n","protected":false},"excerpt":{"rendered":"<p>\u201cBa\u011f\u0131rmayan Anneler\u201d kitab\u0131n\u0131n yazar\u0131 Hatice K\u00fcbra Tongar\u2019\u0131n uzmanl\u0131\u011f\u0131 ve deneyimleriyle kaleme al\u0131nan bu kitap, modern d\u00fcnyadaki ebeveynlik zorluklar\u0131na ve \u00e7\u00f6z\u00fcm \u00f6nerilerine odaklan\u0131yor. Cinsiyet rollerine kar\u015f\u0131 yap\u0131lan<span class=\"excerpt-hellip\"> [\u2026]<\/span><\/p>\n","protected":false},"featured_media":0,"template":"","meta":{"_monsterinsights_skip_tracking":false,"_monsterinsights_sitenote_active":false,"_monsterinsights_sitenote_note":"","_monsterinsights_sitenote_category":0},"product_brand":[],"product_cat":[12679,12357],"product_tag":[],"class_list":{"0":"post-754166","1":"product","2":"type-product","3":"status-publish","5":"product_cat-cocuk-psikolojisi","6":"product_cat-psikoloji","7":"pa_cilt-ciltsiz","8":"pa_tur-kitap","9":"pa_yayinevi-aile-yayinlari","10":"pa_yazar-hatice-kubra-tongar","12":"first","13":"instock","14":"sale","15":"shipping-taxable","16":"purchasable","17":"product-type-simple"},"_links":{"self":[{"href":"https:\/\/roveyayinevi.com.tr\/index.php\/wp-json\/wp\/v2\/product\/754166","targetHints":{"allow":["GET"]}}],"collection":[{"href":"https:\/\/roveyayinevi.com.tr\/index.php\/wp-json\/wp\/v2\/product"}],"about":[{"href":"https:\/\/roveyayinevi.com.tr\/index.php\/wp-json\/wp\/v2\/types\/product"}],"wp:attachment":[{"href":"https:\/\/roveyayinevi.com.tr\/index.php\/wp-json\/wp\/v2\/media?parent=754166"}],"wp:term":[{"taxonomy":"product_brand","embeddable":true,"href":"https:\/\/roveyayinevi.com.tr\/index.php\/wp-json\/wp\/v2\/product_brand?post=754166"},{"taxonomy":"product_cat","embeddable":true,"href":"https:\/\/roveyayinevi.com.tr\/index.php\/wp-json\/wp\/v2\/product_cat?post=754166"},{"taxonomy":"product_tag","embeddable":true,"href":"https:\/\/roveyayinevi.com.tr\/index.php\/wp-json\/wp\/v2\/product_tag?post=754166"}],"curies":[{"name":"wp","href":"https:\/\/api.w.org\/{rel}","templated":true}]}}