{"id":754165,"date":"2025-08-28T06:03:26","date_gmt":"2025-08-28T03:03:26","guid":{"rendered":"https:\/\/roveyayinevi.com.tr\/index.php\/urun\/arap-dilinde-edimbilimin-kokenleri\/"},"modified":"2026-04-16T03:07:28","modified_gmt":"2026-04-16T00:07:28","slug":"arap-dilinde-edimbilimin-kokenleri","status":"publish","type":"product","link":"https:\/\/roveyayinevi.com.tr\/index.php\/urun\/arap-dilinde-edimbilimin-kokenleri\/","title":{"rendered":"Arap Dilinde Edimbilimin K\u00f6kenleri"},"content":{"rendered":"<p>Edimbilim, bir yakla\u015f\u0131m olarak hicri ilk as\u0131rlardan beri Arap dilinde pek \u00e7ok alanda kullan\u0131lmakla beraber, bir bilim dal\u0131 olarak g\u00fcn\u00fcm\u00fcz dilbilim \u00e7al\u0131\u015fmalar\u0131n\u0131n mahsul\u00fcd\u00fcr. Zira edimbilim bir bilim dal\u0131 olarak Amerika ve Fransa men\u015feli olup 20. y\u00fczy\u0131lda ortaya \u00e7\u0131km\u0131\u015ft\u0131r. G\u00fcncel ile klasi\u011fin mukayesesi niteli\u011fi ta\u015f\u0131yan bu \u00e7al\u0131\u015fma, Bat\u0131 d\u00fcnyas\u0131nda ortaya \u00e7\u0131kan edimbilimi klasik Arap dili nahiv ve belagat ilimlerinde ele al\u0131n\u0131\u015f boyutlar\u0131yla incelemektedir. Nahiv ilmi; dili, dilsel \u00f6geler aras\u0131ndaki ili\u015fkileri a\u00e7\u0131s\u0131ndan incelerken ihtiya\u00e7 durumunda konu\u015fmac\u0131n\u0131n kast\u0131, muhatab\u0131n hali, ba\u011flam, \u00f6nvarsay\u0131m ve sezdirim gibi edimbilimsel \u00f6zelliklere de m\u00fcracaat etmektedir. Belagat ilmi ise kullan\u0131c\u0131lar ve ba\u011flam a\u00e7\u0131s\u0131ndan ortaya \u00e7\u0131kan anlam de\u011fi\u015fimlerini incelemesiyle edimbilimsel yakla\u015f\u0131m\u0131n klasik Arap dilbilimindeki bi\u00e7imi oldu\u011fu s\u00f6ylenebilir.<\/p>\n","protected":false},"excerpt":{"rendered":"<p>Edimbilim, bir yakla\u015f\u0131m olarak hicri ilk as\u0131rlardan beri Arap dilinde pek \u00e7ok alanda kullan\u0131lmakla beraber, bir bilim dal\u0131 olarak g\u00fcn\u00fcm\u00fcz dilbilim \u00e7al\u0131\u015fmalar\u0131n\u0131n mahsul\u00fcd\u00fcr. Zira edimbilim bir<span class=\"excerpt-hellip\"> [\u2026]<\/span><\/p>\n","protected":false},"featured_media":0,"template":"","meta":{"_monsterinsights_skip_tracking":false,"_monsterinsights_sitenote_active":false,"_monsterinsights_sitenote_note":"","_monsterinsights_sitenote_category":0},"product_brand":[],"product_cat":[20225,12291],"product_tag":[],"class_list":{"0":"post-754165","1":"product","2":"type-product","3":"status-publish","5":"product_cat-dil-bilim","6":"product_cat-edebiyat","7":"pa_cilt-ciltsiz","8":"pa_tur-kitap","9":"pa_yayinevi-soncag-akademik-kitaplar","10":"pa_yazar-yusuf-akyuz","12":"first","13":"instock","14":"sale","15":"shipping-taxable","16":"purchasable","17":"product-type-simple"},"_links":{"self":[{"href":"https:\/\/roveyayinevi.com.tr\/index.php\/wp-json\/wp\/v2\/product\/754165","targetHints":{"allow":["GET"]}}],"collection":[{"href":"https:\/\/roveyayinevi.com.tr\/index.php\/wp-json\/wp\/v2\/product"}],"about":[{"href":"https:\/\/roveyayinevi.com.tr\/index.php\/wp-json\/wp\/v2\/types\/product"}],"wp:attachment":[{"href":"https:\/\/roveyayinevi.com.tr\/index.php\/wp-json\/wp\/v2\/media?parent=754165"}],"wp:term":[{"taxonomy":"product_brand","embeddable":true,"href":"https:\/\/roveyayinevi.com.tr\/index.php\/wp-json\/wp\/v2\/product_brand?post=754165"},{"taxonomy":"product_cat","embeddable":true,"href":"https:\/\/roveyayinevi.com.tr\/index.php\/wp-json\/wp\/v2\/product_cat?post=754165"},{"taxonomy":"product_tag","embeddable":true,"href":"https:\/\/roveyayinevi.com.tr\/index.php\/wp-json\/wp\/v2\/product_tag?post=754165"}],"curies":[{"name":"wp","href":"https:\/\/api.w.org\/{rel}","templated":true}]}}