{"id":754164,"date":"2025-08-28T06:03:24","date_gmt":"2025-08-28T03:03:24","guid":{"rendered":"https:\/\/roveyayinevi.com.tr\/index.php\/urun\/insanlik-tarihinde-erdem-arayisi\/"},"modified":"2026-04-16T03:07:28","modified_gmt":"2026-04-16T00:07:28","slug":"insanlik-tarihinde-erdem-arayisi","status":"publish","type":"product","link":"https:\/\/roveyayinevi.com.tr\/index.php\/urun\/insanlik-tarihinde-erdem-arayisi\/","title":{"rendered":"\u0130nsanl\u0131k Tarihinde Erdem Aray\u0131\u015f\u0131"},"content":{"rendered":"<p>Bu kitapta, yolumuzu, hayat\u0131m\u0131z\u0131 ve d\u00fcnyam\u0131z\u0131 ayd\u0131nlatan de\u011ferler demeti dedi\u011fimiz kadim hasletlerimiz; modern d\u00fcnyan\u0131n \u00f6ne \u00e7\u0131kartmaya \u00e7al\u0131\u015ft\u0131\u011f\u0131, ancak, uygulamada t\u00f6kezlendikleri veya samimi olmad\u0131klar\u0131 birtak\u0131m ilkeler, vahyin \u0131\u015f\u0131\u011f\u0131nda de\u011ferlendirmeye ve anlat\u0131lmaya \u00e7al\u0131\u015f\u0131lm\u0131\u015ft\u0131r. Birtak\u0131m \u00e2lim ve bilim adamlar\u0131n\u0131n g\u00f6r\u00fc\u015flerine yer verilmi\u015ftir. Allah\u2019\u0131n s\u0131fatlar\u0131ndan hareketle i\u015faret edilen de\u011ferler Kur\u2019an\u2019\u0131n \u00f6ne \u00e7\u0131kard\u0131\u011f\u0131 erdemlerdir. Elinizdeki bu \u00e7al\u0131\u015fmada, de\u011ferlerin, birey ve toplum \u00fczerindeki etkilerine de\u011finilmi\u015ftir. Ahl\u00e2ki de\u011ferler, toplumsal hayat\u0131 d\u00fczenleyen ve \u015fekillendiren \u00f6nemli bir etkiye sahiptir. Bu de\u011ferler, bireyin davran\u0131\u015flar\u0131n\u0131 belirler, ki\u015fisel kimli\u011fini olu\u015fturur ve toplum i\u00e7indeki davran\u0131\u015flar\u0131n\u0131 belirler. Toplumsal d\u00fczenin korunmas\u0131 ve istikrar\u0131n sa\u011flanmas\u0131 konusunda b\u00fcy\u00fck etkileri olan bu \u00e2hlak\u00ee de\u011ferlerin i\u00e7selle\u015ftirilmesi, sa\u011fl\u0131kl\u0131 bir toplum i\u00e7in b\u00fcy\u00fck \u00f6nem arz etti\u011fini d\u00fc\u015f\u00fcn\u00fcyorum. Pop\u00fcler k\u00fclt\u00fcr\u00fcn bu denli yayg\u0131nla\u015ft\u0131\u011f\u0131, h\u0131z ve haz pe\u015finde ko\u015fman\u0131n reva\u00e7ta oldu\u011fu bir zaman diliminde, gen\u00e7lerin kendi de\u011ferlerine sar\u0131lmalar\u0131n\u0131 \u00e7ok \u00f6nemsiyorum. Erdemli bir toplumun in\u015fas\u0131nda gen\u00e7lerin \u00fcstlenecekleri rol\u00fc \u00f6nemsiyor, kendilerine g\u00fcveniyorum. Bu \u00e7al\u0131\u015fmay\u0131 sevgili gen\u00e7lere arma\u011fan ediyorum. <\/p>\n","protected":false},"excerpt":{"rendered":"<p>Bu kitapta, yolumuzu, hayat\u0131m\u0131z\u0131 ve d\u00fcnyam\u0131z\u0131 ayd\u0131nlatan de\u011ferler demeti dedi\u011fimiz kadim hasletlerimiz; modern d\u00fcnyan\u0131n \u00f6ne \u00e7\u0131kartmaya \u00e7al\u0131\u015ft\u0131\u011f\u0131, ancak, uygulamada t\u00f6kezlendikleri veya samimi olmad\u0131klar\u0131 birtak\u0131m ilkeler, vahyin<span class=\"excerpt-hellip\"> [\u2026]<\/span><\/p>\n","protected":false},"featured_media":0,"template":"","meta":{"_monsterinsights_skip_tracking":false,"_monsterinsights_sitenote_active":false,"_monsterinsights_sitenote_note":"","_monsterinsights_sitenote_category":0},"product_brand":[],"product_cat":[12777,12291],"product_tag":[],"class_list":{"0":"post-754164","1":"product","2":"type-product","3":"status-publish","5":"product_cat-deneme","6":"product_cat-edebiyat","7":"pa_cilt-ciltsiz","8":"pa_tur-kitap","9":"pa_yayinevi-gulnar-yayinlari","10":"pa_yazar-m-sait-ulucay","12":"first","13":"instock","14":"sale","15":"shipping-taxable","16":"purchasable","17":"product-type-simple"},"_links":{"self":[{"href":"https:\/\/roveyayinevi.com.tr\/index.php\/wp-json\/wp\/v2\/product\/754164","targetHints":{"allow":["GET"]}}],"collection":[{"href":"https:\/\/roveyayinevi.com.tr\/index.php\/wp-json\/wp\/v2\/product"}],"about":[{"href":"https:\/\/roveyayinevi.com.tr\/index.php\/wp-json\/wp\/v2\/types\/product"}],"wp:attachment":[{"href":"https:\/\/roveyayinevi.com.tr\/index.php\/wp-json\/wp\/v2\/media?parent=754164"}],"wp:term":[{"taxonomy":"product_brand","embeddable":true,"href":"https:\/\/roveyayinevi.com.tr\/index.php\/wp-json\/wp\/v2\/product_brand?post=754164"},{"taxonomy":"product_cat","embeddable":true,"href":"https:\/\/roveyayinevi.com.tr\/index.php\/wp-json\/wp\/v2\/product_cat?post=754164"},{"taxonomy":"product_tag","embeddable":true,"href":"https:\/\/roveyayinevi.com.tr\/index.php\/wp-json\/wp\/v2\/product_tag?post=754164"}],"curies":[{"name":"wp","href":"https:\/\/api.w.org\/{rel}","templated":true}]}}