{"id":754163,"date":"2025-08-28T06:03:22","date_gmt":"2025-08-28T03:03:22","guid":{"rendered":"https:\/\/roveyayinevi.com.tr\/index.php\/urun\/kerkuk-sairleri-irak-turkmen-sairleri\/"},"modified":"2026-04-16T03:07:28","modified_gmt":"2026-04-16T00:07:28","slug":"kerkuk-sairleri-irak-turkmen-sairleri","status":"publish","type":"product","link":"https:\/\/roveyayinevi.com.tr\/index.php\/urun\/kerkuk-sairleri-irak-turkmen-sairleri\/","title":{"rendered":"Kerk\u00fck \u015eairleri &#8221; Irak T\u00fcrkmen \u015eairleri&#8221;"},"content":{"rendered":"<p>Bu kitab,\u0259sas\u0259n son ill\u0259rd\u0259 ya\u015fayan K\u0259rk\u00fck \u015fairl\u0259ri il\u0259 ba\u011fl\u0131d\u0131r. Bu \u0259s\u0259rimizin \u0130raq T\u00fcrkmanlar\u0131na aid t\u0259dqiqatlar\u0131n \u00e7at\u0131\u015fmazl\u0131\u011f\u0131na v\u0259 T\u00fcrkmanlar\u0131n unudulma\u011fa \u00fcz tutmu\u015flu\u011funa diqq\u0259t \u00e7\u0259k\u0259c\u0259yini, eyni zamanda, T\u00fcrkman \u0259d\u0259biyyat\u0131 v\u0259 \u015fairl\u0259ri haqq\u0131nda Az\u0259rbaycanda b\u00f6y\u00fck bir bo\u015flu\u011fu dolduraca\u011f\u0131na inan\u0131r\u0131q.   \u201cK\u0259rk\u00fck \u015fairl\u0259ri\u201d kitab\u0131nda sad\u0259c\u0259 100 \u0130raq T\u00fcrkman \u015fairinin bioqrafiyas\u0131n\u0131 v\u0259 \u015feirl\u0259rini Az\u0259rbaycan t\u00fcrkc\u0259sin\u0259 t\u0259rc\u00fcm\u0259 ed\u0259 bildik. \u0130n\u015fallah g\u0259l\u0259c\u0259kd\u0259 dig\u0259r T\u00fcrkman \u015fair v\u0259 yaz\u0131\u00e7\u0131lar\u0131n\u0131n da \u0259s\u0259rl\u0259rini t\u0259rc\u00fcm\u0259 etm\u0259y\u0259 s\u00f6z veririk. Bunu x\u00fcsusil\u0259 qeyd etm\u0259k ist\u0259yirik ki, K\u0259rk\u00fck ad\u0131 \u0130raq T\u00fcrkl\u0259rinin r\u0259mzi ad\u0131 oldu\u011funa g\u00f6r\u0259 kitab\u0131m\u0131za \u201cK\u0259rk\u00fck \u015eairl\u0259ri\u201d ad\u0131n\u0131 vermi\u015fik. <\/p>\n","protected":false},"excerpt":{"rendered":"<p>Bu kitab,\u0259sas\u0259n son ill\u0259rd\u0259 ya\u015fayan K\u0259rk\u00fck \u015fairl\u0259ri il\u0259 ba\u011fl\u0131d\u0131r. Bu \u0259s\u0259rimizin \u0130raq T\u00fcrkmanlar\u0131na aid t\u0259dqiqatlar\u0131n \u00e7at\u0131\u015fmazl\u0131\u011f\u0131na v\u0259 T\u00fcrkmanlar\u0131n unudulma\u011fa \u00fcz tutmu\u015flu\u011funa diqq\u0259t \u00e7\u0259k\u0259c\u0259yini, eyni zamanda, T\u00fcrkman<span class=\"excerpt-hellip\"> [\u2026]<\/span><\/p>\n","protected":false},"featured_media":0,"template":"","meta":{"_monsterinsights_skip_tracking":false,"_monsterinsights_sitenote_active":false,"_monsterinsights_sitenote_note":"","_monsterinsights_sitenote_category":0},"product_brand":[],"product_cat":[14060,12291],"product_tag":[],"class_list":{"0":"post-754163","1":"product","2":"type-product","3":"status-publish","5":"product_cat-antoloji","6":"product_cat-edebiyat","7":"pa_cilt-ciltsiz","8":"pa_tur-kitap","9":"pa_yayinevi-gulnar-yayinlari","10":"pa_yazar-kolektif","12":"first","13":"instock","14":"sale","15":"shipping-taxable","16":"purchasable","17":"product-type-simple"},"_links":{"self":[{"href":"https:\/\/roveyayinevi.com.tr\/index.php\/wp-json\/wp\/v2\/product\/754163","targetHints":{"allow":["GET"]}}],"collection":[{"href":"https:\/\/roveyayinevi.com.tr\/index.php\/wp-json\/wp\/v2\/product"}],"about":[{"href":"https:\/\/roveyayinevi.com.tr\/index.php\/wp-json\/wp\/v2\/types\/product"}],"wp:attachment":[{"href":"https:\/\/roveyayinevi.com.tr\/index.php\/wp-json\/wp\/v2\/media?parent=754163"}],"wp:term":[{"taxonomy":"product_brand","embeddable":true,"href":"https:\/\/roveyayinevi.com.tr\/index.php\/wp-json\/wp\/v2\/product_brand?post=754163"},{"taxonomy":"product_cat","embeddable":true,"href":"https:\/\/roveyayinevi.com.tr\/index.php\/wp-json\/wp\/v2\/product_cat?post=754163"},{"taxonomy":"product_tag","embeddable":true,"href":"https:\/\/roveyayinevi.com.tr\/index.php\/wp-json\/wp\/v2\/product_tag?post=754163"}],"curies":[{"name":"wp","href":"https:\/\/api.w.org\/{rel}","templated":true}]}}