{"id":754162,"date":"2025-08-28T06:03:20","date_gmt":"2025-08-28T03:03:20","guid":{"rendered":"https:\/\/roveyayinevi.com.tr\/index.php\/urun\/minecraft-son-direnis\/"},"modified":"2026-04-16T03:07:28","modified_gmt":"2026-04-16T00:07:28","slug":"minecraft-son-direnis","status":"publish","type":"product","link":"https:\/\/roveyayinevi.com.tr\/index.php\/urun\/minecraft-son-direnis\/","title":{"rendered":"Minecraft &#8211; Son Direni\u015f"},"content":{"rendered":"<p>HESAPLA\u015eMA BA\u015eLIYOR&#8230; R\u0130SK \u00c7OK Y\u00dcKSEK!   Uyand\u0131r\u0131c\u0131 Kral \u00e7ok g\u00fc\u00e7l\u00fc bir blo\u011fu eline ge\u00e7irmi\u015f durumda. Acaba Morgan, Ash ve arkada\u015flar\u0131 benzersiz Minecraft d\u00fcnyalar\u0131n\u0131 kurtarabilecekler mi? \u00d6te yandan, oyunun d\u0131\u015f\u0131nda da baz\u0131 k\u00f6t\u00fc haberlerle ba\u015f etmek zorundalar. Bu oyunun sonu mu demek, yoksa yeni bir ba\u015flang\u0131\u00e7 m\u0131? <\/p>\n","protected":false},"excerpt":{"rendered":"<p>HESAPLA\u015eMA BA\u015eLIYOR&#8230; R\u0130SK \u00c7OK Y\u00dcKSEK! Uyand\u0131r\u0131c\u0131 Kral \u00e7ok g\u00fc\u00e7l\u00fc bir blo\u011fu eline ge\u00e7irmi\u015f durumda. Acaba Morgan, Ash ve arkada\u015flar\u0131 benzersiz Minecraft d\u00fcnyalar\u0131n\u0131 kurtarabilecekler mi? \u00d6te yandan,<span class=\"excerpt-hellip\"> [\u2026]<\/span><\/p>\n","protected":false},"featured_media":0,"template":"","meta":{"_monsterinsights_skip_tracking":false,"_monsterinsights_sitenote_active":false,"_monsterinsights_sitenote_note":"","_monsterinsights_sitenote_category":0},"product_brand":[],"product_cat":[12291,12711],"product_tag":[],"class_list":{"0":"post-754162","1":"product","2":"type-product","3":"status-publish","5":"product_cat-edebiyat","6":"product_cat-roman-oyku","7":"pa_cilt-ciltsiz","8":"pa_tur-kitap","9":"pa_yayinevi-x-libris","10":"pa_yazar-nick-eliopulos","12":"first","13":"instock","14":"sale","15":"shipping-taxable","16":"purchasable","17":"product-type-simple"},"_links":{"self":[{"href":"https:\/\/roveyayinevi.com.tr\/index.php\/wp-json\/wp\/v2\/product\/754162","targetHints":{"allow":["GET"]}}],"collection":[{"href":"https:\/\/roveyayinevi.com.tr\/index.php\/wp-json\/wp\/v2\/product"}],"about":[{"href":"https:\/\/roveyayinevi.com.tr\/index.php\/wp-json\/wp\/v2\/types\/product"}],"wp:attachment":[{"href":"https:\/\/roveyayinevi.com.tr\/index.php\/wp-json\/wp\/v2\/media?parent=754162"}],"wp:term":[{"taxonomy":"product_brand","embeddable":true,"href":"https:\/\/roveyayinevi.com.tr\/index.php\/wp-json\/wp\/v2\/product_brand?post=754162"},{"taxonomy":"product_cat","embeddable":true,"href":"https:\/\/roveyayinevi.com.tr\/index.php\/wp-json\/wp\/v2\/product_cat?post=754162"},{"taxonomy":"product_tag","embeddable":true,"href":"https:\/\/roveyayinevi.com.tr\/index.php\/wp-json\/wp\/v2\/product_tag?post=754162"}],"curies":[{"name":"wp","href":"https:\/\/api.w.org\/{rel}","templated":true}]}}