{"id":754161,"date":"2025-08-28T06:03:19","date_gmt":"2025-08-28T03:03:19","guid":{"rendered":"https:\/\/roveyayinevi.com.tr\/index.php\/urun\/nutuk-gazi-mustafa-kemal-ataturk-cocuklarimiza-kurtulus-savasini-anlatiyor\/"},"modified":"2026-04-16T03:07:28","modified_gmt":"2026-04-16T00:07:28","slug":"nutuk-gazi-mustafa-kemal-ataturk-cocuklarimiza-kurtulus-savasini-anlatiyor","status":"publish","type":"product","link":"https:\/\/roveyayinevi.com.tr\/index.php\/urun\/nutuk-gazi-mustafa-kemal-ataturk-cocuklarimiza-kurtulus-savasini-anlatiyor\/","title":{"rendered":"Nutuk &#8211; Gazi Mustafa Kemal Atat\u00fcrk \u00c7ocuklar\u0131m\u0131za Kurtulu\u015f Sava\u015f\u0131&#8217;n\u0131 Anlat\u0131yor"},"content":{"rendered":"<p>Gen\u00e7ler, sizlere emanet edilmi\u015f Cumhuriyetimiz hangi m\u00fccadeleler sonucunda kuruldu? Her taraf\u0131 i\u015fgal edilmi\u015f g\u00fczel \u00fclkemiz ba\u011f\u0131ms\u0131zl\u0131\u011f\u0131n\u0131 nas\u0131l kazand\u0131? Kurtulu\u015f Sava\u015f\u0131\u2019nda kazand\u0131klar\u0131m\u0131z\u0131 hangi antla\u015fmalarla g\u00fcvence alt\u0131na ald\u0131k? Bilimin yol g\u00f6stericili\u011finde modern bir \u00fclke olabilmek i\u00e7in \u00f6ncelikle hangi devrimler yap\u0131ld\u0131? T\u00fcm bu sorular\u0131n cevaplar\u0131n\u0131 Atat\u00fcrk\u2019\u00fcn kendi s\u00f6zleriyle ve onun kaleminden g\u00fcn\u00fcm\u00fcz T\u00fcrk\u00e7esiyle okuyacaks\u0131n\u0131z. <\/p>\n","protected":false},"excerpt":{"rendered":"<p>Gen\u00e7ler, sizlere emanet edilmi\u015f Cumhuriyetimiz hangi m\u00fccadeleler sonucunda kuruldu? Her taraf\u0131 i\u015fgal edilmi\u015f g\u00fczel \u00fclkemiz ba\u011f\u0131ms\u0131zl\u0131\u011f\u0131n\u0131 nas\u0131l kazand\u0131? Kurtulu\u015f Sava\u015f\u0131\u2019nda kazand\u0131klar\u0131m\u0131z\u0131 hangi antla\u015fmalarla g\u00fcvence alt\u0131na ald\u0131k?<span class=\"excerpt-hellip\"> [\u2026]<\/span><\/p>\n","protected":false},"featured_media":0,"template":"","meta":{"_monsterinsights_skip_tracking":false,"_monsterinsights_sitenote_active":false,"_monsterinsights_sitenote_note":"","_monsterinsights_sitenote_category":0},"product_brand":[],"product_cat":[12304],"product_tag":[],"class_list":{"0":"post-754161","1":"product","2":"type-product","3":"status-publish","5":"product_cat-tarih","6":"pa_cilt-ciltsiz","7":"pa_tur-kitap","8":"pa_yayinevi-dogan-cocuk","9":"pa_yazar-gazi-mustafa-kemal-ataturk","11":"first","12":"instock","13":"sale","14":"shipping-taxable","15":"purchasable","16":"product-type-simple"},"_links":{"self":[{"href":"https:\/\/roveyayinevi.com.tr\/index.php\/wp-json\/wp\/v2\/product\/754161","targetHints":{"allow":["GET"]}}],"collection":[{"href":"https:\/\/roveyayinevi.com.tr\/index.php\/wp-json\/wp\/v2\/product"}],"about":[{"href":"https:\/\/roveyayinevi.com.tr\/index.php\/wp-json\/wp\/v2\/types\/product"}],"wp:attachment":[{"href":"https:\/\/roveyayinevi.com.tr\/index.php\/wp-json\/wp\/v2\/media?parent=754161"}],"wp:term":[{"taxonomy":"product_brand","embeddable":true,"href":"https:\/\/roveyayinevi.com.tr\/index.php\/wp-json\/wp\/v2\/product_brand?post=754161"},{"taxonomy":"product_cat","embeddable":true,"href":"https:\/\/roveyayinevi.com.tr\/index.php\/wp-json\/wp\/v2\/product_cat?post=754161"},{"taxonomy":"product_tag","embeddable":true,"href":"https:\/\/roveyayinevi.com.tr\/index.php\/wp-json\/wp\/v2\/product_tag?post=754161"}],"curies":[{"name":"wp","href":"https:\/\/api.w.org\/{rel}","templated":true}]}}