{"id":754156,"date":"2025-08-28T06:03:09","date_gmt":"2025-08-28T03:03:09","guid":{"rendered":"https:\/\/roveyayinevi.com.tr\/index.php\/urun\/nur-i-kadim\/"},"modified":"2026-04-16T03:07:27","modified_gmt":"2026-04-16T00:07:27","slug":"nur-i-kadim","status":"publish","type":"product","link":"https:\/\/roveyayinevi.com.tr\/index.php\/urun\/nur-i-kadim\/","title":{"rendered":"Nur-i Kadim"},"content":{"rendered":"<p>&#8220;Vardan var olmak, Nur\u2019dan (\u0131\u015f\u0131k) ta\u015farak g\u00f6r\u00fc\u015f alan\u0131na \u00e7\u0131kan nesne ve canl\u0131lardan ba\u015fka bir \u015fey de\u011fildir. Kimi maddeler hareket eden canl\u0131 mekanizmalara d\u00f6n\u00fc\u015f\u00fcrken, kimileri ise hareketsiz kald\u0131. Ya\u015fad\u0131\u011f\u0131m\u0131z gezegende canl\u0131 ya da cans\u0131z her \u015fey \u0131\u015f\u0131k yans\u0131malar\u0131n\u0131n farkl\u0131 \u015fekillenmesidir. Hepimiz tek bir \u0131\u015f\u0131\u011f\u0131n farkl\u0131 yans\u0131malar\u0131y\u0131z. Aram\u0131zdaki tek fark i\u00e7ine do\u011fdu\u011fumuz kap. Bireysel olarak kendilerini t\u00fcm evrenin merkezi sanan insanlar, manevi bir zerre ile minik bir titre\u015fim olduklar\u0131n\u0131 unutarak ya\u015farlar.      Ana kayna\u011f\u0131ndan ta\u015fan nur, s\u00fcrekli bir devinimle de\u011fi\u015fik nitelikli varl\u0131k t\u00fcrlerini olu\u015fturur. Bu d\u00f6ng\u00fc yine basamak basamak ait oldu\u011fu asl\u0131na (Mutlak Varl\u0131\u011fa) geri d\u00f6nmek i\u00e7in s\u00fcrekli hareket h\u00e2lindedir. Evren, kendi i\u00e7inden ta\u015fan bir\u2019in (1) \u00e7okla\u015fmas\u0131 sonucu farkl\u0131 g\u00f6r\u00fcnen t\u00fcm renkler, farkl\u0131 nesneler, b\u00fcy\u00fck, k\u00fc\u00e7\u00fck olu\u015fan t\u00fcm gezegenler, mat veya parlak \u0131\u015f\u0131ldayan t\u00fcm y\u0131ld\u0131zlar sadece Mutlak Varl\u0131\u011f\u0131n \u015fekil ve suret de\u011fi\u015ftirmi\u015f h\u00e2lleridir. \u0130\u00e7indeki her \u015fey bir&#8217;in (1) bir par\u00e7ac\u0131\u011f\u0131d\u0131r. Bireysel irade topyek\u00fbn iradenin bir c\u00fcz\u00fcd\u00fcr. Ruh (saf enerji) \u00f6l\u00fcms\u00fczd\u00fcr. Ta\u015ft\u0131\u011f\u0131 kaptan veya do\u011fdu\u011fu kayna\u011fa geri d\u00f6ner. Bu devinim g\u00f6r\u00fcnmeyenden g\u00f6r\u00fcn\u00fcr duruma ge\u00e7me, bazen de g\u00f6r\u00fcn\u00fcrl\u00fckten g\u00f6r\u00fcnmezli\u011fe ge\u00e7me eylemidir.      Alevi pirleri kendini bilmeyi 4 kap\u0131 40 makam e\u011fitimiyle \u0130nsan-\u0131 K\u00e2mil mertebesine eri\u015fme, d\u00f6ng\u00fcs\u00fcyle (Ate\u015f, Hava, Toprak, Su) insan\u0131n Kemalata erme yolculu\u011fu olarak izah ederler. <\/p>\n","protected":false},"excerpt":{"rendered":"<p>&#8220;Vardan var olmak, Nur\u2019dan (\u0131\u015f\u0131k) ta\u015farak g\u00f6r\u00fc\u015f alan\u0131na \u00e7\u0131kan nesne ve canl\u0131lardan ba\u015fka bir \u015fey de\u011fildir. Kimi maddeler hareket eden canl\u0131 mekanizmalara d\u00f6n\u00fc\u015f\u00fcrken, kimileri ise hareketsiz<span class=\"excerpt-hellip\"> [\u2026]<\/span><\/p>\n","protected":false},"featured_media":0,"template":"","meta":{"_monsterinsights_skip_tracking":false,"_monsterinsights_sitenote_active":false,"_monsterinsights_sitenote_note":"","_monsterinsights_sitenote_category":0},"product_brand":[],"product_cat":[27157,12291],"product_tag":[],"class_list":{"0":"post-754156","1":"product","2":"type-product","3":"status-publish","5":"product_cat-derleme","6":"product_cat-edebiyat","7":"pa_cilt-ciltsiz","8":"pa_tur-kitap","9":"pa_yayinevi-favori-yayinlari","10":"pa_yazar-kazim-dursun","12":"first","13":"instock","14":"sale","15":"shipping-taxable","16":"purchasable","17":"product-type-simple"},"_links":{"self":[{"href":"https:\/\/roveyayinevi.com.tr\/index.php\/wp-json\/wp\/v2\/product\/754156","targetHints":{"allow":["GET"]}}],"collection":[{"href":"https:\/\/roveyayinevi.com.tr\/index.php\/wp-json\/wp\/v2\/product"}],"about":[{"href":"https:\/\/roveyayinevi.com.tr\/index.php\/wp-json\/wp\/v2\/types\/product"}],"wp:attachment":[{"href":"https:\/\/roveyayinevi.com.tr\/index.php\/wp-json\/wp\/v2\/media?parent=754156"}],"wp:term":[{"taxonomy":"product_brand","embeddable":true,"href":"https:\/\/roveyayinevi.com.tr\/index.php\/wp-json\/wp\/v2\/product_brand?post=754156"},{"taxonomy":"product_cat","embeddable":true,"href":"https:\/\/roveyayinevi.com.tr\/index.php\/wp-json\/wp\/v2\/product_cat?post=754156"},{"taxonomy":"product_tag","embeddable":true,"href":"https:\/\/roveyayinevi.com.tr\/index.php\/wp-json\/wp\/v2\/product_tag?post=754156"}],"curies":[{"name":"wp","href":"https:\/\/api.w.org\/{rel}","templated":true}]}}