{"id":754155,"date":"2025-08-28T06:03:07","date_gmt":"2025-08-28T03:03:07","guid":{"rendered":"https:\/\/roveyayinevi.com.tr\/index.php\/urun\/geceye-meydan-oku\/"},"modified":"2026-04-16T03:07:27","modified_gmt":"2026-04-16T00:07:27","slug":"geceye-meydan-oku","status":"publish","type":"product","link":"https:\/\/roveyayinevi.com.tr\/index.php\/urun\/geceye-meydan-oku\/","title":{"rendered":"Geceye Meydan Oku"},"content":{"rendered":"<p>\u201cBabam herkesin ilaca ula\u015fabilmesi i\u00e7in elinden geleni yapm\u0131\u015ft\u0131. Bu onlar\u0131n \u00f6l\u00fcm\u00fcne yol a\u00e7t\u0131, belki de bu benim i\u00e7in bir uyar\u0131 olmal\u0131yd\u0131. Ama de\u011fildi. Bu bir mirast\u0131.\u201d  New York Times \u00e7oksatan yazar\u0131 Brigid Kemmerer\u2019inkaleminden a\u015fk ve macerayla bezenmi\u015f muhte\u015fem bir seri daha&#8230; Gizemli bir hastal\u0131\u011f\u0131n ele ge\u00e7irdi\u011fi bir krall\u0131k, sadece se\u00e7kinlerin eri\u015febildi\u011fi tek ila\u00e7 Ay Sarma\u015f\u0131\u011f\u0131 iksiri ve onu Kandala halk\u0131 i\u00e7in \u00e7alan \u015fifac\u0131 bir gen\u00e7 k\u0131z ve umutsuz bir prens. Tehlikeli bir ili\u015fki. Prens Corrick, Kandala Saray\u0131\u2019nda Kral\u2019\u0131n Yarg\u0131c\u0131 olarak g\u00f6revyapmakta, kanun ka\u00e7aklar\u0131n\u0131n y\u00fcreklerine korku salmaktad\u0131r. \u00dclkede iksir k\u0131tl\u0131\u011f\u0131 ve isyan tehditleri artarken, \u015fifac\u0131 \u00e7\u0131ra\u011f\u0131 Tessa Cade, her gece kraliyet fermanlar\u0131na kar\u015f\u0131 gelerek gizlice d\u0131\u015far\u0131 \u00e7\u0131kmakta ve Ay Sarma\u015f\u0131\u011f\u0131 yapraklar\u0131n\u0131 \u00e7alarak bu iksiri ihtiyac\u0131 olanlara gizemli yolda\u015f\u0131 Weston Lark ile da\u011f\u0131tmaktad\u0131r. Karanl\u0131kta bir \u00fclke, krall\u0131\u011f\u0131 ile vicdan\u0131 aras\u0131nda kalm\u0131\u015f bir prens ve halk\u0131n\u0131 kurtarmaya \u00e7al\u0131\u015fan isyanc\u0131 bir gen\u00e7 k\u0131z&#8230; Kandala&#8217;n\u0131n kaderi \u00f6l\u00fcm ve ihanetle \u00e7evrelenmi\u015fken bu krall\u0131k i\u00e7in bir kurtulu\u015f yolu var m\u0131d\u0131r? Her \u015feyden \u00f6te, y\u00fcre\u011fe d\u00fc\u015fen a\u015fk tohumlar\u0131 geceyemeydan okuyabilir miydi? <\/p>\n","protected":false},"excerpt":{"rendered":"<p>\u201cBabam herkesin ilaca ula\u015fabilmesi i\u00e7in elinden geleni yapm\u0131\u015ft\u0131. Bu onlar\u0131n \u00f6l\u00fcm\u00fcne yol a\u00e7t\u0131, belki de bu benim i\u00e7in bir uyar\u0131 olmal\u0131yd\u0131. Ama de\u011fildi. Bu bir mirast\u0131.\u201d<span class=\"excerpt-hellip\"> [\u2026]<\/span><\/p>\n","protected":false},"featured_media":0,"template":"","meta":{"_monsterinsights_skip_tracking":false,"_monsterinsights_sitenote_active":false,"_monsterinsights_sitenote_note":"","_monsterinsights_sitenote_category":0},"product_brand":[],"product_cat":[12291,14777],"product_tag":[],"class_list":{"0":"post-754155","1":"product","2":"type-product","3":"status-publish","5":"product_cat-edebiyat","6":"product_cat-fantastik","7":"pa_cilt-ciltsiz","8":"pa_tur-kitap","9":"pa_yayinevi-epsilon-yayinlari","10":"pa_yazar-brigid-kemmerer","12":"first","13":"instock","14":"sale","15":"shipping-taxable","16":"purchasable","17":"product-type-simple"},"_links":{"self":[{"href":"https:\/\/roveyayinevi.com.tr\/index.php\/wp-json\/wp\/v2\/product\/754155","targetHints":{"allow":["GET"]}}],"collection":[{"href":"https:\/\/roveyayinevi.com.tr\/index.php\/wp-json\/wp\/v2\/product"}],"about":[{"href":"https:\/\/roveyayinevi.com.tr\/index.php\/wp-json\/wp\/v2\/types\/product"}],"wp:attachment":[{"href":"https:\/\/roveyayinevi.com.tr\/index.php\/wp-json\/wp\/v2\/media?parent=754155"}],"wp:term":[{"taxonomy":"product_brand","embeddable":true,"href":"https:\/\/roveyayinevi.com.tr\/index.php\/wp-json\/wp\/v2\/product_brand?post=754155"},{"taxonomy":"product_cat","embeddable":true,"href":"https:\/\/roveyayinevi.com.tr\/index.php\/wp-json\/wp\/v2\/product_cat?post=754155"},{"taxonomy":"product_tag","embeddable":true,"href":"https:\/\/roveyayinevi.com.tr\/index.php\/wp-json\/wp\/v2\/product_tag?post=754155"}],"curies":[{"name":"wp","href":"https:\/\/api.w.org\/{rel}","templated":true}]}}