{"id":754153,"date":"2025-08-28T06:03:04","date_gmt":"2025-08-28T03:03:04","guid":{"rendered":"https:\/\/roveyayinevi.com.tr\/index.php\/urun\/ben-de-ciziyorum\/"},"modified":"2026-04-16T03:07:27","modified_gmt":"2026-04-16T00:07:27","slug":"ben-de-ciziyorum","status":"publish","type":"product","link":"https:\/\/roveyayinevi.com.tr\/index.php\/urun\/ben-de-ciziyorum\/","title":{"rendered":"Ben de \u00c7iziyorum!"},"content":{"rendered":"<p>Bu kitapta hayvanlardan e\u015fyalara, ta\u015f\u0131tlardan yiyeceklere g\u00fcnl\u00fck hayatta kar\u015f\u0131na \u00e7\u0131kan bir\u00e7ok \u015feyi \u00e7izmeyi \u00f6\u011freneceksin. Hemen &#8220;Ben \u00e7izemem ki!&#8221; deme \u00e7\u00fcnk\u00fc bu eserin sayfalar\u0131nda \u0130ll\u00fcstrat\u00f6r Meryem Kurt senin i\u00e7in temel \u00e7izim tekniklerini ayr\u0131nt\u0131lar\u0131yla anlatt\u0131 ve her bir fig\u00fcr\u00fcn \u00e7izimini ad\u0131m ad\u0131m a\u00e7\u0131klayarak kolayla\u015ft\u0131rd\u0131.    Denedi\u011finde ba\u015fard\u0131\u011f\u0131n\u0131 g\u00f6recek, &#8220;BEN DE \u00c7\u0130Z\u0130YORUM!&#8221; diyeceksin ve resim yapmay\u0131 daha da seveceksin! <\/p>\n","protected":false},"excerpt":{"rendered":"<p>Bu kitapta hayvanlardan e\u015fyalara, ta\u015f\u0131tlardan yiyeceklere g\u00fcnl\u00fck hayatta kar\u015f\u0131na \u00e7\u0131kan bir\u00e7ok \u015feyi \u00e7izmeyi \u00f6\u011freneceksin. Hemen &#8220;Ben \u00e7izemem ki!&#8221; deme \u00e7\u00fcnk\u00fc bu eserin sayfalar\u0131nda \u0130ll\u00fcstrat\u00f6r Meryem Kurt<span class=\"excerpt-hellip\"> [\u2026]<\/span><\/p>\n","protected":false},"featured_media":0,"template":"","meta":{"_monsterinsights_skip_tracking":false,"_monsterinsights_sitenote_active":false,"_monsterinsights_sitenote_note":"","_monsterinsights_sitenote_category":0},"product_brand":[],"product_cat":[12274],"product_tag":[],"class_list":{"0":"post-754153","1":"product","2":"type-product","3":"status-publish","5":"product_cat-cocuk-ve-genclik-kitaplari","6":"pa_cilt-ciltsiz","7":"pa_tur-kitap","8":"pa_yayinevi-profil-kitap","9":"pa_yazar-meryem-kurt","11":"first","12":"instock","13":"sale","14":"shipping-taxable","15":"purchasable","16":"product-type-simple"},"_links":{"self":[{"href":"https:\/\/roveyayinevi.com.tr\/index.php\/wp-json\/wp\/v2\/product\/754153","targetHints":{"allow":["GET"]}}],"collection":[{"href":"https:\/\/roveyayinevi.com.tr\/index.php\/wp-json\/wp\/v2\/product"}],"about":[{"href":"https:\/\/roveyayinevi.com.tr\/index.php\/wp-json\/wp\/v2\/types\/product"}],"wp:attachment":[{"href":"https:\/\/roveyayinevi.com.tr\/index.php\/wp-json\/wp\/v2\/media?parent=754153"}],"wp:term":[{"taxonomy":"product_brand","embeddable":true,"href":"https:\/\/roveyayinevi.com.tr\/index.php\/wp-json\/wp\/v2\/product_brand?post=754153"},{"taxonomy":"product_cat","embeddable":true,"href":"https:\/\/roveyayinevi.com.tr\/index.php\/wp-json\/wp\/v2\/product_cat?post=754153"},{"taxonomy":"product_tag","embeddable":true,"href":"https:\/\/roveyayinevi.com.tr\/index.php\/wp-json\/wp\/v2\/product_tag?post=754153"}],"curies":[{"name":"wp","href":"https:\/\/api.w.org\/{rel}","templated":true}]}}