{"id":754152,"date":"2025-08-28T06:03:03","date_gmt":"2025-08-28T03:03:03","guid":{"rendered":"https:\/\/roveyayinevi.com.tr\/index.php\/urun\/steve-kerr-essiz-bir-omrun-hikayesi\/"},"modified":"2026-04-16T03:07:27","modified_gmt":"2026-04-16T00:07:27","slug":"steve-kerr-essiz-bir-omrun-hikayesi","status":"publish","type":"product","link":"https:\/\/roveyayinevi.com.tr\/index.php\/urun\/steve-kerr-essiz-bir-omrun-hikayesi\/","title":{"rendered":"Steve Kerr : E\u015f\u015fiz Bir \u00d6mr\u00fcn Hikayesi"},"content":{"rendered":"<p>Ba\u015far\u0131l\u0131 bir NBA oyuncusu&#8230; Defalarca \u015fampiyon olan Golden State Warriors&#8217;\u0131n ba\u015fantren\u00f6r\u00fc&#8230; Kar\u015f\u0131n\u0131zda Steve Kerr!   Be\u015f kez oyuncu, d\u00f6rt kez ise ko\u00e7 olarak tam dokuz defa NBA \u015fampiyonlu\u011funu tatm\u0131\u015f olan yetenekli oyuncu Kerr; Michael Jordan, Shaquille O&#8217;Neal ve Tim Duncan gibi efsane basketbolcularla oynad\u0131 ve \u00fc\u00e7l\u00fck at\u0131\u015flar\u0131yla bir y\u0131ld\u0131za d\u00f6n\u00fc\u015ft\u00fc.   NBA&#8217;de on be\u015f ba\u015far\u0131l\u0131 sezon ge\u00e7irdikten sonra 2014&#8217;ten bu yana Golden State Warriors&#8217;a ko\u00e7luk yapan Steve Kerr&#8217;\u00fcn hik\u00e2yesi her zaman bu kadar parlak de\u011fildi. On dokuz ya\u015f\u0131ndayken babas\u0131n\u0131 L\u00fcbnan&#8217;da bir ter\u00f6r eylemi sonucu kaybetti, Arizona \u00dcniversitesi&#8217;ndeki bursu son anda kazand\u0131. Ancak olumsuzluklar\u0131n ona engel olmas\u0131na izin vermeyen Kerr, m\u00fctevaz\u0131 ki\u015fili\u011fiyle kendi hik\u00e2yesini yeniden yazmay\u0131 ba\u015fard\u0131.    2016&#8217;da En \u0130yi Ko\u00e7 \u00f6d\u00fcl\u00fcne lay\u0131k g\u00f6r\u00fclen, daima sevilen bir oyuncu, sayg\u0131 duyulan bir antren\u00f6r olarak Steve Kerr&#8217;\u00fcn ar\u015fiv ara\u015ft\u0131rmalar\u0131na ve orijinal r\u00f6portajlara dayanan biyografisi; \u00f6d\u00fcll\u00fc spor muhabiri Scott Howard-Cooper taraf\u0131ndan kaleme al\u0131n\u0131yor.<\/p>\n","protected":false},"excerpt":{"rendered":"<p>Ba\u015far\u0131l\u0131 bir NBA oyuncusu&#8230; Defalarca \u015fampiyon olan Golden State Warriors&#8217;\u0131n ba\u015fantren\u00f6r\u00fc&#8230; Kar\u015f\u0131n\u0131zda Steve Kerr! Be\u015f kez oyuncu, d\u00f6rt kez ise ko\u00e7 olarak tam dokuz defa NBA<span class=\"excerpt-hellip\"> [\u2026]<\/span><\/p>\n","protected":false},"featured_media":0,"template":"","meta":{"_monsterinsights_skip_tracking":false,"_monsterinsights_sitenote_active":false,"_monsterinsights_sitenote_note":"","_monsterinsights_sitenote_category":0},"product_brand":[],"product_cat":[15563,15564],"product_tag":[],"class_list":{"0":"post-754152","1":"product","2":"type-product","3":"status-publish","5":"product_cat-hobi","6":"product_cat-spor","7":"pa_cilt-ciltsiz","8":"pa_tur-kitap","9":"pa_yayinevi-profil-kitap","10":"pa_yazar-scott-howard-cooper","12":"first","13":"instock","14":"sale","15":"shipping-taxable","16":"purchasable","17":"product-type-simple"},"_links":{"self":[{"href":"https:\/\/roveyayinevi.com.tr\/index.php\/wp-json\/wp\/v2\/product\/754152","targetHints":{"allow":["GET"]}}],"collection":[{"href":"https:\/\/roveyayinevi.com.tr\/index.php\/wp-json\/wp\/v2\/product"}],"about":[{"href":"https:\/\/roveyayinevi.com.tr\/index.php\/wp-json\/wp\/v2\/types\/product"}],"wp:attachment":[{"href":"https:\/\/roveyayinevi.com.tr\/index.php\/wp-json\/wp\/v2\/media?parent=754152"}],"wp:term":[{"taxonomy":"product_brand","embeddable":true,"href":"https:\/\/roveyayinevi.com.tr\/index.php\/wp-json\/wp\/v2\/product_brand?post=754152"},{"taxonomy":"product_cat","embeddable":true,"href":"https:\/\/roveyayinevi.com.tr\/index.php\/wp-json\/wp\/v2\/product_cat?post=754152"},{"taxonomy":"product_tag","embeddable":true,"href":"https:\/\/roveyayinevi.com.tr\/index.php\/wp-json\/wp\/v2\/product_tag?post=754152"}],"curies":[{"name":"wp","href":"https:\/\/api.w.org\/{rel}","templated":true}]}}