{"id":754150,"date":"2025-08-28T06:02:59","date_gmt":"2025-08-28T03:02:59","guid":{"rendered":"https:\/\/roveyayinevi.com.tr\/index.php\/urun\/evlilik-provasi\/"},"modified":"2026-04-16T03:07:27","modified_gmt":"2026-04-16T00:07:27","slug":"evlilik-provasi","status":"publish","type":"product","link":"https:\/\/roveyayinevi.com.tr\/index.php\/urun\/evlilik-provasi\/","title":{"rendered":"Evlilik Provas\u0131"},"content":{"rendered":"<p>Goodreads Y\u0131l\u0131n En \u0130yi A\u015fk Roman\u0131 \u00d6d\u00fcl\u00fc\u2019ne sahipA\u015fk\u0131n Form\u00fcl\u00fc\u2019n\u00fcn devam\u0131 niteli\u011findeki Evlilik Provas\u0131,tutkulu bir a\u015fk hik\u00e2yesiyle kalplerin s\u0131n\u0131rlar\u0131n\u0131 a\u015f\u0131yor&#8230; Asperger sendromlu Kh\u1ea3i duygular\u0131 olmad\u0131\u011f\u0131yla bilinir;kimseye kar\u015f\u0131 bir \u015fey hissetmez, kimseyle empati kuramazve t\u00fcm romantik ili\u015fkilerden ka\u00e7\u0131n\u0131r. Annesi Kh\u1ea3i\u2019ninevlenmesini istemektedir, o ise kendisini rahat b\u0131rakmas\u0131n\u0131.B\u00f6ylece ikisi bir anla\u015fma yapar: Kh\u1ea3i \u00fc\u00e7 ay boyunca annesinin onun i\u00e7in se\u00e7ti\u011fi kad\u0131nla ya\u015fayacakt\u0131r. Ve annesi Vietnam\u2019a giderek Kh\u1ea3i i\u00e7in do\u011fru aday\u0131 bulmu\u015ftur bile: Esme&#8230; Esme kendisi ve k\u0131z\u0131 i\u00e7in daha iyi bir hayat istemektedir.Buna sahip olmak i\u00e7inse her \u015feyi yapmaya haz\u0131rd\u0131r, hattaABD\u2019ye u\u00e7up tamamen yabanc\u0131 biriyle tan\u0131\u015f\u0131p onunlaya\u015famaya bile. Fakat Kh\u1ea3i ne kadar \u00e7ekici olsa da olduk\u00e7atuhaf biridir ve Esme\u2019nin elinde onun kalbini kazanmas\u0131i\u00e7in sadece \u00fc\u00e7 ay\u0131 vard\u0131r. Helen Hoang, bu roman\u0131nda a\u015fk\u0131n birden fazla yoluoldu\u011funu kan\u0131tlamaya \u00e7al\u0131\u015f\u0131yor ve a\u015fk\u0131n engebeli yolundauyum sa\u011flamaya \u00e7al\u0131\u015fan bir sevginin pe\u015fine d\u00fc\u015f\u00fcyor.<\/p>\n","protected":false},"excerpt":{"rendered":"<p>Goodreads Y\u0131l\u0131n En \u0130yi A\u015fk Roman\u0131 \u00d6d\u00fcl\u00fc\u2019ne sahipA\u015fk\u0131n Form\u00fcl\u00fc\u2019n\u00fcn devam\u0131 niteli\u011findeki Evlilik Provas\u0131,tutkulu bir a\u015fk hik\u00e2yesiyle kalplerin s\u0131n\u0131rlar\u0131n\u0131 a\u015f\u0131yor&#8230; Asperger sendromlu Kh\u1ea3i duygular\u0131 olmad\u0131\u011f\u0131yla bilinir;kimseye kar\u015f\u0131<span class=\"excerpt-hellip\"> [\u2026]<\/span><\/p>\n","protected":false},"featured_media":0,"template":"","meta":{"_monsterinsights_skip_tracking":false,"_monsterinsights_sitenote_active":false,"_monsterinsights_sitenote_note":"","_monsterinsights_sitenote_category":0},"product_brand":[],"product_cat":[12291,12711],"product_tag":[],"class_list":{"0":"post-754150","1":"product","2":"type-product","3":"status-publish","5":"product_cat-edebiyat","6":"product_cat-roman-oyku","7":"pa_cilt-ciltsiz","8":"pa_tur-kitap","9":"pa_yayinevi-epsilon-yayinlari","10":"pa_yazar-helen-hoang","12":"first","13":"instock","14":"sale","15":"shipping-taxable","16":"purchasable","17":"product-type-simple"},"_links":{"self":[{"href":"https:\/\/roveyayinevi.com.tr\/index.php\/wp-json\/wp\/v2\/product\/754150","targetHints":{"allow":["GET"]}}],"collection":[{"href":"https:\/\/roveyayinevi.com.tr\/index.php\/wp-json\/wp\/v2\/product"}],"about":[{"href":"https:\/\/roveyayinevi.com.tr\/index.php\/wp-json\/wp\/v2\/types\/product"}],"wp:attachment":[{"href":"https:\/\/roveyayinevi.com.tr\/index.php\/wp-json\/wp\/v2\/media?parent=754150"}],"wp:term":[{"taxonomy":"product_brand","embeddable":true,"href":"https:\/\/roveyayinevi.com.tr\/index.php\/wp-json\/wp\/v2\/product_brand?post=754150"},{"taxonomy":"product_cat","embeddable":true,"href":"https:\/\/roveyayinevi.com.tr\/index.php\/wp-json\/wp\/v2\/product_cat?post=754150"},{"taxonomy":"product_tag","embeddable":true,"href":"https:\/\/roveyayinevi.com.tr\/index.php\/wp-json\/wp\/v2\/product_tag?post=754150"}],"curies":[{"name":"wp","href":"https:\/\/api.w.org\/{rel}","templated":true}]}}