{"id":754147,"date":"2025-08-28T06:02:55","date_gmt":"2025-08-28T03:02:55","guid":{"rendered":"https:\/\/roveyayinevi.com.tr\/index.php\/urun\/filler-aglamaz\/"},"modified":"2026-04-16T03:07:27","modified_gmt":"2026-04-16T00:07:27","slug":"filler-aglamaz","status":"publish","type":"product","link":"https:\/\/roveyayinevi.com.tr\/index.php\/urun\/filler-aglamaz\/","title":{"rendered":"Filler A\u011flamaz"},"content":{"rendered":"<p>Ya\u015fam\u0131n zenginli\u011fini anlatan bu harika \u00f6yk\u00fc, \u00e7ocuklar\u0131n ufuklar\u0131n\u0131 geli\u015ftirecek. Ya\u015fl\u0131 bir fil do\u011fadaki ya\u015fam\u0131nda b\u00fcy\u00fck bir zorlukla kar\u015f\u0131la\u015ft\u0131\u011f\u0131 anda kar\u015f\u0131s\u0131na \u00e7\u0131kan umulmad\u0131k bir arkada\u015f her \u015feyi de\u011fi\u015ftirir. File ko\u015fullar de\u011fi\u015fse bile ya\u015fam\u0131n yeni bir y\u00f6nde devam edebilece\u011fini \u00f6\u011fretir. Ya\u015fama sevinciyle dolu, e\u011flenceli bir kitap.<\/p>\n","protected":false},"excerpt":{"rendered":"<p>Ya\u015fam\u0131n zenginli\u011fini anlatan bu harika \u00f6yk\u00fc, \u00e7ocuklar\u0131n ufuklar\u0131n\u0131 geli\u015ftirecek. Ya\u015fl\u0131 bir fil do\u011fadaki ya\u015fam\u0131nda b\u00fcy\u00fck bir zorlukla kar\u015f\u0131la\u015ft\u0131\u011f\u0131 anda kar\u015f\u0131s\u0131na \u00e7\u0131kan umulmad\u0131k bir arkada\u015f her \u015feyi<span class=\"excerpt-hellip\"> [\u2026]<\/span><\/p>\n","protected":false},"featured_media":0,"template":"","meta":{"_monsterinsights_skip_tracking":false,"_monsterinsights_sitenote_active":false,"_monsterinsights_sitenote_note":"","_monsterinsights_sitenote_category":0},"product_brand":[],"product_cat":[12274,12284],"product_tag":[],"class_list":{"0":"post-754147","1":"product","2":"type-product","3":"status-publish","5":"product_cat-cocuk-ve-genclik-kitaplari","6":"product_cat-hikayeler","7":"pa_cilt-ciltsiz","8":"pa_tur-kitap","9":"pa_yayinevi-koc-universitesi-yayinlari","10":"pa_yazar-gesa-neitzel","12":"first","13":"instock","14":"sale","15":"shipping-taxable","16":"purchasable","17":"product-type-simple"},"_links":{"self":[{"href":"https:\/\/roveyayinevi.com.tr\/index.php\/wp-json\/wp\/v2\/product\/754147","targetHints":{"allow":["GET"]}}],"collection":[{"href":"https:\/\/roveyayinevi.com.tr\/index.php\/wp-json\/wp\/v2\/product"}],"about":[{"href":"https:\/\/roveyayinevi.com.tr\/index.php\/wp-json\/wp\/v2\/types\/product"}],"wp:attachment":[{"href":"https:\/\/roveyayinevi.com.tr\/index.php\/wp-json\/wp\/v2\/media?parent=754147"}],"wp:term":[{"taxonomy":"product_brand","embeddable":true,"href":"https:\/\/roveyayinevi.com.tr\/index.php\/wp-json\/wp\/v2\/product_brand?post=754147"},{"taxonomy":"product_cat","embeddable":true,"href":"https:\/\/roveyayinevi.com.tr\/index.php\/wp-json\/wp\/v2\/product_cat?post=754147"},{"taxonomy":"product_tag","embeddable":true,"href":"https:\/\/roveyayinevi.com.tr\/index.php\/wp-json\/wp\/v2\/product_tag?post=754147"}],"curies":[{"name":"wp","href":"https:\/\/api.w.org\/{rel}","templated":true}]}}