{"id":754144,"date":"2025-08-28T06:02:48","date_gmt":"2025-08-28T03:02:48","guid":{"rendered":"https:\/\/roveyayinevi.com.tr\/index.php\/urun\/buyuyunce-astronot-olacagim\/"},"modified":"2026-04-11T14:23:08","modified_gmt":"2026-04-11T11:23:08","slug":"buyuyunce-astronot-olacagim","status":"publish","type":"product","link":"https:\/\/roveyayinevi.com.tr\/index.php\/urun\/buyuyunce-astronot-olacagim\/","title":{"rendered":"B\u00fcy\u00fcy\u00fcnce Astronot Olaca\u011f\u0131m"},"content":{"rendered":"<p>Merakl\u0131 minikler b\u00fcy\u00fck hayaller kuruyor. Karton kutular, oyuncak gere\u00e7ler ve yap\u0131\u015fkan k\u00e2\u011f\u0131tlarla oyun oynuyor gibi g\u00f6r\u00fcnebilirler, ama asl\u0131nda uzaya f\u0131rlatt\u0131klar\u0131 roketle yolculuk yap\u0131p Mars\u2019ta y\u00fcr\u00fcyen ilk astronotlar oluyorlar. ilk astronotlar oluyorlar. Bu e\u011flenceli kitap, miniklere astronotlar\u0131n neler yapt\u0131\u011f\u0131n\u0131 \u00f6\u011fretirken, ya\u015fam boyu s\u00fcrecek bilimsel merak\u0131n k\u0131v\u0131lc\u0131m\u0131n\u0131 ate\u015fleyecek. <\/p>\n","protected":false},"excerpt":{"rendered":"<p>Merakl\u0131 minikler b\u00fcy\u00fck hayaller kuruyor. Karton kutular, oyuncak gere\u00e7ler ve yap\u0131\u015fkan k\u00e2\u011f\u0131tlarla oyun oynuyor gibi g\u00f6r\u00fcnebilirler, ama asl\u0131nda uzaya f\u0131rlatt\u0131klar\u0131 roketle yolculuk yap\u0131p Mars\u2019ta y\u00fcr\u00fcyen ilk<span class=\"excerpt-hellip\"> [\u2026]<\/span><\/p>\n","protected":false},"featured_media":0,"template":"","meta":{"_monsterinsights_skip_tracking":false,"_monsterinsights_sitenote_active":false,"_monsterinsights_sitenote_note":"","_monsterinsights_sitenote_category":0},"product_brand":[],"product_cat":[12274,12284],"product_tag":[],"class_list":{"0":"post-754144","1":"product","2":"type-product","3":"status-publish","5":"product_cat-cocuk-ve-genclik-kitaplari","6":"product_cat-hikayeler","7":"pa_cilt-ciltsiz","8":"pa_tur-kitap","9":"pa_yayinevi-koc-universitesi-yayinlari","10":"pa_yazar-suzanne-fossey","12":"first","13":"instock","14":"sale","15":"shipping-taxable","16":"purchasable","17":"product-type-simple"},"_links":{"self":[{"href":"https:\/\/roveyayinevi.com.tr\/index.php\/wp-json\/wp\/v2\/product\/754144","targetHints":{"allow":["GET"]}}],"collection":[{"href":"https:\/\/roveyayinevi.com.tr\/index.php\/wp-json\/wp\/v2\/product"}],"about":[{"href":"https:\/\/roveyayinevi.com.tr\/index.php\/wp-json\/wp\/v2\/types\/product"}],"wp:attachment":[{"href":"https:\/\/roveyayinevi.com.tr\/index.php\/wp-json\/wp\/v2\/media?parent=754144"}],"wp:term":[{"taxonomy":"product_brand","embeddable":true,"href":"https:\/\/roveyayinevi.com.tr\/index.php\/wp-json\/wp\/v2\/product_brand?post=754144"},{"taxonomy":"product_cat","embeddable":true,"href":"https:\/\/roveyayinevi.com.tr\/index.php\/wp-json\/wp\/v2\/product_cat?post=754144"},{"taxonomy":"product_tag","embeddable":true,"href":"https:\/\/roveyayinevi.com.tr\/index.php\/wp-json\/wp\/v2\/product_tag?post=754144"}],"curies":[{"name":"wp","href":"https:\/\/api.w.org\/{rel}","templated":true}]}}