{"id":754142,"date":"2025-08-28T06:02:45","date_gmt":"2025-08-28T03:02:45","guid":{"rendered":"https:\/\/roveyayinevi.com.tr\/index.php\/urun\/lozan-yalanlar-ve-gercekler\/"},"modified":"2026-04-16T03:07:27","modified_gmt":"2026-04-16T00:07:27","slug":"lozan-yalanlar-ve-gercekler","status":"publish","type":"product","link":"https:\/\/roveyayinevi.com.tr\/index.php\/urun\/lozan-yalanlar-ve-gercekler\/","title":{"rendered":"Lozan &#8211; Yalanlar ve Ger\u00e7ekler"},"content":{"rendered":"<p>\u0130ngiltere, Fransa ve \u0130talya&#8217;n\u0131n, Sevr Antla\u015fmas\u0131&#8217;nda gayrim\u00fcslimleri semirten, M\u00fcsl\u00fcman T\u00fcrk&#8217;\u00fc s\u00f6m\u00fcren, eriten, t\u00fcketen &#8220;Osmanl\u0131 Millet D\u00fczeni&#8221;nin s\u00fcrd\u00fcr\u00fclmesi emri * Lozan Bar\u0131\u015f Konferans\u0131&#8217;nda gizlilik karar\u0131 * Dr. R\u0131za Nur&#8217;un an\u0131lar\u0131nda Lozan&#8217;\u0131n Frans\u0131zca &#8220;secret&#8221; (gizli) tutanaklar\u0131 * Lozan&#8217;da ba\u015fta Lord Curzon olmak \u00fczere \u0130ngiltere, Fransa, \u0130talya ve Yunanistan delegelerinin T\u00fcrkiye&#8217;ye &#8220;Osmanl\u0131 D\u00fczeni&#8217;ni s\u00fcrd\u00fcr\u00fcn, \u0130slam Hukuku&#8217;na ba\u011fl\u0131 kal\u0131n, \u015feriat h\u00fck\u00fcmlerini uygulay\u0131n&#8221; bask\u0131s\u0131 (gizli tutanaklardan t\u0131pk\u0131bas\u0131m) * Lozan&#8217;\u0131n sans\u00fcrs\u00fcz gizli tutanaklar\u0131n\u0131n Fransa taraf\u0131ndan &#8220;Sar\u0131 Kitap&#8221; ve \u0130ngiltere taraf\u0131ndan &#8220;Mavi Kitap&#8221;ta sans\u00fcrlenmesi * \u0130ngiltere ve Fransa&#8217;n\u0131n 1923&#8217;te sans\u00fcrledi\u011fi gizli tutanaklar\u0131n 1924&#8217;te T\u00fcrkiye Cumhuriyeti&#8217;nce eksiksiz tam metin olarak \u00e7evrilip bas\u0131lmas\u0131 * Lozan&#8217;da \u0130ngiltere&#8217;yle hilafetin kald\u0131r\u0131lmas\u0131n\u0131 i\u00e7eren bir gizli antla\u015fma imzaland\u0131\u011f\u0131na ili\u015fkin Kemal Ohri, Cevat R\u0131fat Atilhan, Necip Faz\u0131l K\u0131sak\u00fcrek, Kadir M\u0131s\u0131ro\u011flu vs. iddialar\u0131 * \u0130ddian\u0131n kayna\u011f\u0131: Hitler Almanyas\u0131 ve Nazi Propagandas\u0131 * Hayim Nahum hakk\u0131nda s\u00f6ylentiler, ger\u00e7ekler ve CIA raporu * \u0130ngiltere Lozan&#8217;\u0131 onaylamay\u0131 ni\u00e7in geciktirdi? * Kaz\u0131m Karabekir&#8217;in yaz\u0131lar\u0131nda Kadir M\u0131s\u0131ro\u011flu&#8217;nun Musul&#8217;a y\u00f6nelik iddialar\u0131n\u0131 \u00e7\u00fcr\u00fcten ger\u00e7ekler * Kadir M\u0131s\u0131ro\u011flu: &#8220;Lozan \u0130ngilizler i\u00e7in zafer, T\u00fcrkler i\u00e7in hezimet!&#8221; &gt; Lloyd George: &#8220;Lozan T\u00fcrkler i\u00e7in zafer, \u0130ngilizler i\u00e7in hezimet!&#8221; (t\u0131pk\u0131bas\u0131m) * Lozan&#8217;da T\u00fcrk-Amerikan Antla\u015fmas\u0131 (6 A\u011fustos 1923) * Amerika&#8217;da Lozan&#8217;a kar\u015f\u0131 &#8220;Siyonist Yahudi-Ermeni-Protestan Misyoner \u0130ttifak\u0131&#8221;n\u0131n T\u00fcrkl\u00fc\u011f\u00fc, Milli M\u00fccadele&#8217;yi, Kurtulu\u015f Sava\u015f\u0131&#8217;n\u0131, Mustafa Kemal&#8217;i ve Lozan&#8217;\u0131 lanetleyen propaganda kampanyas\u0131 (EK 1 &#8211; tam metin) * ABD Senatosunda Lozan tart\u0131\u015fmalar\u0131 * Lozan&#8217;\u0131n 42&#8217;inci maddesi uyar\u0131nca Musevi, Ermeni ve Rum cemaatlerinin kendilerine tan\u0131nan &#8220;ayr\u0131cal\u0131kl\u0131, antla\u015fmal\u0131 az\u0131nl\u0131k&#8221; hakk\u0131ndan feragat ederek &#8220;ayr\u0131cal\u0131ks\u0131z T\u00fcrk yurtta\u015fl\u0131\u011f\u0131&#8221;n\u0131 kabul belgeleri (EK 3 &#8211; t\u0131pk\u0131bas\u0131m ve g\u00fcn\u00fcm\u00fcz T\u00fcrk\u00e7esiyle tam metin) * Yunanistan&#8217;\u0131n feragatler ge\u00e7ersizdir sav\u0131yla Milletler Cemiyeti&#8217;ne ba\u015fvurusu * Milletler Cemiyeti&#8217;nin feragatleri ge\u00e7erli k\u0131lan karar\u0131 (tam metin, t\u0131pk\u0131 bas\u0131m) * Ord. Prof. Dr. Cemil Bilsel&#8217;in *Medeni Hukuk ve Lozan Muahedesi&#8221; ba\u015fl\u0131kl\u0131 makalesi (EK 2 &#8211; g\u00fcn\u00fcm\u00fcz T\u00fcrk\u00e7esiyle tam metin) * SEVR Antla\u015fmas\u0131n\u0131n bin y\u0131l \u00f6nceye dayanan tarihsel k\u00f6kleri * 1870-1920 aras\u0131 emperyalizmin Anadolu&#8217;da T\u00fcrk,  K\u00fcrt ve Ermeni kafataslar\u0131n\u0131 \u00f6l\u00e7erek etnik ayr\u0131mc\u0131l\u0131\u011f\u0131 tohumlayan Sevr&#8217;e haz\u0131rl\u0131k belgeleri * Sykes-Picot payla\u015f\u0131m haritalar\u0131 * Ermenilerin &#8220;Denizden Denize B\u00fcy\u00fck Ermenistan&#8221; ve K\u00fcrt \u015eerif Pa\u015fa&#8217;n\u0131n &#8220;Denizden Denize B\u00fcy\u00fck K\u00fcrdistan&#8221; tasar\u0131lar\u0131 * \u0130ngiltere&#8217;nin 1895&#8217;ten itibaren &#8220;K\u00fcrdistan&#8221; ad\u0131 vererek denize indirdi\u011fi \u0130ngiliz gemileri * Osmanl\u0131 H\u00fck\u00fcmeti&#8217;nin Haziran 1919 tarihli &#8220;M\u00fcdafaanamesi&#8221;nde Bat\u0131 Uygarl\u0131\u011f\u0131 ve Bat\u0131 Medeni Hukuku&#8217;nun benimsenece\u011fi maddeler * Damad Ferid&#8217;in Haziran 1919&#8217;da Paris Bar\u0131\u015f Konferans\u0131&#8217;na sundu\u011fu muht\u0131ralar (tam metin-t\u0131pk\u0131bas\u0131m) * Onlar Konseyi&#8217;nin Damad Ferid&#8217;in muht\u0131ralar\u0131na verdi\u011fi 25 Haziran 1919 tarihli yan\u0131t: T\u00fcrk \u0131rk\u0131 barbard\u0131r, vah\u015fidir, y\u0131k\u0131c\u0131d\u0131r, T\u00fcrk olmayan \u0131rklar\u0131 T\u00fcrk \u0131rk\u0131n\u0131n boyunduru\u011fundan kurtaraca\u011f\u0131z! (tam metin, t\u0131pk\u0131bas\u0131m) * &#8220;Onlar Konseyi&#8221;nin Osmanl\u0131 heyetini Paris&#8217;ten kovan mektubu (t\u0131pk\u0131bas\u0131m) * Damad Ferid&#8217;i kahramanla\u015ft\u0131ran yay\u0131nlar.* Osmanl\u0131 H\u00fck\u00fcmeti&#8217;nin Sevr Antla\u015fma tasar\u0131s\u0131na verdi\u011fi yan\u0131t * \u0130smet Pa\u015fa&#8217;n\u0131n Sevr tasar\u0131s\u0131na yan\u0131t\u0131 * Vahideddin&#8217;in Sevr Antla\u015fmas\u0131&#8217;n\u0131n imzalanmas\u0131na karar verdi\u011fi Saltanat \u015euras\u0131 tutana\u011f\u0131 (tam metin).      <\/p>\n","protected":false},"excerpt":{"rendered":"<p>\u0130ngiltere, Fransa ve \u0130talya&#8217;n\u0131n, Sevr Antla\u015fmas\u0131&#8217;nda gayrim\u00fcslimleri semirten, M\u00fcsl\u00fcman T\u00fcrk&#8217;\u00fc s\u00f6m\u00fcren, eriten, t\u00fcketen &#8220;Osmanl\u0131 Millet D\u00fczeni&#8221;nin s\u00fcrd\u00fcr\u00fclmesi emri * Lozan Bar\u0131\u015f Konferans\u0131&#8217;nda gizlilik karar\u0131 * Dr.<span class=\"excerpt-hellip\"> [\u2026]<\/span><\/p>\n","protected":false},"featured_media":0,"template":"","meta":{"_monsterinsights_skip_tracking":false,"_monsterinsights_sitenote_active":false,"_monsterinsights_sitenote_note":"","_monsterinsights_sitenote_category":0},"product_brand":[],"product_cat":[12304],"product_tag":[],"class_list":{"0":"post-754142","1":"product","2":"type-product","3":"status-publish","5":"product_cat-tarih","6":"pa_cilt-ciltsiz","7":"pa_tur-kitap","8":"pa_yayinevi-otopsi-yayinevi","9":"pa_yazar-cengiz-ozakinci","11":"first","12":"instock","13":"sale","14":"shipping-taxable","15":"purchasable","16":"product-type-simple"},"_links":{"self":[{"href":"https:\/\/roveyayinevi.com.tr\/index.php\/wp-json\/wp\/v2\/product\/754142","targetHints":{"allow":["GET"]}}],"collection":[{"href":"https:\/\/roveyayinevi.com.tr\/index.php\/wp-json\/wp\/v2\/product"}],"about":[{"href":"https:\/\/roveyayinevi.com.tr\/index.php\/wp-json\/wp\/v2\/types\/product"}],"wp:attachment":[{"href":"https:\/\/roveyayinevi.com.tr\/index.php\/wp-json\/wp\/v2\/media?parent=754142"}],"wp:term":[{"taxonomy":"product_brand","embeddable":true,"href":"https:\/\/roveyayinevi.com.tr\/index.php\/wp-json\/wp\/v2\/product_brand?post=754142"},{"taxonomy":"product_cat","embeddable":true,"href":"https:\/\/roveyayinevi.com.tr\/index.php\/wp-json\/wp\/v2\/product_cat?post=754142"},{"taxonomy":"product_tag","embeddable":true,"href":"https:\/\/roveyayinevi.com.tr\/index.php\/wp-json\/wp\/v2\/product_tag?post=754142"}],"curies":[{"name":"wp","href":"https:\/\/api.w.org\/{rel}","templated":true}]}}