{"id":754141,"date":"2025-08-28T06:02:43","date_gmt":"2025-08-28T03:02:43","guid":{"rendered":"https:\/\/roveyayinevi.com.tr\/index.php\/urun\/filozof-cocuk-22-kitaplik-set\/"},"modified":"2026-04-16T03:07:27","modified_gmt":"2026-04-16T00:07:27","slug":"filozof-cocuk-22-kitaplik-set","status":"publish","type":"product","link":"https:\/\/roveyayinevi.com.tr\/index.php\/urun\/filozof-cocuk-22-kitaplik-set\/","title":{"rendered":"Filozof \u00c7ocuk \u2013 22 Kitapl\u0131k Set"},"content":{"rendered":"<p>&#8220;Filozof \u00c7ocuk&#8221; serisi ile \u201cD\u00fc\u015f\u00fcnmek, \u00e7ocuk oyunca\u011f\u0131d\u0131r!\u201dD\u00fcnyaca \u00fcnl\u00fc Frans\u0131z d\u00fc\u015f\u00fcn\u00fcr, yazar Oscar Brenifier\u2019nin be\u011feniyle okunan yirmi iki kitapl\u0131k \u201cFilozof \u00c7ocuk\u201d serisi, \u015fimdi de set h\u00e2linde sat\u0131\u015fa sunuluyor. Neden var\u0131m? Her \u015feyi bilmem gerekir mi? Mutlu olmak i\u00e7in neye ihtiyac\u0131m var? Hayat neden b\u00f6yle? B\u00fcy\u00fcmek zorunda m\u0131y\u0131m? Sevgi nedir? \u00d6zg\u00fcrl\u00fck ne i\u015fe yarar? Hepimiz e\u015fit miyiz? G\u00fczel nedir? gibi k\u00fc\u00e7\u00fcklerin zihinlerini kurcalayan b\u00fcy\u00fck sorular, t\u00fcm hayat\u0131n\u0131 felsefeye adam\u0131\u015f bir filozofun \u00e7ocuklar\u0131 d\u00fc\u015f\u00fcnme sanat\u0131 ile tan\u0131\u015ft\u0131rmak amac\u0131yla kaleme ald\u0131\u011f\u0131 \u201cFilozof \u00c7ocuk\u201d serisinin de belkemi\u011fini olu\u015fturuyor.D\u00fc\u015f\u00fcnme eylemini \u00e7ocuklar i\u00e7in e\u011flenceli bir ser\u00fcvene d\u00f6n\u00fc\u015ft\u00fcren Oscar Brenifier, dizideki her kitab\u0131n ismini b\u00fct\u00fcnleyen yirmi iki b\u00fcy\u00fck soru yard\u0131m\u0131yla, okurlar\u0131n\u0131, d\u00fc\u015f\u00fcnceleri ile oynamaya ve g\u00f6r\u00fcnenin ard\u0131nda yatan ger\u00e7e\u011fi ke\u015ffetmeye \u00e7a\u011f\u0131r\u0131yor. Bu s\u0131ra d\u0131\u015f\u0131 ba\u015fvuru serisini \u00e7ocuklar i\u00e7in haz\u0131rlanan di\u011fer felsefe temal\u0131 kitaplardan ayr\u0131\u015ft\u0131ran en \u00f6nemli fark ise okurlar\u0131na kar\u015f\u0131 sergiledi\u011fi \u201csorgulama odakl\u0131\u201d tutum oluyor: Hayat\u0131, ucu buca\u011f\u0131 olmayan b\u00fcy\u00fck bir oyun alan\u0131na benzeten yazar, \u00e7ocuklara, ya\u015fama dair ufuk a\u00e7\u0131c\u0131 sorular y\u00f6neltirken yan\u0131t vermekten ka\u00e7\u0131narak, s\u00fcrekli soru sorma yoluyla gen\u00e7 beyinleri do\u011fru d\u00fc\u015f\u00fcnmeye y\u00f6nlendiriyor. T\u00fcrkiye\u2019de, d\u00fc\u015f\u00fcnme e\u011fitimi veren baz\u0131 okullarda kaynak kitap olarak \u00f6nerilen \u201cFilozof \u00c7ocuk\u201d, kendileriyle, hayatla ve d\u00fcnyayla ilgili \u00f6nemli sorular \u00fczerine kafa yoran t\u00fcm \u00e7ocuklar i\u00e7in benzersiz bir d\u00fc\u015f\u00fcnme prati\u011fi sunarken, kal\u0131pla\u015fm\u0131\u015f yan\u0131tlar yerine ele\u015ftirel olanlar\u0131 tercih eden yeti\u015fkinler i\u00e7in de de\u011ferli bir k\u0131lavuzluk g\u00f6revi \u00fcstleniyor.\u00c7ocuklar\u0131 ile ileti\u015fimini g\u00fc\u00e7lendirmek ve kaliteli zaman ge\u00e7irmek isteyen anne-babalar ve s\u0131n\u0131f i\u00e7i etkinliklerine yeni alternatifler olu\u015fturmak isteyen duyarl\u0131 \u00f6\u011fretmenler i\u00e7in de zengin bir i\u00e7erik sunan \u201cFilozof \u00c7ocuk\u201d, her ya\u015ftan okurlar i\u00e7in sorgulamalarla dolu keyifli bir d\u00fc\u015f\u00fcnme deneyimi vadediyor.<\/p>\n","protected":false},"excerpt":{"rendered":"<p>&#8220;Filozof \u00c7ocuk&#8221; serisi ile \u201cD\u00fc\u015f\u00fcnmek, \u00e7ocuk oyunca\u011f\u0131d\u0131r!\u201dD\u00fcnyaca \u00fcnl\u00fc Frans\u0131z d\u00fc\u015f\u00fcn\u00fcr, yazar Oscar Brenifier\u2019nin be\u011feniyle okunan yirmi iki kitapl\u0131k \u201cFilozof \u00c7ocuk\u201d serisi, \u015fimdi de set h\u00e2linde sat\u0131\u015fa<span class=\"excerpt-hellip\"> [\u2026]<\/span><\/p>\n","protected":false},"featured_media":0,"template":"","meta":{"_monsterinsights_skip_tracking":false,"_monsterinsights_sitenote_active":false,"_monsterinsights_sitenote_note":"","_monsterinsights_sitenote_category":0},"product_brand":[],"product_cat":[12274,12284],"product_tag":[],"class_list":{"0":"post-754141","1":"product","2":"type-product","3":"status-publish","5":"product_cat-cocuk-ve-genclik-kitaplari","6":"product_cat-hikayeler","7":"pa_cilt-ciltsiz","8":"pa_tur-kitap","9":"pa_yayinevi-tudem-yayinlari","10":"pa_yazar-oscar-brenifier","12":"first","13":"instock","14":"sale","15":"shipping-taxable","16":"purchasable","17":"product-type-simple"},"_links":{"self":[{"href":"https:\/\/roveyayinevi.com.tr\/index.php\/wp-json\/wp\/v2\/product\/754141","targetHints":{"allow":["GET"]}}],"collection":[{"href":"https:\/\/roveyayinevi.com.tr\/index.php\/wp-json\/wp\/v2\/product"}],"about":[{"href":"https:\/\/roveyayinevi.com.tr\/index.php\/wp-json\/wp\/v2\/types\/product"}],"wp:attachment":[{"href":"https:\/\/roveyayinevi.com.tr\/index.php\/wp-json\/wp\/v2\/media?parent=754141"}],"wp:term":[{"taxonomy":"product_brand","embeddable":true,"href":"https:\/\/roveyayinevi.com.tr\/index.php\/wp-json\/wp\/v2\/product_brand?post=754141"},{"taxonomy":"product_cat","embeddable":true,"href":"https:\/\/roveyayinevi.com.tr\/index.php\/wp-json\/wp\/v2\/product_cat?post=754141"},{"taxonomy":"product_tag","embeddable":true,"href":"https:\/\/roveyayinevi.com.tr\/index.php\/wp-json\/wp\/v2\/product_tag?post=754141"}],"curies":[{"name":"wp","href":"https:\/\/api.w.org\/{rel}","templated":true}]}}