{"id":754135,"date":"2025-08-28T06:02:32","date_gmt":"2025-08-28T03:02:32","guid":{"rendered":"https:\/\/roveyayinevi.com.tr\/index.php\/urun\/deprem-gecesinde-buyuk-sir\/"},"modified":"2026-04-08T03:14:31","modified_gmt":"2026-04-08T00:14:31","slug":"deprem-gecesinde-buyuk-sir","status":"publish","type":"product","link":"https:\/\/roveyayinevi.com.tr\/index.php\/urun\/deprem-gecesinde-buyuk-sir\/","title":{"rendered":"Deprem Gecesinde B\u00fcy\u00fck S\u0131r"},"content":{"rendered":"<p>Depremin yerle bir etti\u011fi apartmanda s\u0131k\u0131\u015fm\u0131\u015f, son nefesimi vermek \u00fczereydim. \u201cKurtar\u0131n beni!\u201d diye kendimi paral\u0131yordum ama feryad\u0131m\u0131 duyan yoktu. Tam \u00f6l\u00fcme yakla\u015ft\u0131\u011f\u0131m o esnada, esrarengiz bir hadiseyle kar\u015f\u0131la\u015ft\u0131m. \u00c2deta bir anda dilim, di\u015fim kitlendi, akl\u0131m ba\u015f\u0131mdan gitti. Hayret ve \u015fa\u015fk\u0131nl\u0131k i\u00e7inde kendimi kaybetmi\u015ftim. G\u00f6rd\u00fcklerim ve ya\u015fad\u0131klar\u0131m kar\u015f\u0131s\u0131nda h\u00e2l\u00e2 kendime gelmi\u015f de\u011filim. D\u00fcnyam\u0131 alt\u00fcst eden bu \u015fa\u015f\u0131rt\u0131c\u0131 hadisenin etkisinden \u00e7\u0131kamad\u0131m, bir t\u00fcrl\u00fc. Hayat\u0131mda yeni bir sayfa a\u00e7an bu ibretli olay\u0131 okuyunca, sizin de d\u00fcnyan\u0131zda \u00e7ok \u015feyin de\u011fi\u015fti\u011fini g\u00f6receksiniz. Hadi, ba\u015flayal\u0131m.<\/p>\n","protected":false},"excerpt":{"rendered":"<p>Depremin yerle bir etti\u011fi apartmanda s\u0131k\u0131\u015fm\u0131\u015f, son nefesimi vermek \u00fczereydim. \u201cKurtar\u0131n beni!\u201d diye kendimi paral\u0131yordum ama feryad\u0131m\u0131 duyan yoktu. Tam \u00f6l\u00fcme yakla\u015ft\u0131\u011f\u0131m o esnada, esrarengiz bir<span class=\"excerpt-hellip\"> [\u2026]<\/span><\/p>\n","protected":false},"featured_media":0,"template":"","meta":{"_monsterinsights_skip_tracking":false,"_monsterinsights_sitenote_active":false,"_monsterinsights_sitenote_note":"","_monsterinsights_sitenote_category":0},"product_brand":[],"product_cat":[12291,12711],"product_tag":[],"class_list":{"0":"post-754135","1":"product","2":"type-product","3":"status-publish","5":"product_cat-edebiyat","6":"product_cat-roman-oyku","7":"pa_cilt-ciltsiz","8":"pa_tur-kitap","9":"pa_yayinevi-nesil-yayinlari","10":"pa_yazar-halit-ertugrul","12":"first","13":"instock","14":"sale","15":"shipping-taxable","16":"purchasable","17":"product-type-simple"},"_links":{"self":[{"href":"https:\/\/roveyayinevi.com.tr\/index.php\/wp-json\/wp\/v2\/product\/754135","targetHints":{"allow":["GET"]}}],"collection":[{"href":"https:\/\/roveyayinevi.com.tr\/index.php\/wp-json\/wp\/v2\/product"}],"about":[{"href":"https:\/\/roveyayinevi.com.tr\/index.php\/wp-json\/wp\/v2\/types\/product"}],"wp:attachment":[{"href":"https:\/\/roveyayinevi.com.tr\/index.php\/wp-json\/wp\/v2\/media?parent=754135"}],"wp:term":[{"taxonomy":"product_brand","embeddable":true,"href":"https:\/\/roveyayinevi.com.tr\/index.php\/wp-json\/wp\/v2\/product_brand?post=754135"},{"taxonomy":"product_cat","embeddable":true,"href":"https:\/\/roveyayinevi.com.tr\/index.php\/wp-json\/wp\/v2\/product_cat?post=754135"},{"taxonomy":"product_tag","embeddable":true,"href":"https:\/\/roveyayinevi.com.tr\/index.php\/wp-json\/wp\/v2\/product_tag?post=754135"}],"curies":[{"name":"wp","href":"https:\/\/api.w.org\/{rel}","templated":true}]}}