{"id":754134,"date":"2025-08-28T06:02:31","date_gmt":"2025-08-28T03:02:31","guid":{"rendered":"https:\/\/roveyayinevi.com.tr\/index.php\/urun\/modern-ve-cagdas-sanat-kafasi\/"},"modified":"2026-03-12T03:15:49","modified_gmt":"2026-03-12T00:15:49","slug":"modern-ve-cagdas-sanat-kafasi","status":"publish","type":"product","link":"https:\/\/roveyayinevi.com.tr\/index.php\/urun\/modern-ve-cagdas-sanat-kafasi\/","title":{"rendered":"Modern ve \u00c7a\u011fda\u015f Sanat Kafas\u0131"},"content":{"rendered":"<p>Modern ve \u00e7a\u011fda\u015f sanat yap\u0131tlar\u0131, sanata dair geleneksel yakla\u015f\u0131mlar\u0131n d\u0131\u015f\u0131nda kalan g\u00f6r\u00fcn\u00fcmleri, teknikleri ve i\u00e7erikleriyle pek \u00e7ok ki\u015fiyi \u00e7e\u015fitli \u015fekillerde etkiliyor. Sanat\u0131 sevmek, anlamak, g\u00f6rmek, sanatla ilgilenmek hatta sanat\u0131n ne oldu\u011fu gibi meselelerin sorgulanmas\u0131nda d\u00f6n\u00fcm noktas\u0131 say\u0131lan modern ve \u00e7a\u011fda\u015f sanat, zihinlerdeki toplumsal, k\u00fclt\u00fcrel, siyasi, psikolojik ve ki\u015fisel kal\u0131plara m\u00fcdahale ediyor. Akademisyen, k\u00fcrat\u00f6r, sanat yazar\u0131 Marcus Graf\u2019\u0131n kaleme ald\u0131\u011f\u0131 Modern ve \u00c7a\u011fda\u015f Sanat Kafas\u0131, izleyicinin bu m\u00fcdahaleleri yorumlayabilmesine yard\u0131mc\u0131 oluyor. Graf\u2019\u0131n modern ve \u00e7a\u011fda\u015f sanat\u0131n kilometre ta\u015f\u0131 otuz sanat\u00e7\u0131y\u0131 ele ald\u0131\u011f\u0131 metinlerinden olu\u015fan kitap, okuru on dokuzuncu y\u00fczy\u0131l\u0131n ba\u015f\u0131ndan g\u00fcn\u00fcm\u00fcze uzanan bir sanat yolculu\u011funa \u00e7\u0131kar\u0131yor. Okura e\u015flik etmek \u00fczere se\u00e7ilen sanat\u00e7\u0131lar ve yap\u0131tlar\u0131 ise modern ve \u00e7a\u011fda\u015f d\u00f6nemin sosyok\u00fclt\u00fcrel ger\u00e7ekli\u011fini g\u00f6zler \u00f6n\u00fcne seriyor.   Modern d\u00fcnyada bireyin yaln\u0131zl\u0131\u011f\u0131n\u0131 g\u00f6rselle\u015ftiren Caspar David Friedrich ile ba\u015flayan okuma ser\u00fcveni, Goya, Courbet, van Gogh, Picasso, Kandinski gibi \u00f6nc\u00fc sanat\u00e7\u0131larla devam ediyor. Duchamp\u2019la birlikte bamba\u015fka bir d\u00fc\u015f\u00fcnce evrenine ge\u00e7i\u015f yap\u0131l\u0131yor. Graf, okuru Manzoni\u2019nin sanat \u00fcretim olarak ortaya koydu\u011fu d\u0131\u015fk\u0131s\u0131yla, Hirst\u2019in formaldehitle korudu\u011fu k\u00f6pekbal\u0131\u011f\u0131 cesediyle, Banksy\u2019nin sat\u0131n al\u0131nd\u0131\u011f\u0131nda kendini yok eden yap\u0131t\u0131yla, Cattelan\u2019\u0131n galeri duvar\u0131na yap\u0131\u015ft\u0131rarak ele\u015ftirel bir nesne haline getirdi\u011fi muzuyla kar\u015f\u0131la\u015ft\u0131r\u0131yor. Bu \u015fekilde Graf, okurun modern ve \u00e7a\u011fda\u015f sanat\u0131n alg\u0131-kavram d\u00fcnyas\u0131n\u0131 anlamas\u0131na yard\u0131mc\u0131 olacak bir \u0131\u015f\u0131k tutuyor. <\/p>\n","protected":false},"excerpt":{"rendered":"<p>Modern ve \u00e7a\u011fda\u015f sanat yap\u0131tlar\u0131, sanata dair geleneksel yakla\u015f\u0131mlar\u0131n d\u0131\u015f\u0131nda kalan g\u00f6r\u00fcn\u00fcmleri, teknikleri ve i\u00e7erikleriyle pek \u00e7ok ki\u015fiyi \u00e7e\u015fitli \u015fekillerde etkiliyor. Sanat\u0131 sevmek, anlamak, g\u00f6rmek, sanatla<span class=\"excerpt-hellip\"> [\u2026]<\/span><\/p>\n","protected":false},"featured_media":0,"template":"","meta":{"_monsterinsights_skip_tracking":false,"_monsterinsights_sitenote_active":false,"_monsterinsights_sitenote_note":"","_monsterinsights_sitenote_category":0},"product_brand":[],"product_cat":[13548,12408],"product_tag":[],"class_list":{"0":"post-754134","1":"product","2":"type-product","3":"status-publish","5":"product_cat-kuram","6":"product_cat-sanat","7":"pa_cilt-ciltsiz","8":"pa_tur-kitap","9":"pa_yayinevi-hayalperest-yayinlari","10":"pa_yazar-marcus-graf","12":"first","13":"instock","14":"sale","15":"shipping-taxable","16":"purchasable","17":"product-type-simple"},"_links":{"self":[{"href":"https:\/\/roveyayinevi.com.tr\/index.php\/wp-json\/wp\/v2\/product\/754134","targetHints":{"allow":["GET"]}}],"collection":[{"href":"https:\/\/roveyayinevi.com.tr\/index.php\/wp-json\/wp\/v2\/product"}],"about":[{"href":"https:\/\/roveyayinevi.com.tr\/index.php\/wp-json\/wp\/v2\/types\/product"}],"wp:attachment":[{"href":"https:\/\/roveyayinevi.com.tr\/index.php\/wp-json\/wp\/v2\/media?parent=754134"}],"wp:term":[{"taxonomy":"product_brand","embeddable":true,"href":"https:\/\/roveyayinevi.com.tr\/index.php\/wp-json\/wp\/v2\/product_brand?post=754134"},{"taxonomy":"product_cat","embeddable":true,"href":"https:\/\/roveyayinevi.com.tr\/index.php\/wp-json\/wp\/v2\/product_cat?post=754134"},{"taxonomy":"product_tag","embeddable":true,"href":"https:\/\/roveyayinevi.com.tr\/index.php\/wp-json\/wp\/v2\/product_tag?post=754134"}],"curies":[{"name":"wp","href":"https:\/\/api.w.org\/{rel}","templated":true}]}}