{"id":754133,"date":"2025-08-28T06:02:30","date_gmt":"2025-08-28T03:02:30","guid":{"rendered":"https:\/\/roveyayinevi.com.tr\/index.php\/urun\/subliminal-mesajlarla-bilincaltinin-gucu\/"},"modified":"2026-04-16T03:07:27","modified_gmt":"2026-04-16T00:07:27","slug":"subliminal-mesajlarla-bilincaltinin-gucu","status":"publish","type":"product","link":"https:\/\/roveyayinevi.com.tr\/index.php\/urun\/subliminal-mesajlarla-bilincaltinin-gucu\/","title":{"rendered":"Subliminal Mesajlarla Bilin\u00e7alt\u0131n\u0131n G\u00fcc\u00fc"},"content":{"rendered":"<p>Bilin\u00e7alt\u0131n\u0131z\u0131n gizli g\u00fcc\u00fcyle ileti\u015fime ge\u00e7meyi ve bu g\u00fcc\u00fc sizehizmet etmek \u00fczere serbest b\u0131rakmay\u0131 \u00f6\u011frenerek ya\u015fam\u0131n\u0131zadaha fazla g\u00fc\u00e7, daha fazla zenginlik, daha fazla sa\u011fl\u0131k, dahafazla mutluluk ve ne\u015fe getirebilirsiniz. Bu g\u00fc\u00e7 i\u00e7in d\u0131\u015far\u0131dan birdeste\u011fe ihtiyac\u0131n\u0131z yok, siz zaten ona sahipsiniz. Yaln\u0131zca onunas\u0131l kullanaca\u011f\u0131n\u0131z\u0131 \u00f6\u011frenmeniz ve hayat\u0131n\u0131z\u0131n her alan\u0131ndauygulayabilmek i\u00e7in iyice anlaman\u0131z gerekiyor.Bu kitapta yer alan basit teknikleri uygulad\u0131k\u00e7a ve \u00f6ne s\u00fcr\u00fclena\u015famalardan ge\u00e7tik\u00e7e, ihtiyac\u0131n\u0131z olan t\u00fcm bilgiye ve anlay\u0131\u015faula\u015facaks\u0131n\u0131z. Hayat\u0131n\u0131za yeni bir \u0131\u015f\u0131k do\u011facak ve umdu\u011funuz,hayalini kurdu\u011funuz ne varsa bunlar\u0131 ger\u00e7ekle\u015ftirecek g\u00fcc\u00fcharekete ge\u00e7ireceksiniz. \u00d6ncekinden \u00e7ok daha b\u00fcy\u00fck, \u00e7okdaha g\u00f6rkemli, \u00e7ok daha varl\u0131kl\u0131 ve bilge bir ya\u015fam\u0131ger\u00e7ekten se\u00e7iyor musunuz? Potansiyel g\u00fcc\u00fcn\u00fcz\u00fc bir kez ortaya \u00e7\u0131kard\u0131n\u0131z m\u0131 yolunuzdabolluk ve bereketle, g\u00fcvenle, ne\u015feyle, h\u00e2kimiyetle ilerlemeki\u00e7in gerekli bilgeli\u011fi elde etmi\u015f olursunuz.S\u0131n\u0131rs\u0131z bir bilgelik, s\u0131n\u0131rs\u0131z bir g\u00fc\u00e7 ve t\u00fcm ihtiya\u00e7lar\u0131n\u0131z\u0131kar\u015f\u0131layacak sonsuz bir kaynak bilin\u00e7alt\u0131n\u0131z\u0131n derinlerindeyat\u0131yor. Tek yapman\u0131z gereken onu ke\u015ffetmek ve hareketege\u00e7irmek. Subliminal Mesajlarla Bilin\u00e7alt\u0131n\u0131n G\u00fcc\u00fc kitab\u0131ylazihninizin derinliklerindeki bu potansiyeli bir kez fark ettiniz mi, onsuz ya\u015fayamayacaks\u0131n\u0131z.<\/p>\n","protected":false},"excerpt":{"rendered":"<p>Bilin\u00e7alt\u0131n\u0131z\u0131n gizli g\u00fcc\u00fcyle ileti\u015fime ge\u00e7meyi ve bu g\u00fcc\u00fc sizehizmet etmek \u00fczere serbest b\u0131rakmay\u0131 \u00f6\u011frenerek ya\u015fam\u0131n\u0131zadaha fazla g\u00fc\u00e7, daha fazla zenginlik, daha fazla sa\u011fl\u0131k, dahafazla mutluluk ve<span class=\"excerpt-hellip\"> [\u2026]<\/span><\/p>\n","protected":false},"featured_media":0,"template":"","meta":{"_monsterinsights_skip_tracking":false,"_monsterinsights_sitenote_active":false,"_monsterinsights_sitenote_note":"","_monsterinsights_sitenote_category":0},"product_brand":[],"product_cat":[12364,12376],"product_tag":[],"class_list":{"0":"post-754133","1":"product","2":"type-product","3":"status-publish","5":"product_cat-genel-konular","6":"product_cat-kisisel-gelisim","7":"pa_cilt-ciltsiz","8":"pa_tur-kitap","9":"pa_yayinevi-nemesis-kitap","10":"pa_yazar-joseph-murphy","12":"first","13":"instock","14":"sale","15":"shipping-taxable","16":"purchasable","17":"product-type-simple"},"_links":{"self":[{"href":"https:\/\/roveyayinevi.com.tr\/index.php\/wp-json\/wp\/v2\/product\/754133","targetHints":{"allow":["GET"]}}],"collection":[{"href":"https:\/\/roveyayinevi.com.tr\/index.php\/wp-json\/wp\/v2\/product"}],"about":[{"href":"https:\/\/roveyayinevi.com.tr\/index.php\/wp-json\/wp\/v2\/types\/product"}],"wp:attachment":[{"href":"https:\/\/roveyayinevi.com.tr\/index.php\/wp-json\/wp\/v2\/media?parent=754133"}],"wp:term":[{"taxonomy":"product_brand","embeddable":true,"href":"https:\/\/roveyayinevi.com.tr\/index.php\/wp-json\/wp\/v2\/product_brand?post=754133"},{"taxonomy":"product_cat","embeddable":true,"href":"https:\/\/roveyayinevi.com.tr\/index.php\/wp-json\/wp\/v2\/product_cat?post=754133"},{"taxonomy":"product_tag","embeddable":true,"href":"https:\/\/roveyayinevi.com.tr\/index.php\/wp-json\/wp\/v2\/product_tag?post=754133"}],"curies":[{"name":"wp","href":"https:\/\/api.w.org\/{rel}","templated":true}]}}