{"id":754132,"date":"2025-08-28T06:02:29","date_gmt":"2025-08-28T03:02:29","guid":{"rendered":"https:\/\/roveyayinevi.com.tr\/index.php\/urun\/7-uyanis-yuzlesme-kabul\/"},"modified":"2026-04-16T03:07:27","modified_gmt":"2026-04-16T00:07:27","slug":"7-uyanis-yuzlesme-kabul","status":"publish","type":"product","link":"https:\/\/roveyayinevi.com.tr\/index.php\/urun\/7-uyanis-yuzlesme-kabul\/","title":{"rendered":"7 Uyan\u0131\u015f Y\u00fczle\u015fme Kabul"},"content":{"rendered":"<p>Yedi g\u00fcn,yedi insan,yedi ya\u015fam \u00f6yk\u00fcs\u00fc&#8230; Bamba\u015fka hayatlardan gelen yedi ki\u015fi, bireysel ya\u015famlar\u0131ndakikaostan uzakla\u015fmay\u0131 ve sonsuz bir sakinli\u011fi istemektedir.Kendilerini beklenmedik bir \u015fekilde \u015fa\u015f\u0131rt\u0131c\u0131 bir yolculu\u011fun i\u00e7indebulurlar. Denizin ortas\u0131nda ka\u00e7maya ya da saklanmaya yerkalmam\u0131\u015ft\u0131r. Yedi g\u00fcn boyunca hayat\u0131n ak\u0131\u015f\u0131 s\u0131rad\u0131\u015f\u0131 bir dokunu\u015flaonlara yeni bir ya\u015fam\u0131n kap\u0131s\u0131n\u0131n anahtar\u0131n\u0131 sunar. Kap\u0131y\u0131 a\u00e7makya da s\u0131rt\u0131n\u0131 d\u00f6n\u00fcp gitmek art\u0131k onlar\u0131n tercihidir. G\u00fcne\u015fin, r\u00fczg\u00e2r\u0131n, denizin ve bakir do\u011fan\u0131n verdi\u011fi ilhamlabirbirlerinin varl\u0131\u011f\u0131na \u0131\u015f\u0131k tutan yedi ayr\u0131 ya\u015fam \u00f6yk\u00fcs\u00fcn\u00fcnde\u011fi\u015fim ve d\u00f6n\u00fc\u015f\u00fcm\u00fcne e\u015flik edeceksiniz. Gamze Sa\u011f\u0131ro\u011flu\u2019nun g\u00f6n\u00fcl g\u00f6z\u00fcyle kaleme ald\u0131\u011f\u0131 7 Uyan\u0131\u015fY\u00fczle\u015fme Kabul, insan\u0131n kendine yolculu\u011funda neyin \u00f6nemlioldu\u011funu anlamaya yard\u0131mc\u0131 oluyor. Ke\u015ffetmeyi ve merak\u0131 i\u00e7indebar\u0131nd\u0131ran, psikolojik sa\u011flaml\u0131k ve iyi olu\u015f halini g\u00fc\u00e7lendirenrehber niteli\u011finde bir ba\u015fucu kitab\u0131.<\/p>\n","protected":false},"excerpt":{"rendered":"<p>Yedi g\u00fcn,yedi insan,yedi ya\u015fam \u00f6yk\u00fcs\u00fc&#8230; Bamba\u015fka hayatlardan gelen yedi ki\u015fi, bireysel ya\u015famlar\u0131ndakikaostan uzakla\u015fmay\u0131 ve sonsuz bir sakinli\u011fi istemektedir.Kendilerini beklenmedik bir \u015fekilde \u015fa\u015f\u0131rt\u0131c\u0131 bir yolculu\u011fun i\u00e7indebulurlar. Denizin<span class=\"excerpt-hellip\"> [\u2026]<\/span><\/p>\n","protected":false},"featured_media":0,"template":"","meta":{"_monsterinsights_skip_tracking":false,"_monsterinsights_sitenote_active":false,"_monsterinsights_sitenote_note":"","_monsterinsights_sitenote_category":0},"product_brand":[],"product_cat":[12364,12376],"product_tag":[],"class_list":{"0":"post-754132","1":"product","2":"type-product","3":"status-publish","5":"product_cat-genel-konular","6":"product_cat-kisisel-gelisim","7":"pa_cilt-ciltsiz","8":"pa_tur-kitap","9":"pa_yayinevi-nemesis-kitap","10":"pa_yazar-gamze-sagiroglu","12":"first","13":"instock","14":"sale","15":"shipping-taxable","16":"purchasable","17":"product-type-simple"},"_links":{"self":[{"href":"https:\/\/roveyayinevi.com.tr\/index.php\/wp-json\/wp\/v2\/product\/754132","targetHints":{"allow":["GET"]}}],"collection":[{"href":"https:\/\/roveyayinevi.com.tr\/index.php\/wp-json\/wp\/v2\/product"}],"about":[{"href":"https:\/\/roveyayinevi.com.tr\/index.php\/wp-json\/wp\/v2\/types\/product"}],"wp:attachment":[{"href":"https:\/\/roveyayinevi.com.tr\/index.php\/wp-json\/wp\/v2\/media?parent=754132"}],"wp:term":[{"taxonomy":"product_brand","embeddable":true,"href":"https:\/\/roveyayinevi.com.tr\/index.php\/wp-json\/wp\/v2\/product_brand?post=754132"},{"taxonomy":"product_cat","embeddable":true,"href":"https:\/\/roveyayinevi.com.tr\/index.php\/wp-json\/wp\/v2\/product_cat?post=754132"},{"taxonomy":"product_tag","embeddable":true,"href":"https:\/\/roveyayinevi.com.tr\/index.php\/wp-json\/wp\/v2\/product_tag?post=754132"}],"curies":[{"name":"wp","href":"https:\/\/api.w.org\/{rel}","templated":true}]}}