{"id":754131,"date":"2025-08-28T06:02:27","date_gmt":"2025-08-28T03:02:27","guid":{"rendered":"https:\/\/roveyayinevi.com.tr\/index.php\/urun\/kalabaliklarin-hezeyani\/"},"modified":"2026-04-16T03:07:27","modified_gmt":"2026-04-16T00:07:27","slug":"kalabaliklarin-hezeyani","status":"publish","type":"product","link":"https:\/\/roveyayinevi.com.tr\/index.php\/urun\/kalabaliklarin-hezeyani\/","title":{"rendered":"Kalabal\u0131klar\u0131n Hezeyan\u0131"},"content":{"rendered":"<p>\u201cHikaye anlatan maymunlar\u0131z biz. Yalan ya da yanl\u0131\u015f olmas\u0131 fark etmez, yeteri kadar ilgin\u00e7 olan bir hikaye hakikati hemen her zaman sollayabilir.\u201d  Yazar William Bernstein, bu ihtimaml\u0131 \u00e7al\u0131\u015fmas\u0131nda kalabal\u0131klar\u0131n kap\u0131ld\u0131\u011f\u0131 hezeyanlar\u0131n zaman ve co\u011frafyadan ba\u011f\u0131ms\u0131z bir insanl\u0131k sabitesi oldu\u011funu \u00e7arp\u0131c\u0131 bir \u015fekilde g\u00f6zler \u00f6n\u00fcne seriyor. \u0130nsan topluluklar\u0131n\u0131n en olmad\u0131k fikirlerin pe\u015finden s\u00fcr\u00fcklenmesinin bir ahir zaman acayipli\u011fi olmad\u0131\u011f\u0131n\u0131 son 500 y\u0131ldan dev\u015firdi\u011fi vakalarla ortaya koyarak, bu fenomenin k\u00f6kenindeki biyolojik, evrimsel ve psikososyal mekanizmalar\u0131 bir bir masaya yat\u0131r\u0131yor.D\u00fcnyan\u0131n sonunun gelece\u011fine inanan ve kendi \u015fehir devletlerini kurmaya giri\u015fen radikal Hristiyanlar, madrabaz bir demiryolu finans\u00f6r\u00fcne milyonlar\u0131n\u0131 kapt\u0131ran \u0130ngilizler, al renkli bir buza\u011f\u0131n\u0131n k\u0131yamet alameti oldu\u011funu d\u00fc\u015f\u00fcnen Yahudiler\u2026 Kalabal\u0131klar\u0131n Hezeyan\u0131, insanlar\u0131n kendini kand\u0131rma ve en olmad\u0131k \u015feylere inanma becerisini hafife almamak gerekti\u011fini bize s\u00f6yleyen, okuyucusunun hayret vitesini sayfalar boyunca y\u00fcksek tutmay\u0131 ba\u015faran, insana dair, insanc\u0131l bir eser.<\/p>\n","protected":false},"excerpt":{"rendered":"<p>\u201cHikaye anlatan maymunlar\u0131z biz. Yalan ya da yanl\u0131\u015f olmas\u0131 fark etmez, yeteri kadar ilgin\u00e7 olan bir hikaye hakikati hemen her zaman sollayabilir.\u201d Yazar William Bernstein, bu<span class=\"excerpt-hellip\"> [\u2026]<\/span><\/p>\n","protected":false},"featured_media":0,"template":"","meta":{"_monsterinsights_skip_tracking":false,"_monsterinsights_sitenote_active":false,"_monsterinsights_sitenote_note":"","_monsterinsights_sitenote_category":0},"product_brand":[],"product_cat":[12357],"product_tag":[],"class_list":{"0":"post-754131","1":"product","2":"type-product","3":"status-publish","5":"product_cat-psikoloji","6":"pa_cilt-ciltsiz","7":"pa_tur-kitap","8":"pa_yayinevi-okuyan-us-yayin","9":"pa_yazar-william-j-bernstein","11":"first","12":"instock","13":"sale","14":"shipping-taxable","15":"purchasable","16":"product-type-simple"},"_links":{"self":[{"href":"https:\/\/roveyayinevi.com.tr\/index.php\/wp-json\/wp\/v2\/product\/754131","targetHints":{"allow":["GET"]}}],"collection":[{"href":"https:\/\/roveyayinevi.com.tr\/index.php\/wp-json\/wp\/v2\/product"}],"about":[{"href":"https:\/\/roveyayinevi.com.tr\/index.php\/wp-json\/wp\/v2\/types\/product"}],"wp:attachment":[{"href":"https:\/\/roveyayinevi.com.tr\/index.php\/wp-json\/wp\/v2\/media?parent=754131"}],"wp:term":[{"taxonomy":"product_brand","embeddable":true,"href":"https:\/\/roveyayinevi.com.tr\/index.php\/wp-json\/wp\/v2\/product_brand?post=754131"},{"taxonomy":"product_cat","embeddable":true,"href":"https:\/\/roveyayinevi.com.tr\/index.php\/wp-json\/wp\/v2\/product_cat?post=754131"},{"taxonomy":"product_tag","embeddable":true,"href":"https:\/\/roveyayinevi.com.tr\/index.php\/wp-json\/wp\/v2\/product_tag?post=754131"}],"curies":[{"name":"wp","href":"https:\/\/api.w.org\/{rel}","templated":true}]}}