{"id":754129,"date":"2025-08-28T06:02:24","date_gmt":"2025-08-28T03:02:24","guid":{"rendered":"https:\/\/roveyayinevi.com.tr\/index.php\/urun\/tasitlar-dunyami-kesfediyorum-ciltli\/"},"modified":"2026-04-16T03:07:27","modified_gmt":"2026-04-16T00:07:27","slug":"tasitlar-dunyami-kesfediyorum-ciltli","status":"publish","type":"product","link":"https:\/\/roveyayinevi.com.tr\/index.php\/urun\/tasitlar-dunyami-kesfediyorum-ciltli\/","title":{"rendered":"Ta\u015f\u0131tlar D\u00fcnyam\u0131 Ke\u015ffediyorum (Ciltli)"},"content":{"rendered":"<p>\u015eimdi arabaday\u0131m. Bazen de otob\u00fcse biniyorum. Ama daha bir\u00e7ok ta\u015f\u0131t var. Mesela, kamyon, \u00e7\u00f6p arabas\u0131, tanker&#8230; En faydal\u0131lar\u0131 ambulans, polis ve itfaiye arac\u0131! Ayr\u0131ca bir de i\u015f makineleri var, mesela trakt\u00f6r, dozer, vin\u00e7 ve kaz\u0131c\u0131&#8230; Birbirinden ilgin\u00e7 ara\u00e7lar\u0131, e\u011flenceli resimler ile kolay anla\u015f\u0131l\u0131r bir hik\u00e2ye e\u015fli\u011finde tan\u0131tan, ne\u015feli bir kitap. 12 ay ve \u00fczeri minikleri, onlar\u0131 \u00e7evreleyen d\u00fcnya ile bulu\u015fturuyor. <\/p>\n","protected":false},"excerpt":{"rendered":"<p>\u015eimdi arabaday\u0131m. Bazen de otob\u00fcse biniyorum. Ama daha bir\u00e7ok ta\u015f\u0131t var. Mesela, kamyon, \u00e7\u00f6p arabas\u0131, tanker&#8230; En faydal\u0131lar\u0131 ambulans, polis ve itfaiye arac\u0131! Ayr\u0131ca bir de<span class=\"excerpt-hellip\"> [\u2026]<\/span><\/p>\n","protected":false},"featured_media":0,"template":"","meta":{"_monsterinsights_skip_tracking":false,"_monsterinsights_sitenote_active":false,"_monsterinsights_sitenote_note":"","_monsterinsights_sitenote_category":0},"product_brand":[],"product_cat":[12274,12518],"product_tag":[],"class_list":{"0":"post-754129","1":"product","2":"type-product","3":"status-publish","5":"product_cat-cocuk-ve-genclik-kitaplari","6":"product_cat-okul-oncesi-kitaplar","7":"pa_cilt-ciltli","8":"pa_tur-kitap","9":"pa_yayinevi-domingo-yayinevi","10":"pa_yazar-liesbet-slegers","12":"first","13":"instock","14":"sale","15":"shipping-taxable","16":"purchasable","17":"product-type-simple"},"_links":{"self":[{"href":"https:\/\/roveyayinevi.com.tr\/index.php\/wp-json\/wp\/v2\/product\/754129","targetHints":{"allow":["GET"]}}],"collection":[{"href":"https:\/\/roveyayinevi.com.tr\/index.php\/wp-json\/wp\/v2\/product"}],"about":[{"href":"https:\/\/roveyayinevi.com.tr\/index.php\/wp-json\/wp\/v2\/types\/product"}],"wp:attachment":[{"href":"https:\/\/roveyayinevi.com.tr\/index.php\/wp-json\/wp\/v2\/media?parent=754129"}],"wp:term":[{"taxonomy":"product_brand","embeddable":true,"href":"https:\/\/roveyayinevi.com.tr\/index.php\/wp-json\/wp\/v2\/product_brand?post=754129"},{"taxonomy":"product_cat","embeddable":true,"href":"https:\/\/roveyayinevi.com.tr\/index.php\/wp-json\/wp\/v2\/product_cat?post=754129"},{"taxonomy":"product_tag","embeddable":true,"href":"https:\/\/roveyayinevi.com.tr\/index.php\/wp-json\/wp\/v2\/product_tag?post=754129"}],"curies":[{"name":"wp","href":"https:\/\/api.w.org\/{rel}","templated":true}]}}