{"id":754127,"date":"2025-08-28T06:02:20","date_gmt":"2025-08-28T03:02:20","guid":{"rendered":"https:\/\/roveyayinevi.com.tr\/index.php\/urun\/bahcedeki-gizli-kahraman\/"},"modified":"2026-04-16T03:07:27","modified_gmt":"2026-04-16T00:07:27","slug":"bahcedeki-gizli-kahraman","status":"publish","type":"product","link":"https:\/\/roveyayinevi.com.tr\/index.php\/urun\/bahcedeki-gizli-kahraman\/","title":{"rendered":"Bah\u00e7edeki Gizli Kahraman"},"content":{"rendered":"<p>\u00c7ocuk ruh sa\u011fl\u0131\u011f\u0131 alan\u0131nda uzun y\u0131llard\u0131r s\u00fcrd\u00fcrd\u00fc\u011f\u00fc ba\u015far\u0131l\u0131 \u00e7al\u0131\u015fmalar\u0131yla tan\u0131nan klinik psikolog Prof. Dr. Ferhunde \u00d6ktem, \u00e7ocuklar\u0131n ya\u015famlar\u0131na bu kez yaz\u0131l\u0131 bir eserle dokunuyor. \u0130lk \u00e7ocuk kitab\u0131 \u00abBah\u00e7edeki Gizli Kahraman, Solu Can \u00bb nda, kendi benli\u011fini ve t\u00fcr\u00fcne \u00f6zg\u00fc yeteneklerini ke\u015ffetme yolundaki bir solucanla tan\u0131\u015f\u0131yoruz. Solu Can\u2019\u0131n t\u00fcrl\u00fc maceralar\u0131yla kalbimiz \u00e7arparken bir yandan da onun, ekosistem i\u00e7in ne denli \u00f6nemli bir canl\u0131 oldu\u011funu anl\u0131yoruz. \u00d6znur S\u00f6nmez\u2019in g\u00f6z al\u0131c\u0131 renkleri ve desenleriyle sar\u0131p sarmalanaca\u011f\u0131n\u0131z bu kitap, sayfalar\u0131n\u0131n tad\u0131n\u0131 \u00e7\u0131karman\u0131z i\u00e7in sizi bekliyor\u2026   Arka Kapak Yaz\u0131s\u0131 : Zeyneplerin bah\u00e7esinde gizli bir kahraman ya\u015f\u0131yor.  Bu kahraman\u0131n \u00e7ok \u00f6zel yetenekleri var. Ama kendisinin bir kahraman oldu\u011fundan hen\u00fcz haberi yok. Salyangozlara, t\u0131rt\u0131llara, kar\u0131ncalara \u00f6zeniyor.  Bir bilseniz, bu y\u00fczden ba\u015f\u0131na neler geliyor\u2026   Tema: Kim oldu\u011fumuz, Gezegeni payla\u015fmak Kavramlar ve Anahtar S\u00f6zc\u00fckler: B\u0130REY VE TOPLUM, farkl\u0131l\u0131klar, kendini tan\u0131ma, DO\u011eA VE EVREN, hayvanlar, solucan, DUYGULAR Tutum ve De\u011ferler: De\u011fer bilme, istekli olma, ba\u011f\u0131ms\u0131z davranma, sayg\u0131 Profil \u00d6\u011feleri: Riski g\u00f6ze alan, d\u00f6n\u00fc\u015f\u00fcml\u00fc d\u00fc\u015f\u00fcnen 4+ ya\u015f (Anas\u0131n\u0131f\u0131 &#8211; 1-2. s\u0131n\u0131f)     K\u0130TAPTAN   O g\u00fcn Zeyneplerde bir ko\u015fu\u015fturma vard\u0131. Zeynep\u2019in kuzenleri Doruk ve Yama\u00e7 i\u00e7in s\u00fcrpriz do\u011fum g\u00fcn\u00fc kutlamas\u0131 yap\u0131lacakt\u0131. Doruk\u2019la Yama\u00e7\u2019\u0131n annesi Nilg\u00fcn Han\u0131m pastay\u0131 yapm\u0131\u015f, Ferhunde Han\u0131m limonatalar\u0131 haz\u0131rlam\u0131\u015f, s\u00fcsl\u00fc \u00e7\u00f6rekler, kurabiyeler pi\u015firmi\u015fti. Zeynep\u2019in day\u0131s\u0131 Mehmet Bey ve babas\u0131 Ahmet Bey \u00e7ocuklar i\u00e7in bir s\u00fcr\u00fc oyun haz\u0131rlam\u0131\u015flard\u0131. Konuklar gelmeye ba\u015flad\u0131, hepsi tek tek kap\u0131da kar\u015f\u0131land\u0131. Saks\u0131n\u0131n dibindeki solucan, her zamanki gibi olan biteni izliyordu. *** Bizim Solu Can, yine bir gu\u0308n merakla bah\u00e7eyi g\u00f6zetliyordu. Son zamanlarda hayran hayran salyangozlar\u0131 izliyordu. \u00c7u\u0308nku\u0308 onlar\u0131n kabuklar\u0131na \u00e7ok \u00f6zeniyordu. Kendi derisi \u00e7ok yumu\u015fakt\u0131, biraz gu\u0308ne\u015f g\u00f6rse kuruyordu, onu koruyacak bir kabu\u011fu yoktu. Salyangozlarsa tehlikeli bir durum oldu\u011funda kabuklar\u0131n\u0131n i\u00e7ine ka\u00e7\u0131veriyorlard\u0131. *** Sonunda ba\u015fard\u0131. Bir kabu\u011funun olmas\u0131 \u00e7ok ho\u015funa gitmi\u015fti. Ama bu duygu k\u0131sa su\u0308rdu\u0308. Hava \u0131s\u0131nd\u0131k\u00e7a kabuk da \u0131s\u0131nmaya ba\u015flad\u0131. Solu Can \u00e7ok rahats\u0131zd\u0131. \u00c7\u0131kmaya \u00e7al\u0131\u015ft\u0131 ama u\u011fra\u015ft\u0131k\u00e7a daha da s\u0131k\u0131\u015ft\u0131.   *** Solu Can\u2019sa g\u00f6zlerini boyalardan alam\u0131yordu. \u0130\u015fte bekledi\u011fi f\u0131rsat kar\u015f\u0131s\u0131na \u00e7\u0131km\u0131\u015ft\u0131. Boyalar oradayd\u0131, t\u0131rt\u0131llar\u0131nki gibi reng\u00e2renk bir derisi olabilirdi. Olabildi\u011fince h\u0131zla boyalara do\u011fru yakla\u015ft\u0131. Tu\u0308m renklerin u\u0308zerinde d\u00f6ne d\u00f6ne boyanmaya ba\u015flad\u0131. Kuyru\u011fu t\u0131rt\u0131llar\u0131nkinden bile gu\u0308zel olmu\u015ftu. <\/p>\n","protected":false},"excerpt":{"rendered":"<p>\u00c7ocuk ruh sa\u011fl\u0131\u011f\u0131 alan\u0131nda uzun y\u0131llard\u0131r s\u00fcrd\u00fcrd\u00fc\u011f\u00fc ba\u015far\u0131l\u0131 \u00e7al\u0131\u015fmalar\u0131yla tan\u0131nan klinik psikolog Prof. Dr. Ferhunde \u00d6ktem, \u00e7ocuklar\u0131n ya\u015famlar\u0131na bu kez yaz\u0131l\u0131 bir eserle dokunuyor. \u0130lk \u00e7ocuk<span class=\"excerpt-hellip\"> [\u2026]<\/span><\/p>\n","protected":false},"featured_media":0,"template":"","meta":{"_monsterinsights_skip_tracking":false,"_monsterinsights_sitenote_active":false,"_monsterinsights_sitenote_note":"","_monsterinsights_sitenote_category":0},"product_brand":[],"product_cat":[12274,12284],"product_tag":[],"class_list":{"0":"post-754127","1":"product","2":"type-product","3":"status-publish","5":"product_cat-cocuk-ve-genclik-kitaplari","6":"product_cat-hikayeler","7":"pa_cilt-ciltsiz","8":"pa_tur-kitap","9":"pa_yayinevi-elma-cocuk","10":"pa_yazar-ferhunde-oktem","12":"first","13":"instock","14":"sale","15":"shipping-taxable","16":"purchasable","17":"product-type-simple"},"_links":{"self":[{"href":"https:\/\/roveyayinevi.com.tr\/index.php\/wp-json\/wp\/v2\/product\/754127","targetHints":{"allow":["GET"]}}],"collection":[{"href":"https:\/\/roveyayinevi.com.tr\/index.php\/wp-json\/wp\/v2\/product"}],"about":[{"href":"https:\/\/roveyayinevi.com.tr\/index.php\/wp-json\/wp\/v2\/types\/product"}],"wp:attachment":[{"href":"https:\/\/roveyayinevi.com.tr\/index.php\/wp-json\/wp\/v2\/media?parent=754127"}],"wp:term":[{"taxonomy":"product_brand","embeddable":true,"href":"https:\/\/roveyayinevi.com.tr\/index.php\/wp-json\/wp\/v2\/product_brand?post=754127"},{"taxonomy":"product_cat","embeddable":true,"href":"https:\/\/roveyayinevi.com.tr\/index.php\/wp-json\/wp\/v2\/product_cat?post=754127"},{"taxonomy":"product_tag","embeddable":true,"href":"https:\/\/roveyayinevi.com.tr\/index.php\/wp-json\/wp\/v2\/product_tag?post=754127"}],"curies":[{"name":"wp","href":"https:\/\/api.w.org\/{rel}","templated":true}]}}