{"id":754119,"date":"2025-08-28T06:02:07","date_gmt":"2025-08-28T03:02:07","guid":{"rendered":"https:\/\/roveyayinevi.com.tr\/index.php\/urun\/baskalarinin-acisina-bakmak\/"},"modified":"2026-04-08T03:14:31","modified_gmt":"2026-04-08T00:14:31","slug":"baskalarinin-acisina-bakmak","status":"publish","type":"product","link":"https:\/\/roveyayinevi.com.tr\/index.php\/urun\/baskalarinin-acisina-bakmak\/","title":{"rendered":"Ba\u015fkalar\u0131n\u0131n Ac\u0131s\u0131na Bakmak"},"content":{"rendered":"<p>Ba\u015fka bir \u00fclkede meydana gelen felaketlerin seyircisi olmak, gazeteciler diye bilinen profesyonel, uzman turistlerin bir bu\u00e7uk asr\u0131 a\u015fk\u0131n s\u00fcrelik maceralar\u0131nda gittik\u00e7e katlanan birikimleriyle do\u011frudan ilintili olan, esasl\u0131 bir modern deneyimdir. \u00d6yle ki, art\u0131k sava\u015flar hepimizin oturma odalar\u0131nda s\u00fck\u00fbnet i\u00e7inde seyredilip dinlenen g\u00f6r\u00fcnt\u00fc ve seslere d\u00f6n\u00fc\u015fm\u00fc\u015f durumdad\u0131r.Modern hayat\u0131n temel \u00f6zelliklerinden biri, d\u00fcnyan\u0131n d\u00f6rt bir k\u00f6\u015fesinde ya\u015fanan deh\u015feti uzaktan, foto\u011fraf arac\u0131l\u0131\u011f\u0131yla izleyebilmek i\u00e7in say\u0131s\u0131z imk\u00e2n sunmas\u0131d\u0131r. Peki, d\u00fcnyay\u0131 g\u00f6rme bi\u00e7imimizin temel par\u00e7alar\u0131ndan birini olu\u015fturan foto\u011fraf, bakan\u0131n ger\u00e7eklik alg\u0131s\u0131n\u0131 a\u015f\u0131nd\u0131r\u0131r m\u0131? Bizden uzaktaki insanlar\u0131n ac\u0131lar\u0131yla hakiki bir ba\u011f kurabilir miyiz?G\u00fcn\u00fcm\u00fczde bir klasik haline gelen Foto\u011fraf \u00dczerine kitab\u0131ndan yirmi y\u0131ldan fazla bir s\u00fcre sonra yay\u0131mlanan Ba\u015fkalar\u0131n\u0131n Ac\u0131s\u0131na Bakmak, g\u00f6r\u00fcnt\u00fclerin kullan\u0131m bi\u00e7imlerinin yan\u0131 s\u0131ra, \u015fiddetin g\u00f6rsel temsilinin, sava\u015f g\u00f6r\u00fcnt\u00fclerinin ekran arac\u0131l\u0131\u011f\u0131yla s\u0131radanla\u015fmas\u0131n\u0131, bunun \u00e7a\u011fda\u015f toplum \u00fczerindeki etkilerini ve tehlikelerini soru\u015fturuyor.\u201cBa\u015fkalar\u0131n\u0131n Ac\u0131s\u0131na Bakmak, insan\u0131 d\u00fcnyay\u0131 oldu\u011fu gibi g\u00f6rmeye, onun temsil edilme bi\u00e7imleri \u00fczerine kafa yormaya, hatta onu de\u011fi\u015ftirmeye y\u00f6nelik bir \u015feyler yapmaya te\u015fvik ediyor.\u201dThe New York Times Magazine<\/p>\n","protected":false},"excerpt":{"rendered":"<p>Ba\u015fka bir \u00fclkede meydana gelen felaketlerin seyircisi olmak, gazeteciler diye bilinen profesyonel, uzman turistlerin bir bu\u00e7uk asr\u0131 a\u015fk\u0131n s\u00fcrelik maceralar\u0131nda gittik\u00e7e katlanan birikimleriyle do\u011frudan ilintili olan,<span class=\"excerpt-hellip\"> [\u2026]<\/span><\/p>\n","protected":false},"featured_media":0,"template":"","meta":{"_monsterinsights_skip_tracking":false,"_monsterinsights_sitenote_active":false,"_monsterinsights_sitenote_note":"","_monsterinsights_sitenote_category":0},"product_brand":[],"product_cat":[12777,12291],"product_tag":[],"class_list":{"0":"post-754119","1":"product","2":"type-product","3":"status-publish","5":"product_cat-deneme","6":"product_cat-edebiyat","7":"pa_cilt-ciltsiz","8":"pa_tur-kitap","9":"pa_yayinevi-can-yayinlari","10":"pa_yazar-susan-sontag","12":"first","13":"instock","14":"sale","15":"shipping-taxable","16":"purchasable","17":"product-type-simple"},"_links":{"self":[{"href":"https:\/\/roveyayinevi.com.tr\/index.php\/wp-json\/wp\/v2\/product\/754119","targetHints":{"allow":["GET"]}}],"collection":[{"href":"https:\/\/roveyayinevi.com.tr\/index.php\/wp-json\/wp\/v2\/product"}],"about":[{"href":"https:\/\/roveyayinevi.com.tr\/index.php\/wp-json\/wp\/v2\/types\/product"}],"wp:attachment":[{"href":"https:\/\/roveyayinevi.com.tr\/index.php\/wp-json\/wp\/v2\/media?parent=754119"}],"wp:term":[{"taxonomy":"product_brand","embeddable":true,"href":"https:\/\/roveyayinevi.com.tr\/index.php\/wp-json\/wp\/v2\/product_brand?post=754119"},{"taxonomy":"product_cat","embeddable":true,"href":"https:\/\/roveyayinevi.com.tr\/index.php\/wp-json\/wp\/v2\/product_cat?post=754119"},{"taxonomy":"product_tag","embeddable":true,"href":"https:\/\/roveyayinevi.com.tr\/index.php\/wp-json\/wp\/v2\/product_tag?post=754119"}],"curies":[{"name":"wp","href":"https:\/\/api.w.org\/{rel}","templated":true}]}}