{"id":754118,"date":"2025-08-28T06:02:05","date_gmt":"2025-08-28T03:02:05","guid":{"rendered":"https:\/\/roveyayinevi.com.tr\/index.php\/urun\/doktor-dinozorla-yaziya-yolculuk-kesiflerle-dunya-tarihi-2\/"},"modified":"2026-04-16T03:07:26","modified_gmt":"2026-04-16T00:07:26","slug":"doktor-dinozorla-yaziya-yolculuk-kesiflerle-dunya-tarihi-2","status":"publish","type":"product","link":"https:\/\/roveyayinevi.com.tr\/index.php\/urun\/doktor-dinozorla-yaziya-yolculuk-kesiflerle-dunya-tarihi-2\/","title":{"rendered":"Doktor Dinozor&#8217;la Yaz\u0131ya Yolculuk &#8211; Ke\u015fiflerle D\u00fcnya Tarihi 2"},"content":{"rendered":"<p>Yaz\u0131y\u0131 ilk kim, hangi sebeple ke\u015ffetti?Yaz\u0131n\u0131n bulunmas\u0131 hangi ke\u015fiflerin \u00f6n\u00fcn\u00fc a\u00e7t\u0131?\u0130lk yaz\u0131 nereye yaz\u0131ld\u0131? Bu sorular\u0131n cevab\u0131n\u0131 merak ediyor musunuz?O zaman Doktor Dinozor ve ekibiyle tan\u0131\u015f\u0131n!\u00d6\u011frenmeye ve \u00f6\u011fretmeye merakl\u0131 Doktor Dinozor, e\u011flenceli oldu\u011fu kadar tembel Dino ve kendini s\u00fcrekli geli\u015ftiren Bay Beyin yaz\u0131n\u0131n tarihini \u00f6\u011frenmek i\u00e7in M\u00d6 3500 y\u0131l\u0131na yolculuk yap\u0131yor.S\u0131k\u0131 tutunun, yaz\u0131n\u0131n ilk yaz\u0131ld\u0131\u011f\u0131 ana gidiyoruz!<\/p>\n","protected":false},"excerpt":{"rendered":"<p>Yaz\u0131y\u0131 ilk kim, hangi sebeple ke\u015ffetti?Yaz\u0131n\u0131n bulunmas\u0131 hangi ke\u015fiflerin \u00f6n\u00fcn\u00fc a\u00e7t\u0131?\u0130lk yaz\u0131 nereye yaz\u0131ld\u0131? Bu sorular\u0131n cevab\u0131n\u0131 merak ediyor musunuz?O zaman Doktor Dinozor ve ekibiyle tan\u0131\u015f\u0131n!\u00d6\u011frenmeye<span class=\"excerpt-hellip\"> [\u2026]<\/span><\/p>\n","protected":false},"featured_media":0,"template":"","meta":{"_monsterinsights_skip_tracking":false,"_monsterinsights_sitenote_active":false,"_monsterinsights_sitenote_note":"","_monsterinsights_sitenote_category":0},"product_brand":[],"product_cat":[12274,12284],"product_tag":[],"class_list":{"0":"post-754118","1":"product","2":"type-product","3":"status-publish","5":"product_cat-cocuk-ve-genclik-kitaplari","6":"product_cat-hikayeler","7":"pa_cilt-ciltsiz","8":"pa_tur-kitap","9":"pa_yayinevi-timas-cocuk","10":"pa_yazar-nurlan-nazli-kaya","12":"first","13":"instock","14":"sale","15":"shipping-taxable","16":"purchasable","17":"product-type-simple"},"_links":{"self":[{"href":"https:\/\/roveyayinevi.com.tr\/index.php\/wp-json\/wp\/v2\/product\/754118","targetHints":{"allow":["GET"]}}],"collection":[{"href":"https:\/\/roveyayinevi.com.tr\/index.php\/wp-json\/wp\/v2\/product"}],"about":[{"href":"https:\/\/roveyayinevi.com.tr\/index.php\/wp-json\/wp\/v2\/types\/product"}],"wp:attachment":[{"href":"https:\/\/roveyayinevi.com.tr\/index.php\/wp-json\/wp\/v2\/media?parent=754118"}],"wp:term":[{"taxonomy":"product_brand","embeddable":true,"href":"https:\/\/roveyayinevi.com.tr\/index.php\/wp-json\/wp\/v2\/product_brand?post=754118"},{"taxonomy":"product_cat","embeddable":true,"href":"https:\/\/roveyayinevi.com.tr\/index.php\/wp-json\/wp\/v2\/product_cat?post=754118"},{"taxonomy":"product_tag","embeddable":true,"href":"https:\/\/roveyayinevi.com.tr\/index.php\/wp-json\/wp\/v2\/product_tag?post=754118"}],"curies":[{"name":"wp","href":"https:\/\/api.w.org\/{rel}","templated":true}]}}