{"id":754117,"date":"2025-08-28T06:02:03","date_gmt":"2025-08-28T03:02:03","guid":{"rendered":"https:\/\/roveyayinevi.com.tr\/index.php\/urun\/filozofya\/"},"modified":"2026-04-16T03:07:26","modified_gmt":"2026-04-16T00:07:26","slug":"filozofya","status":"publish","type":"product","link":"https:\/\/roveyayinevi.com.tr\/index.php\/urun\/filozofya\/","title":{"rendered":"Filozofya"},"content":{"rendered":"<p>Gizemli duvar\u0131n arkas\u0131nda\u2026 Birbirinden farkl\u0131 karakterler\u2026 Birbirinden tuhaf olaylar\u2026 Birbirinden ilgin\u00e7 sorular ve bamba\u015fka cevaplar\u2026 Her \u015fey, Kerem\u2019e verilen bir \u00f6devle ba\u015flad\u0131. Her \u015feyi sorgulamaya ba\u015flayan Kerem\u2019e duvar\u0131n arkas\u0131ndaki s\u0131rl\u0131 d\u00fcnyan\u0131n kap\u0131s\u0131 a\u00e7\u0131ld\u0131. Bu kitab\u0131 okuduktan sonra senin de d\u00fc\u015f\u00fcncelerinde gizemli bir kap\u0131 a\u00e7\u0131lacak. O kap\u0131dan ge\u00e7ti\u011finde kafanda bir\u00e7ok soru olacak! Cevaplar\u0131 sende olan.<\/p>\n","protected":false},"excerpt":{"rendered":"<p>Gizemli duvar\u0131n arkas\u0131nda\u2026 Birbirinden farkl\u0131 karakterler\u2026 Birbirinden tuhaf olaylar\u2026 Birbirinden ilgin\u00e7 sorular ve bamba\u015fka cevaplar\u2026 Her \u015fey, Kerem\u2019e verilen bir \u00f6devle ba\u015flad\u0131. Her \u015feyi sorgulamaya ba\u015flayan<span class=\"excerpt-hellip\"> [\u2026]<\/span><\/p>\n","protected":false},"featured_media":0,"template":"","meta":{"_monsterinsights_skip_tracking":false,"_monsterinsights_sitenote_active":false,"_monsterinsights_sitenote_note":"","_monsterinsights_sitenote_category":0},"product_brand":[],"product_cat":[12291,12711],"product_tag":[],"class_list":{"0":"post-754117","1":"product","2":"type-product","3":"status-publish","5":"product_cat-edebiyat","6":"product_cat-roman-oyku","7":"pa_cilt-ciltsiz","8":"pa_tur-kitap","9":"pa_yayinevi-genc-timas","10":"pa_yazar-nurgul-bahar","12":"first","13":"instock","14":"sale","15":"shipping-taxable","16":"purchasable","17":"product-type-simple"},"_links":{"self":[{"href":"https:\/\/roveyayinevi.com.tr\/index.php\/wp-json\/wp\/v2\/product\/754117","targetHints":{"allow":["GET"]}}],"collection":[{"href":"https:\/\/roveyayinevi.com.tr\/index.php\/wp-json\/wp\/v2\/product"}],"about":[{"href":"https:\/\/roveyayinevi.com.tr\/index.php\/wp-json\/wp\/v2\/types\/product"}],"wp:attachment":[{"href":"https:\/\/roveyayinevi.com.tr\/index.php\/wp-json\/wp\/v2\/media?parent=754117"}],"wp:term":[{"taxonomy":"product_brand","embeddable":true,"href":"https:\/\/roveyayinevi.com.tr\/index.php\/wp-json\/wp\/v2\/product_brand?post=754117"},{"taxonomy":"product_cat","embeddable":true,"href":"https:\/\/roveyayinevi.com.tr\/index.php\/wp-json\/wp\/v2\/product_cat?post=754117"},{"taxonomy":"product_tag","embeddable":true,"href":"https:\/\/roveyayinevi.com.tr\/index.php\/wp-json\/wp\/v2\/product_tag?post=754117"}],"curies":[{"name":"wp","href":"https:\/\/api.w.org\/{rel}","templated":true}]}}