{"id":754116,"date":"2025-08-28T06:02:01","date_gmt":"2025-08-28T03:02:01","guid":{"rendered":"https:\/\/roveyayinevi.com.tr\/index.php\/urun\/tuhaf-deniz-kasabasi-efsaneleri-seti-5-kitap\/"},"modified":"2026-04-16T03:07:26","modified_gmt":"2026-04-16T00:07:26","slug":"tuhaf-deniz-kasabasi-efsaneleri-seti-5-kitap","status":"publish","type":"product","link":"https:\/\/roveyayinevi.com.tr\/index.php\/urun\/tuhaf-deniz-kasabasi-efsaneleri-seti-5-kitap\/","title":{"rendered":"Tuhaf Deniz Kasabas\u0131 Efsaneleri Seti &#8211; 5 Kitap"},"content":{"rendered":"<p>Thomas Taylor&#8217;\u0131n e\u015fsiz kalemi ve s\u0131n\u0131r tan\u0131maz hayal g\u00fcc\u00fc, &#8220;Tuhaf Deniz Kasabas\u0131 Efsaneleri&#8221; serisinde bir araya geliyor. Bu seri, okuyucular\u0131 daha \u00f6nce hi\u00e7 g\u00f6r\u00fclmemi\u015f t\u00fcrden karakterlerin oldu\u011fu bir deniz kasabas\u0131na g\u00f6t\u00fcr\u00fcyor. Burada ola\u011fan\u00fcst\u00fc maceralar, esrarengiz yarat\u0131klar ve b\u00fcy\u00fcl\u00fc s\u0131rlarla dolu bir d\u00fcnya ke\u015ffediliyor.Her kitap, kasaban\u0131n efsanelerini konu al\u0131yor. Maceraperest ikili Herbie ve Violet bu efsanelerin pe\u015finden gidiyor, bazen canavarlarla sava\u015f\u0131yor bazense kasabay\u0131 koruyor.  &#8220;Tuhaf Deniz Kasabas\u0131 Efsaneleri&#8221; serisi, gen\u00e7 ve yeti\u015fkin herkesin keyifle okuyaca\u011f\u0131 bir yolculuk sunuyor. Bu tuhafl\u0131klarla dolu seriyi ke\u015ffetmeye haz\u0131r m\u0131s\u0131n\u0131z?<\/p>\n","protected":false},"excerpt":{"rendered":"<p>Thomas Taylor&#8217;\u0131n e\u015fsiz kalemi ve s\u0131n\u0131r tan\u0131maz hayal g\u00fcc\u00fc, &#8220;Tuhaf Deniz Kasabas\u0131 Efsaneleri&#8221; serisinde bir araya geliyor. Bu seri, okuyucular\u0131 daha \u00f6nce hi\u00e7 g\u00f6r\u00fclmemi\u015f t\u00fcrden karakterlerin<span class=\"excerpt-hellip\"> [\u2026]<\/span><\/p>\n","protected":false},"featured_media":0,"template":"","meta":{"_monsterinsights_skip_tracking":false,"_monsterinsights_sitenote_active":false,"_monsterinsights_sitenote_note":"","_monsterinsights_sitenote_category":0},"product_brand":[],"product_cat":[12291,14777],"product_tag":[],"class_list":{"0":"post-754116","1":"product","2":"type-product","3":"status-publish","5":"product_cat-edebiyat","6":"product_cat-fantastik","7":"pa_cilt-ciltsiz","8":"pa_tur-kitap","9":"pa_yayinevi-genc-timas","10":"pa_yazar-thomas-taylor","12":"first","13":"instock","14":"sale","15":"shipping-taxable","16":"purchasable","17":"product-type-simple"},"_links":{"self":[{"href":"https:\/\/roveyayinevi.com.tr\/index.php\/wp-json\/wp\/v2\/product\/754116","targetHints":{"allow":["GET"]}}],"collection":[{"href":"https:\/\/roveyayinevi.com.tr\/index.php\/wp-json\/wp\/v2\/product"}],"about":[{"href":"https:\/\/roveyayinevi.com.tr\/index.php\/wp-json\/wp\/v2\/types\/product"}],"wp:attachment":[{"href":"https:\/\/roveyayinevi.com.tr\/index.php\/wp-json\/wp\/v2\/media?parent=754116"}],"wp:term":[{"taxonomy":"product_brand","embeddable":true,"href":"https:\/\/roveyayinevi.com.tr\/index.php\/wp-json\/wp\/v2\/product_brand?post=754116"},{"taxonomy":"product_cat","embeddable":true,"href":"https:\/\/roveyayinevi.com.tr\/index.php\/wp-json\/wp\/v2\/product_cat?post=754116"},{"taxonomy":"product_tag","embeddable":true,"href":"https:\/\/roveyayinevi.com.tr\/index.php\/wp-json\/wp\/v2\/product_tag?post=754116"}],"curies":[{"name":"wp","href":"https:\/\/api.w.org\/{rel}","templated":true}]}}