{"id":754115,"date":"2025-08-28T06:01:59","date_gmt":"2025-08-28T03:01:59","guid":{"rendered":"https:\/\/roveyayinevi.com.tr\/index.php\/urun\/yoruma-karsi\/"},"modified":"2026-04-16T03:07:26","modified_gmt":"2026-04-16T00:07:26","slug":"yoruma-karsi","status":"publish","type":"product","link":"https:\/\/roveyayinevi.com.tr\/index.php\/urun\/yoruma-karsi\/","title":{"rendered":"Yoruma Kar\u015f\u0131"},"content":{"rendered":"<p>Ger\u00e7ek sanat bizi rahats\u0131z etme kapasitesine sahiptir. Sanat eserini onun i\u00e7eri\u011fine indirip, sonra bu halini yorumlamak, o sanat eserini ehlile\u015ftirir. Yorum, sanat\u0131 idare edilebilir, uyumlu hale getirir.Yoruma Kar\u015f\u0131, hayat\u0131 boyunca aktif bir insan haklar\u0131 savunucusu ve sava\u015f kar\u015f\u0131t\u0131 olarak \u00e7al\u0131\u015fan, \u201c\u00e7a\u011f\u0131n vicdan\u0131\u201d olarak nitelendirilen Sontag\u2019\u0131n ilk makale koleksiyonu. K\u00fclt\u00fcrel ele\u015ftiri alan\u0131nda b\u00fcy\u00fck bir etki yaratan bu kitapta \u00fcnl\u00fc \u201c\u2018Camp\u2019 \u00dczerine Notlar\u201d ve \u201cYoruma Kar\u015f\u0131\u201d denemelerinin yan\u0131 s\u0131ra yazar\u0131n Sartre, Camus, Simone Weil, Godard, Beckett, L\u00e9vi-Strauss, bilimkurgu filmleri, psikanaliz ve \u00e7a\u011fda\u015f din anlay\u0131\u015f\u0131 hakk\u0131ndaki yaz\u0131lar\u0131 yer al\u0131yor. \u201cBa\u011flant\u0131 kurma, ili\u015fkilendirme yetene\u011fine sahip, bu kadar a\u00e7\u0131k bilin\u00e7li ba\u015fka bir entelekt\u00fcel tan\u0131mad\u0131m.\u201dCarlos Fuentes \u201cO, krala, \u2018Kral \u00e7\u0131plak,\u2019 diyen \u00e7ocuktur.\u201dMargaret Atwood<\/p>\n","protected":false},"excerpt":{"rendered":"<p>Ger\u00e7ek sanat bizi rahats\u0131z etme kapasitesine sahiptir. Sanat eserini onun i\u00e7eri\u011fine indirip, sonra bu halini yorumlamak, o sanat eserini ehlile\u015ftirir. Yorum, sanat\u0131 idare edilebilir, uyumlu hale<span class=\"excerpt-hellip\"> [\u2026]<\/span><\/p>\n","protected":false},"featured_media":0,"template":"","meta":{"_monsterinsights_skip_tracking":false,"_monsterinsights_sitenote_active":false,"_monsterinsights_sitenote_note":"","_monsterinsights_sitenote_category":0},"product_brand":[],"product_cat":[12777,12291],"product_tag":[],"class_list":{"0":"post-754115","1":"product","2":"type-product","3":"status-publish","5":"product_cat-deneme","6":"product_cat-edebiyat","7":"pa_cilt-ciltsiz","8":"pa_tur-kitap","9":"pa_yayinevi-can-yayinlari","10":"pa_yazar-susan-sontag","12":"first","13":"instock","14":"sale","15":"shipping-taxable","16":"purchasable","17":"product-type-simple"},"_links":{"self":[{"href":"https:\/\/roveyayinevi.com.tr\/index.php\/wp-json\/wp\/v2\/product\/754115","targetHints":{"allow":["GET"]}}],"collection":[{"href":"https:\/\/roveyayinevi.com.tr\/index.php\/wp-json\/wp\/v2\/product"}],"about":[{"href":"https:\/\/roveyayinevi.com.tr\/index.php\/wp-json\/wp\/v2\/types\/product"}],"wp:attachment":[{"href":"https:\/\/roveyayinevi.com.tr\/index.php\/wp-json\/wp\/v2\/media?parent=754115"}],"wp:term":[{"taxonomy":"product_brand","embeddable":true,"href":"https:\/\/roveyayinevi.com.tr\/index.php\/wp-json\/wp\/v2\/product_brand?post=754115"},{"taxonomy":"product_cat","embeddable":true,"href":"https:\/\/roveyayinevi.com.tr\/index.php\/wp-json\/wp\/v2\/product_cat?post=754115"},{"taxonomy":"product_tag","embeddable":true,"href":"https:\/\/roveyayinevi.com.tr\/index.php\/wp-json\/wp\/v2\/product_tag?post=754115"}],"curies":[{"name":"wp","href":"https:\/\/api.w.org\/{rel}","templated":true}]}}