{"id":754114,"date":"2025-08-28T06:01:57","date_gmt":"2025-08-28T03:01:57","guid":{"rendered":"https:\/\/roveyayinevi.com.tr\/index.php\/urun\/mermedusa\/"},"modified":"2026-04-16T03:07:26","modified_gmt":"2026-04-16T00:07:26","slug":"mermedusa","status":"publish","type":"product","link":"https:\/\/roveyayinevi.com.tr\/index.php\/urun\/mermedusa\/","title":{"rendered":"Mermedusa"},"content":{"rendered":"<p>TUHAF DEN\u0130Z KASABASI\u2019NDA YA\u015eANAN HER \u015eEYE \u0130NANIN \u00c7\u00dcNK\u00dc BUNLARIN TEK NEDEN\u0130 MERMEDUSA! Malamander maceras\u0131n\u0131n \u00fczerinden tam bir y\u0131l ge\u00e7er ve k\u0131\u015f yeniden Tuhaf Deniz Kasabas\u0131&#8217;n\u0131n kap\u0131s\u0131na dayan\u0131r. Kasabadaki efsaneleri duyunca bunu bir haber f\u0131rsat\u0131na \u00e7evirmek isteyen \u00fcnl\u00fc Do\u011fa\u00fcst\u00fc Fenomenler Podcast ekibi, kasabay\u0131 ziyarete gelir. Maceraperest ikili Herbie ve Violet i\u00e7inse ayaklar\u0131na dolanan merakl\u0131 yabanc\u0131lar en son istedikleri \u015feydir. \u00c7\u00fcnk\u00fc kasabada yolunda gitmeyen bir \u015fey onlar\u0131 derinden rahats\u0131z ediyor: kasaban\u0131n derinliklerinden gelen tuhaf bir u\u011fultu!Herbie ve Violet, ge\u00e7mi\u015f maceralar\u0131nda bulamad\u0131klar\u0131 cevaplar\u0131 ve kasabay\u0131 tehdit eden u\u011fultuyu \u00e7\u00f6zebilmek i\u00e7in cesaretle kasaban\u0131n derinliklerine inmek zorunda kal\u0131r. Serinin son kitab\u0131nda art\u0131k yaln\u0131z de\u011filler. Tuhaf Deniz Kasabas\u0131&#8217;n\u0131n En Derin S\u0131rr\u0131, belki de kendileri ve hatta Malamander&#8217;in kendisiyle ilgili gizemi \u00e7\u00f6zme yolunu a\u00e7acak.\u201cTuhaf Deniz Kasabas\u0131\u2019n\u0131 ziyaret etmek; kal\u0131n \u00e7oraplar\u0131n\u0131z\u0131 giymek, kendinizi bir battaniyeye sarmak ve i\u00e7inizi s\u0131cac\u0131k yapan bir fincan \u00e7ay e\u015fli\u011finde kitap okurken koltu\u011funuzun en sevdi\u011finiz k\u00f6\u015fesine sokulmak gibi bir his.\u201d -NetGalley<\/p>\n","protected":false},"excerpt":{"rendered":"<p>TUHAF DEN\u0130Z KASABASI\u2019NDA YA\u015eANAN HER \u015eEYE \u0130NANIN \u00c7\u00dcNK\u00dc BUNLARIN TEK NEDEN\u0130 MERMEDUSA! Malamander maceras\u0131n\u0131n \u00fczerinden tam bir y\u0131l ge\u00e7er ve k\u0131\u015f yeniden Tuhaf Deniz Kasabas\u0131&#8217;n\u0131n kap\u0131s\u0131na<span class=\"excerpt-hellip\"> [\u2026]<\/span><\/p>\n","protected":false},"featured_media":0,"template":"","meta":{"_monsterinsights_skip_tracking":false,"_monsterinsights_sitenote_active":false,"_monsterinsights_sitenote_note":"","_monsterinsights_sitenote_category":0},"product_brand":[],"product_cat":[12291,12711],"product_tag":[],"class_list":{"0":"post-754114","1":"product","2":"type-product","3":"status-publish","5":"product_cat-edebiyat","6":"product_cat-roman-oyku","7":"pa_cilt-ciltsiz","8":"pa_tur-kitap","9":"pa_yayinevi-genc-timas","10":"pa_yazar-thomas-taylor","12":"first","13":"instock","14":"sale","15":"shipping-taxable","16":"purchasable","17":"product-type-simple"},"_links":{"self":[{"href":"https:\/\/roveyayinevi.com.tr\/index.php\/wp-json\/wp\/v2\/product\/754114","targetHints":{"allow":["GET"]}}],"collection":[{"href":"https:\/\/roveyayinevi.com.tr\/index.php\/wp-json\/wp\/v2\/product"}],"about":[{"href":"https:\/\/roveyayinevi.com.tr\/index.php\/wp-json\/wp\/v2\/types\/product"}],"wp:attachment":[{"href":"https:\/\/roveyayinevi.com.tr\/index.php\/wp-json\/wp\/v2\/media?parent=754114"}],"wp:term":[{"taxonomy":"product_brand","embeddable":true,"href":"https:\/\/roveyayinevi.com.tr\/index.php\/wp-json\/wp\/v2\/product_brand?post=754114"},{"taxonomy":"product_cat","embeddable":true,"href":"https:\/\/roveyayinevi.com.tr\/index.php\/wp-json\/wp\/v2\/product_cat?post=754114"},{"taxonomy":"product_tag","embeddable":true,"href":"https:\/\/roveyayinevi.com.tr\/index.php\/wp-json\/wp\/v2\/product_tag?post=754114"}],"curies":[{"name":"wp","href":"https:\/\/api.w.org\/{rel}","templated":true}]}}