{"id":754112,"date":"2025-08-28T06:01:53","date_gmt":"2025-08-28T03:01:53","guid":{"rendered":"https:\/\/roveyayinevi.com.tr\/index.php\/urun\/3-2-1-kayit-bugun-ne-izlesem\/"},"modified":"2026-04-16T03:07:26","modified_gmt":"2026-04-16T00:07:26","slug":"3-2-1-kayit-bugun-ne-izlesem","status":"publish","type":"product","link":"https:\/\/roveyayinevi.com.tr\/index.php\/urun\/3-2-1-kayit-bugun-ne-izlesem\/","title":{"rendered":"3-2-1 KAYIT! &#8211; Bug\u00fcn Ne \u0130zlesem?"},"content":{"rendered":"<p>Acaba bug\u00fcn hangi filmi izlesem? \u0130\u015fte sana arad\u0131\u011f\u0131n hemen her t\u00fcrde filmin hik\u00e2yesinin yaz\u0131ld\u0131\u011f\u0131 film gibi bir kitap! Bu kitapla spor, aile, hayvan sevgisi, empati, do\u011fa sevgisi, m\u00fczik, dostluk, teknoloji ve arkada\u015fl\u0131k temal\u0131 bir\u00e7ok filmin hik\u00e2yesiyle kar\u015f\u0131la\u015facaks\u0131n. Bu kitap senin sinema rehberin olacak ve ba\u015fucundan ay\u0131rmayacaks\u0131n. Ayr\u0131ca oyuncu, kameraman, yap\u0131mc\u0131, \u0131\u015f\u0131k\u00e7\u0131, y\u00f6netmen, senarist ba\u015fta olmak \u00fczere sinemaya dair bir\u00e7ok unsurla ilgili kaliteli bilgiler edineceksin. Haydi yeti\u015f, film ba\u015fl\u0131yoooor! <\/p>\n","protected":false},"excerpt":{"rendered":"<p>Acaba bug\u00fcn hangi filmi izlesem? \u0130\u015fte sana arad\u0131\u011f\u0131n hemen her t\u00fcrde filmin hik\u00e2yesinin yaz\u0131ld\u0131\u011f\u0131 film gibi bir kitap! Bu kitapla spor, aile, hayvan sevgisi, empati, do\u011fa<span class=\"excerpt-hellip\"> [\u2026]<\/span><\/p>\n","protected":false},"featured_media":0,"template":"","meta":{"_monsterinsights_skip_tracking":false,"_monsterinsights_sitenote_active":false,"_monsterinsights_sitenote_note":"","_monsterinsights_sitenote_category":0},"product_brand":[],"product_cat":[12274],"product_tag":[],"class_list":{"0":"post-754112","1":"product","2":"type-product","3":"status-publish","5":"product_cat-cocuk-ve-genclik-kitaplari","6":"pa_cilt-ciltsiz","7":"pa_tur-kitap","8":"pa_yayinevi-eglenceli-bilgi-yayinlari","9":"pa_yazar-haktan-kaan-icel","11":"first","12":"instock","13":"sale","14":"shipping-taxable","15":"purchasable","16":"product-type-simple"},"_links":{"self":[{"href":"https:\/\/roveyayinevi.com.tr\/index.php\/wp-json\/wp\/v2\/product\/754112","targetHints":{"allow":["GET"]}}],"collection":[{"href":"https:\/\/roveyayinevi.com.tr\/index.php\/wp-json\/wp\/v2\/product"}],"about":[{"href":"https:\/\/roveyayinevi.com.tr\/index.php\/wp-json\/wp\/v2\/types\/product"}],"wp:attachment":[{"href":"https:\/\/roveyayinevi.com.tr\/index.php\/wp-json\/wp\/v2\/media?parent=754112"}],"wp:term":[{"taxonomy":"product_brand","embeddable":true,"href":"https:\/\/roveyayinevi.com.tr\/index.php\/wp-json\/wp\/v2\/product_brand?post=754112"},{"taxonomy":"product_cat","embeddable":true,"href":"https:\/\/roveyayinevi.com.tr\/index.php\/wp-json\/wp\/v2\/product_cat?post=754112"},{"taxonomy":"product_tag","embeddable":true,"href":"https:\/\/roveyayinevi.com.tr\/index.php\/wp-json\/wp\/v2\/product_tag?post=754112"}],"curies":[{"name":"wp","href":"https:\/\/api.w.org\/{rel}","templated":true}]}}