{"id":754111,"date":"2025-08-28T06:01:51","date_gmt":"2025-08-28T03:01:51","guid":{"rendered":"https:\/\/roveyayinevi.com.tr\/index.php\/urun\/dedektif-ted-hadi-olayi-coz\/"},"modified":"2026-04-16T03:07:26","modified_gmt":"2026-04-16T00:07:26","slug":"dedektif-ted-hadi-olayi-coz","status":"publish","type":"product","link":"https:\/\/roveyayinevi.com.tr\/index.php\/urun\/dedektif-ted-hadi-olayi-coz\/","title":{"rendered":"Dedektif Ted-Hadi, Olay\u0131 \u00c7\u00f6z!"},"content":{"rendered":"<p>Dedektif Ted, keskin zek\u00e2s\u0131yla olaylar\u0131 \u00e7\u00f6z\u00fcp su\u00e7lular\u0131 buluyor. Peki, ondan \u00f6nce olay\u0131 sen \u00e7\u00f6zebilir misin?Her soru\u015fturma i\u00e7in sana ipu\u00e7lar\u0131 ve zorluk derecesine g\u00f6re bir s\u00fcre verilecek. Metni \u00e7ok dikkatli okumal\u0131s\u0131n. \u00d6ylesine s\u00f6ylenmi\u015f gibi duran detaylar\u0131 sak\u0131n es ge\u00e7me. \u00c7\u00fcnk\u00fc olay\u0131 \u00e7\u00f6zebilmene yard\u0131mc\u0131 olacak ayr\u0131nt\u0131lar tam da buralarda sakl\u0131.Beyin f\u0131rt\u0131nas\u0131na pek al\u0131\u015f\u0131k olmayanlar hik\u00e2yelerdeki olaylar\u0131 \u00e7\u00f6zmekte biraz zorlanabilirler. Ama bu konularda, Ted gibi sen de \u00e7ok dikkatliysen ve zek\u00e2na g\u00fcveniyorsan, her olay\u0131 h\u0131zl\u0131ca \u00e7\u00f6zebilirsin\u2026Bu kitapta dedektif sensin. Hadi, kullan zek\u00e2n\u0131 ve olay\u0131 \u00e7\u00f6z!<\/p>\n","protected":false},"excerpt":{"rendered":"<p>Dedektif Ted, keskin zek\u00e2s\u0131yla olaylar\u0131 \u00e7\u00f6z\u00fcp su\u00e7lular\u0131 buluyor. Peki, ondan \u00f6nce olay\u0131 sen \u00e7\u00f6zebilir misin?Her soru\u015fturma i\u00e7in sana ipu\u00e7lar\u0131 ve zorluk derecesine g\u00f6re bir s\u00fcre verilecek.<span class=\"excerpt-hellip\"> [\u2026]<\/span><\/p>\n","protected":false},"featured_media":0,"template":"","meta":{"_monsterinsights_skip_tracking":false,"_monsterinsights_sitenote_active":false,"_monsterinsights_sitenote_note":"","_monsterinsights_sitenote_category":0},"product_brand":[],"product_cat":[12291,15445],"product_tag":[],"class_list":{"0":"post-754111","1":"product","2":"type-product","3":"status-publish","5":"product_cat-edebiyat","6":"product_cat-polisiye","7":"pa_cilt-ciltsiz","8":"pa_tur-kitap","9":"pa_yayinevi-carpe-diem-kitaplari","10":"pa_yazar-pierre-varrod","12":"first","13":"instock","14":"sale","15":"shipping-taxable","16":"purchasable","17":"product-type-simple"},"_links":{"self":[{"href":"https:\/\/roveyayinevi.com.tr\/index.php\/wp-json\/wp\/v2\/product\/754111","targetHints":{"allow":["GET"]}}],"collection":[{"href":"https:\/\/roveyayinevi.com.tr\/index.php\/wp-json\/wp\/v2\/product"}],"about":[{"href":"https:\/\/roveyayinevi.com.tr\/index.php\/wp-json\/wp\/v2\/types\/product"}],"wp:attachment":[{"href":"https:\/\/roveyayinevi.com.tr\/index.php\/wp-json\/wp\/v2\/media?parent=754111"}],"wp:term":[{"taxonomy":"product_brand","embeddable":true,"href":"https:\/\/roveyayinevi.com.tr\/index.php\/wp-json\/wp\/v2\/product_brand?post=754111"},{"taxonomy":"product_cat","embeddable":true,"href":"https:\/\/roveyayinevi.com.tr\/index.php\/wp-json\/wp\/v2\/product_cat?post=754111"},{"taxonomy":"product_tag","embeddable":true,"href":"https:\/\/roveyayinevi.com.tr\/index.php\/wp-json\/wp\/v2\/product_tag?post=754111"}],"curies":[{"name":"wp","href":"https:\/\/api.w.org\/{rel}","templated":true}]}}