{"id":754110,"date":"2025-08-28T06:01:50","date_gmt":"2025-08-28T03:01:50","guid":{"rendered":"https:\/\/roveyayinevi.com.tr\/index.php\/urun\/bilgelikler-kitabi\/"},"modified":"2026-04-16T03:07:26","modified_gmt":"2026-04-16T00:07:26","slug":"bilgelikler-kitabi","status":"publish","type":"product","link":"https:\/\/roveyayinevi.com.tr\/index.php\/urun\/bilgelikler-kitabi\/","title":{"rendered":"Bilgelikler Kitab\u0131"},"content":{"rendered":"<p>&#8220;Fazilet ve bilgi\u00e7lik olsun diye ilim ve h\u00fcner istemiyorum.Kurtulu\u015f ehlinin istediklerini de istemiyorum, \u00e7\u00fcnk\u00fc m\u00fcbah olan huri ve k\u00f6\u015fklerden de ge\u00e7tim.Senden yaln\u0131zca safla\u015fm\u0131\u015f, e\u011fri b\u00fc\u011fr\u00fc olmayan bir g\u00f6n\u00fcl istiyorum. Bir g\u00f6n\u00fcl ki onda senden gayr\u0131s\u0131na yer yoktur.T\u00fcm d\u00fcnyevi dertlerden ar\u0131nm\u0131\u015f, bir tek senin e\u015fsiz derdinle dertlenmi\u015f bir g\u00f6n\u00fcl isterim.\u201d Bu eser, b\u00fcy\u00fck \u00e2lim ve edebiyat\u00e7\u0131 Molla Abdurrahman el-C\u00e2m\u00ee&#8217;nin yedi kitaptan olu\u015fan b\u00fcy\u00fck \u2018Yedi Taht\u2019 mesnevisinin son kitab\u0131d\u0131r. Di\u011fer mesneviler \u2018a\u015fk\u0131\u2019 konu edinirken burada her \u015fey \u2018ak\u0131l\u2019 kavram\u0131 ekseninde d\u00f6nmektedir. Elbette burada s\u00f6z\u00fc edilen ak\u0131l hesap\u00e7\u0131 ve menfaat\u00e7i kuru ak\u0131l de\u011fil a\u015fkla kem\u00e2le ermi\u015f, kalple b\u00fct\u00fcnle\u015fmi\u015f ve bu sayede \u0130lahi hikmeti okumaya salahiyet kazanm\u0131\u015f ak\u0131ld\u0131r. Molla C\u00e2m\u00ee akl\u0131n bu ideal \u015feklini Orta \u00c7a\u011f anlat\u0131 gelene\u011fimizin hayli a\u015fina oldu\u011fu B\u00fcy\u00fck \u0130skender\u2019in hik\u00e2yesi \u00fczerinden anlatmaktad\u0131r. Daha \u00f6nceki \u0130skender anlat\u0131lar\u0131 (\u0130skender-n\u00e2meler) onun kahramanl\u0131k ve ser\u00fcvenlerini anlat\u0131rken, C\u00e2m\u00ee bu t\u00fcrden ayr\u0131 olarak, onun ya\u015fam ser\u00fcvenini hikmet ve bilgeli\u011fe giden bir yolculuk olarak sunmaktad\u0131r. Ona g\u00f6re m\u00fchim olan \u0130skender\u2019in ne b\u00fcy\u00fck fetihler yapt\u0131\u011f\u0131, hangi sava\u015flara kat\u0131ld\u0131\u011f\u0131, sava\u015flarda ne t\u00fcr askeri taktiklere ba\u015fvurdu\u011fu de\u011fil kimlerin rahle-i tedrisinden ge\u00e7ti\u011fi ve hayat\u0131n\u0131n en \u00f6nemli s\u00fcre\u00e7lerini i\u00e7ine alan ibretlik hayat yolculu\u011fudur.<\/p>\n","protected":false},"excerpt":{"rendered":"<p>&#8220;Fazilet ve bilgi\u00e7lik olsun diye ilim ve h\u00fcner istemiyorum.Kurtulu\u015f ehlinin istediklerini de istemiyorum, \u00e7\u00fcnk\u00fc m\u00fcbah olan huri ve k\u00f6\u015fklerden de ge\u00e7tim.Senden yaln\u0131zca safla\u015fm\u0131\u015f, e\u011fri b\u00fc\u011fr\u00fc olmayan<span class=\"excerpt-hellip\"> [\u2026]<\/span><\/p>\n","protected":false},"featured_media":0,"template":"","meta":{"_monsterinsights_skip_tracking":false,"_monsterinsights_sitenote_active":false,"_monsterinsights_sitenote_note":"","_monsterinsights_sitenote_category":0},"product_brand":[],"product_cat":[12718,12719,15238],"product_tag":[],"class_list":{"0":"post-754110","1":"product","2":"type-product","3":"status-publish","5":"product_cat-din","6":"product_cat-islam","7":"product_cat-tasavvuf","8":"pa_cilt-ciltsiz","9":"pa_tur-kitap","10":"pa_yayinevi-sufi-kitap","11":"pa_yazar-molla-cami","13":"first","14":"instock","15":"sale","16":"shipping-taxable","17":"purchasable","18":"product-type-simple"},"_links":{"self":[{"href":"https:\/\/roveyayinevi.com.tr\/index.php\/wp-json\/wp\/v2\/product\/754110","targetHints":{"allow":["GET"]}}],"collection":[{"href":"https:\/\/roveyayinevi.com.tr\/index.php\/wp-json\/wp\/v2\/product"}],"about":[{"href":"https:\/\/roveyayinevi.com.tr\/index.php\/wp-json\/wp\/v2\/types\/product"}],"wp:attachment":[{"href":"https:\/\/roveyayinevi.com.tr\/index.php\/wp-json\/wp\/v2\/media?parent=754110"}],"wp:term":[{"taxonomy":"product_brand","embeddable":true,"href":"https:\/\/roveyayinevi.com.tr\/index.php\/wp-json\/wp\/v2\/product_brand?post=754110"},{"taxonomy":"product_cat","embeddable":true,"href":"https:\/\/roveyayinevi.com.tr\/index.php\/wp-json\/wp\/v2\/product_cat?post=754110"},{"taxonomy":"product_tag","embeddable":true,"href":"https:\/\/roveyayinevi.com.tr\/index.php\/wp-json\/wp\/v2\/product_tag?post=754110"}],"curies":[{"name":"wp","href":"https:\/\/api.w.org\/{rel}","templated":true}]}}