{"id":754109,"date":"2025-08-28T06:01:49","date_gmt":"2025-08-28T03:01:49","guid":{"rendered":"https:\/\/roveyayinevi.com.tr\/index.php\/urun\/mehmet-esad-safvet-pasa\/"},"modified":"2026-04-16T03:07:26","modified_gmt":"2026-04-16T00:07:26","slug":"mehmet-esad-safvet-pasa","status":"publish","type":"product","link":"https:\/\/roveyayinevi.com.tr\/index.php\/urun\/mehmet-esad-safvet-pasa\/","title":{"rendered":"Mehmet Esad Safvet Pa\u015fa"},"content":{"rendered":"<p>19. y\u00fczy\u0131l Osmanl\u0131 \u0130mparatorlu\u011fu i\u00e7in olduk\u00e7a \u00e7alkant\u0131l\u0131 bir d\u00f6nem olmu\u015ftur. Bir yandan i\u00e7erideki isyanlar ile u\u011fra\u015fan devlet di\u011fer yandan da \u201cB\u00fcy\u00fck G\u00fc\u00e7lerin\u201d siyasi ve asker\u00ee m\u00fcdahalelerine kar\u015f\u0131 koymaya \u00e7al\u0131\u015fmaktayd\u0131. \u0130mparatorlu\u011fun ayakta kalmas\u0131 i\u00e7in gerekli g\u00f6r\u00fclen reformlar\u0131n hayata ge\u00e7irilmesi s\u00fcreci de Osmanl\u0131 b\u00fcrokrasisinde farkl\u0131 tecr\u00fcbelerin ya\u015fanmas\u0131na neden olmu\u015ftur. Bu eser, Sultan II. Mahmud d\u00f6neminde Osmanl\u0131 b\u00fcrokrasisine d\u00e2hil olan ve Sultan II. Abd\u00fclhamid d\u00f6neminde sadrazaml\u0131\u011fa y\u00fckselene kadar b\u00fcrokratik basamaklar\u0131 yava\u015f ama emin ad\u0131mlarla \u00e7\u0131kan Mehmed Esad Safvet Pa\u015fa\u2019n\u0131n hayat\u0131n\u0131 ele almaktad\u0131r. III. Selim ve IV. Mustafa haricinde 19. y\u00fczy\u0131lda Osmanl\u0131 taht\u0131na \u00e7\u0131kan b\u00fct\u00fcn padi\u015fahlara hizmet eden Safvet Pa\u015fa, Osmanl\u0131 \u0130mparatorlu\u011fu\u2019nun bu as\u0131rda ya\u015fad\u0131\u011f\u0131 de\u011fi\u015fim ve d\u00f6n\u00fc\u015f\u00fcm\u00fcn \u00f6nemli tan\u0131klar\u0131ndan biri olmu\u015ftur. Dr. Hasan Ali \u00c7akmak, B\u00e2b\u0131\u00e2li\u2019de Bir \u00d6m\u00fcr: Mehmed Esad Safvet Pa\u015fa isimli bu \u00e7al\u0131\u015fmas\u0131yla, Osmanl\u0131 ar\u015fiv belgeleri ve ikincil literat\u00fcr\u00fcn yard\u0131m\u0131yla Safvet Pa\u015fa\u2019n\u0131n hayat\u0131n\u0131 ve b\u00fcrokratik kariyerini t\u00fcm detaylar\u0131yla ortaya koyarken Osmanl\u0131 \u0130mparatorlu\u011fu\u2019nun 19. y\u00fczy\u0131l boyunca ge\u00e7irdi\u011fi d\u00f6n\u00fc\u015f\u00fcm\u00fcn izlerinin de arka planda takip edilebilmesini sa\u011fl\u0131yor.Demirkent E\u011fitim ve Ara\u015ft\u0131rma Vakf\u0131\u2019n\u0131n verdi\u011fi 2023 Prof. Dr. I\u015f\u0131n Demirkent Tarih \u00d6d\u00fcl\u00fc sahibi bu eser, Safvet Pa\u015fa\u2019n\u0131n ya\u015fam\u0131 \u00fczerinden 19. y\u00fczy\u0131l Osmanl\u0131 tarihini farkl\u0131 bir a\u00e7\u0131dan okuma imk\u00e2n\u0131 sunuyor.<\/p>\n","protected":false},"excerpt":{"rendered":"<p>19. y\u00fczy\u0131l Osmanl\u0131 \u0130mparatorlu\u011fu i\u00e7in olduk\u00e7a \u00e7alkant\u0131l\u0131 bir d\u00f6nem olmu\u015ftur. Bir yandan i\u00e7erideki isyanlar ile u\u011fra\u015fan devlet di\u011fer yandan da \u201cB\u00fcy\u00fck G\u00fc\u00e7lerin\u201d siyasi ve asker\u00ee m\u00fcdahalelerine<span class=\"excerpt-hellip\"> [\u2026]<\/span><\/p>\n","protected":false},"featured_media":0,"template":"","meta":{"_monsterinsights_skip_tracking":false,"_monsterinsights_sitenote_active":false,"_monsterinsights_sitenote_note":"","_monsterinsights_sitenote_category":0},"product_brand":[],"product_cat":[12370,12304],"product_tag":[],"class_list":{"0":"post-754109","1":"product","2":"type-product","3":"status-publish","5":"product_cat-arastirma-inceleme","6":"product_cat-tarih","7":"pa_cilt-ciltsiz","8":"pa_tur-kitap","9":"pa_yayinevi-timas-akademi-yayinlari","10":"pa_yazar-hasan-ali-cakmak","12":"first","13":"instock","14":"sale","15":"shipping-taxable","16":"purchasable","17":"product-type-simple"},"_links":{"self":[{"href":"https:\/\/roveyayinevi.com.tr\/index.php\/wp-json\/wp\/v2\/product\/754109","targetHints":{"allow":["GET"]}}],"collection":[{"href":"https:\/\/roveyayinevi.com.tr\/index.php\/wp-json\/wp\/v2\/product"}],"about":[{"href":"https:\/\/roveyayinevi.com.tr\/index.php\/wp-json\/wp\/v2\/types\/product"}],"wp:attachment":[{"href":"https:\/\/roveyayinevi.com.tr\/index.php\/wp-json\/wp\/v2\/media?parent=754109"}],"wp:term":[{"taxonomy":"product_brand","embeddable":true,"href":"https:\/\/roveyayinevi.com.tr\/index.php\/wp-json\/wp\/v2\/product_brand?post=754109"},{"taxonomy":"product_cat","embeddable":true,"href":"https:\/\/roveyayinevi.com.tr\/index.php\/wp-json\/wp\/v2\/product_cat?post=754109"},{"taxonomy":"product_tag","embeddable":true,"href":"https:\/\/roveyayinevi.com.tr\/index.php\/wp-json\/wp\/v2\/product_tag?post=754109"}],"curies":[{"name":"wp","href":"https:\/\/api.w.org\/{rel}","templated":true}]}}