{"id":754108,"date":"2025-08-28T06:01:47","date_gmt":"2025-08-28T03:01:47","guid":{"rendered":"https:\/\/roveyayinevi.com.tr\/index.php\/urun\/devlet-yonetiminde-ahlak-ve-siyaset\/"},"modified":"2026-04-16T03:07:26","modified_gmt":"2026-04-16T00:07:26","slug":"devlet-yonetiminde-ahlak-ve-siyaset","status":"publish","type":"product","link":"https:\/\/roveyayinevi.com.tr\/index.php\/urun\/devlet-yonetiminde-ahlak-ve-siyaset\/","title":{"rendered":"Devlet Y\u00f6netiminde Ahlak ve Siyaset"},"content":{"rendered":"<p>\u0130slam siyasi d\u00fc\u015f\u00fcnce tarihinin \u00f6nemli isimlerinden biri olan M\u00e2verd\u00ee, kaleme ald\u0131\u011f\u0131 k\u0131ymetli eserlerle kendisinden sonra gelen \u00e2limler ve \u00f6zellikle siyaset d\u00fc\u015f\u00fcncesi literat\u00fcr\u00fc \u00fczerinde olduk\u00e7a etkili olmu\u015ftur. Onun el-Ahk\u00e2mu\u2019s-Sult\u00e2niyye isimli eseri \u0130slam kamu hukukunun k\u00f6\u015fe ta\u015f\u0131 eserlerinden biridir. Orijinal ismi Tesh\u00eel\u00fc\u2019n-Nazar ve Ta\u2019cil\u00fc\u2019z-Zafer olan ve Devlet Y\u00f6netiminde Ahl\u00e2k ve Siyaset ad\u0131yla Muhammet \u00c7elik taraf\u0131ndan g\u00fcn\u00fcm\u00fcz T\u00fcrk\u00e7esine \u00e7evrilen eser ise M\u00e2verd\u00ee\u2019nin ahl\u00e2k ve siyaset ile ilgili kitaplar\u0131 aras\u0131nda \u00f6zel bir yere sahiptir. \u0130ki ana b\u00f6l\u00fcmden olu\u015fan eserin ilk b\u00f6l\u00fcm\u00fc devlet ba\u015fkan\u0131nda bulunmas\u0131 gereken ahl\u00e2k\u00ee nitelikleri incelemektedir. Ahl\u00e2k ve siyaset aras\u0131nda \u00e7ok s\u0131k\u0131 bir irtibat kuran kadim gelene\u011fe yaslanan M\u00e2verd\u00ee, mesela Machiavelli\u2019den farkl\u0131 olarak \u201cdevlet\/iktidar (m\u00fclk) i\u00e7in; vefas\u0131zl\u0131k ve ihanetten daha zararl\u0131 bir \u015fey olmad\u0131\u011f\u0131 gibi, ahde vefadan ve s\u00f6z\u00fcnde durmaktan daha faydal\u0131 bir \u015fey de yoktur\u201d demektedir. Eserin ikinci b\u00f6l\u00fcm\u00fcnde ise devlet y\u00f6netiminde g\u00f6zetilmesi gereken hususlar ve devlet ba\u015fkan\u0131n\u0131n vazifeleri ele al\u0131nmaktad\u0131r. M\u00e2verd\u00ee bu eserinde el-Ahk\u00e2mu\u2019s-Sult\u00e2niyye isimli eserinde yapt\u0131\u011f\u0131ndan farkl\u0131 olarak meselenin hukuk\u00ee boyutundan ziyade ahl\u00e2k\u00ee ve siy\u00e2s\u00ee boyutuna odaklanm\u0131\u015f, kadim medeniyetlerin birikiminden yararlanm\u0131\u015f, edeb\u00ee bir \u00fcslup benimsemi\u015ftir. \u201cSulta\u201d ve \u201cm\u00fclk\u201d gibi siyaset d\u00fc\u015f\u00fcncesinin baz\u0131 temel kavramlar\u0131 ekseninde M\u00e2verd\u00ee siyasetin yaln\u0131z teorisini de\u011fil, tarih\u00ee \u00f6rnekliklerden hareketle prati\u011fini de dikkate almaktad\u0131r. \u0130sl\u00e2m siyaset d\u00fc\u015f\u00fcncesinin en \u00f6nemli kalemlerinden M\u00e2verd\u00ee\u2019nin bu klasik metniyle Siyasetname dizimize yepyeni bir pencere daha a\u00e7\u0131yoruz.<\/p>\n","protected":false},"excerpt":{"rendered":"<p>\u0130slam siyasi d\u00fc\u015f\u00fcnce tarihinin \u00f6nemli isimlerinden biri olan M\u00e2verd\u00ee, kaleme ald\u0131\u011f\u0131 k\u0131ymetli eserlerle kendisinden sonra gelen \u00e2limler ve \u00f6zellikle siyaset d\u00fc\u015f\u00fcncesi literat\u00fcr\u00fc \u00fczerinde olduk\u00e7a etkili olmu\u015ftur.<span class=\"excerpt-hellip\"> [\u2026]<\/span><\/p>\n","protected":false},"featured_media":0,"template":"","meta":{"_monsterinsights_skip_tracking":false,"_monsterinsights_sitenote_active":false,"_monsterinsights_sitenote_note":"","_monsterinsights_sitenote_category":0},"product_brand":[],"product_cat":[12312,12304],"product_tag":[],"class_list":{"0":"post-754108","1":"product","2":"type-product","3":"status-publish","5":"product_cat-diger","6":"product_cat-tarih","7":"pa_cilt-ciltsiz","8":"pa_tur-kitap","9":"pa_yayinevi-timas-akademi-yayinlari","10":"pa_yazar-ebul-hasan-habib-el-maverdi","12":"first","13":"instock","14":"sale","15":"shipping-taxable","16":"purchasable","17":"product-type-simple"},"_links":{"self":[{"href":"https:\/\/roveyayinevi.com.tr\/index.php\/wp-json\/wp\/v2\/product\/754108","targetHints":{"allow":["GET"]}}],"collection":[{"href":"https:\/\/roveyayinevi.com.tr\/index.php\/wp-json\/wp\/v2\/product"}],"about":[{"href":"https:\/\/roveyayinevi.com.tr\/index.php\/wp-json\/wp\/v2\/types\/product"}],"wp:attachment":[{"href":"https:\/\/roveyayinevi.com.tr\/index.php\/wp-json\/wp\/v2\/media?parent=754108"}],"wp:term":[{"taxonomy":"product_brand","embeddable":true,"href":"https:\/\/roveyayinevi.com.tr\/index.php\/wp-json\/wp\/v2\/product_brand?post=754108"},{"taxonomy":"product_cat","embeddable":true,"href":"https:\/\/roveyayinevi.com.tr\/index.php\/wp-json\/wp\/v2\/product_cat?post=754108"},{"taxonomy":"product_tag","embeddable":true,"href":"https:\/\/roveyayinevi.com.tr\/index.php\/wp-json\/wp\/v2\/product_tag?post=754108"}],"curies":[{"name":"wp","href":"https:\/\/api.w.org\/{rel}","templated":true}]}}