{"id":754106,"date":"2025-08-28T06:01:45","date_gmt":"2025-08-28T03:01:45","guid":{"rendered":"https:\/\/roveyayinevi.com.tr\/index.php\/urun\/hunlardan-turkiye-cumhuriyetine-kurulus\/"},"modified":"2026-04-16T03:07:26","modified_gmt":"2026-04-16T00:07:26","slug":"hunlardan-turkiye-cumhuriyetine-kurulus","status":"publish","type":"product","link":"https:\/\/roveyayinevi.com.tr\/index.php\/urun\/hunlardan-turkiye-cumhuriyetine-kurulus\/","title":{"rendered":"Hunlardan T\u00fcrkiye Cumhuriyeti&#8217;ne Kurulu\u015f"},"content":{"rendered":"<p>Tarih boyu en \u00e7ok devlet kuran milletlerin ba\u015f\u0131nda T\u00fcrkler gelir. T\u00fcrklerde devlet, millete h\u00fckmeden de\u011fil milletin hizmetk\u00e2r\u0131 olan bir m\u00fcessesedir. Peki ya Hunlardan T\u00fcrkiye Cumhuriyeti\u2019ne dek kurulan, baz\u0131lar\u0131 imparatorluk seviyesine ula\u015fan, do\u011fudan bat\u0131ya geni\u015f bir co\u011frafyaya yay\u0131lan T\u00fcrk devletleri hangileridir? T\u00fcrkler devlet kurarken neler ya\u015fam\u0131\u015f, kimlerle m\u00fccadele etmi\u015f ve hangi felsefeyi benimsemi\u015ftir? T\u00fcrk devletleri hangi co\u011frafyalarda hangi isimlerle h\u00fck\u00fcm s\u00fcrm\u00fc\u015ft\u00fcr?Prof. Dr. Sadullah G\u00fclten\u2019in edit\u00f6rl\u00fc\u011f\u00fcnde haz\u0131rlanan bu \u00e7al\u0131\u015fmada, tarih boyunca belli ba\u015fl\u0131 T\u00fcrk devletlerinin kurulu\u015f s\u00fcre\u00e7leri alan\u0131nda uzman ara\u015ft\u0131rmac\u0131lar taraf\u0131ndan inceleniyor. Elinizde tuttu\u011funuz eserde Abdullah G\u00fcndo\u011fdu, Saadettin Ya\u011fmur G\u00f6me\u00e7, Ali Ahmetbeyo\u011flu, M\u00fcsl\u00fcme Melis Sava\u015f, Ahmet Ta\u015fa\u011f\u0131l, Hayrettin \u0130hsan Erko\u00e7, Altay Tayfun \u00d6zcan, Umut \u00dcren, \u00d6mer Soner Hunkan, Ayd\u0131n Usta, Erkan G\u00f6ksu, \u0130lyas Kemalo\u011flu, Ay\u015fe At\u0131c\u0131 Arayancan, Hayrunnisa Alan, Cihat Aydo\u011fmu\u015fo\u011flu, Mehmet Alpargu, Feridun M. Emecen ve \u00d6mer Erden\u2019in ara\u015ft\u0131rmalar\u0131 yer al\u0131yor. Kurulu\u015f\u2019u okurken T\u00fcrk ad\u0131n\u0131 ve T\u00fcrk ruhunu ya\u015fatm\u0131\u015f liderlerin ve devletlerin destans\u0131 hik\u00e2yelerine ilk kez derli toplu bir \u015fekilde tan\u0131k olacaks\u0131n\u0131z.Devlet-i Ebed M\u00fcddet ruhunu manevi \u015fahs\u0131nda ya\u015fatan T\u00fcrkiye Cumhuriyeti\u2019nin 100. y\u0131l\u0131n\u0131n T\u00fcrk Y\u00fczy\u0131l\u0131\u2019n\u0131 do\u011furmas\u0131 temennisiyle, nice y\u00fczy\u0131llara\u2026<\/p>\n","protected":false},"excerpt":{"rendered":"<p>Tarih boyu en \u00e7ok devlet kuran milletlerin ba\u015f\u0131nda T\u00fcrkler gelir. T\u00fcrklerde devlet, millete h\u00fckmeden de\u011fil milletin hizmetk\u00e2r\u0131 olan bir m\u00fcessesedir. Peki ya Hunlardan T\u00fcrkiye Cumhuriyeti\u2019ne dek<span class=\"excerpt-hellip\"> [\u2026]<\/span><\/p>\n","protected":false},"featured_media":0,"template":"","meta":{"_monsterinsights_skip_tracking":false,"_monsterinsights_sitenote_active":false,"_monsterinsights_sitenote_note":"","_monsterinsights_sitenote_category":0},"product_brand":[],"product_cat":[12370,12304],"product_tag":[],"class_list":{"0":"post-754106","1":"product","2":"type-product","3":"status-publish","5":"product_cat-arastirma-inceleme","6":"product_cat-tarih","7":"pa_cilt-ciltsiz","8":"pa_tur-kitap","9":"pa_yayinevi-timas-yayinlari","10":"pa_yazar-sadullah-gulten","12":"first","13":"instock","14":"sale","15":"shipping-taxable","16":"purchasable","17":"product-type-simple"},"_links":{"self":[{"href":"https:\/\/roveyayinevi.com.tr\/index.php\/wp-json\/wp\/v2\/product\/754106","targetHints":{"allow":["GET"]}}],"collection":[{"href":"https:\/\/roveyayinevi.com.tr\/index.php\/wp-json\/wp\/v2\/product"}],"about":[{"href":"https:\/\/roveyayinevi.com.tr\/index.php\/wp-json\/wp\/v2\/types\/product"}],"wp:attachment":[{"href":"https:\/\/roveyayinevi.com.tr\/index.php\/wp-json\/wp\/v2\/media?parent=754106"}],"wp:term":[{"taxonomy":"product_brand","embeddable":true,"href":"https:\/\/roveyayinevi.com.tr\/index.php\/wp-json\/wp\/v2\/product_brand?post=754106"},{"taxonomy":"product_cat","embeddable":true,"href":"https:\/\/roveyayinevi.com.tr\/index.php\/wp-json\/wp\/v2\/product_cat?post=754106"},{"taxonomy":"product_tag","embeddable":true,"href":"https:\/\/roveyayinevi.com.tr\/index.php\/wp-json\/wp\/v2\/product_tag?post=754106"}],"curies":[{"name":"wp","href":"https:\/\/api.w.org\/{rel}","templated":true}]}}