{"id":754105,"date":"2025-08-28T06:01:44","date_gmt":"2025-08-28T03:01:44","guid":{"rendered":"https:\/\/roveyayinevi.com.tr\/index.php\/urun\/yenidoganla-ilgili-101-soru-ve-cevaplari\/"},"modified":"2026-04-16T03:07:26","modified_gmt":"2026-04-16T00:07:26","slug":"yenidoganla-ilgili-101-soru-ve-cevaplari","status":"publish","type":"product","link":"https:\/\/roveyayinevi.com.tr\/index.php\/urun\/yenidoganla-ilgili-101-soru-ve-cevaplari\/","title":{"rendered":"Yenido\u011fanla \u0130lgili 101 Soru ve Cevaplar\u0131"},"content":{"rendered":"<p>Bebe\u011fin d\u00fcnyaya g\u00f6zlerini a\u00e7t\u0131\u011f\u0131 yenido\u011fan d\u00f6nemi hayata dair ilk ad\u0131mlar\u0131n at\u0131ld\u0131\u011f\u0131 \u00e7ok \u00f6nemli bir ba\u015flang\u0131\u00e7 evresidir. Bu s\u00fcre\u00e7te emin ellerde olmak annenin de bebe\u011fin de en do\u011fal hakk\u0131d\u0131r.Y\u0131llar\u0131n\u0131 \u00e7ocuk sa\u011fl\u0131\u011f\u0131na, daha da geni\u015f \u00e7er\u00e7evede sa\u011fl\u0131kl\u0131 ve hastalanmadan ya\u015famak \u00fclk\u00fcs\u00fcne adayan Dr. H\u00fcseyin Tapik bu kritik s\u00fcre\u00e7te annelerin teredd\u00fctlerini gidermek, bebeklerin g\u00f6zlerini daha g\u00fcvenli, sa\u011fl\u0131kl\u0131 ve do\u011fal ko\u015fullara a\u00e7malar\u0131n\u0131 sa\u011flamak i\u00e7in k\u0131rk y\u0131l\u0131n semeresini k\u0131sa, \u00f6z, a\u00e7\u0131k ve anla\u015f\u0131l\u0131r bir rehber kitaba d\u00f6n\u00fc\u015ft\u00fcrd\u00fc. G\u00f6bek kordonunun do\u011fumda hemen kesilmesi do\u011fru bir i\u015flem midir?Bebe\u011fim ilk banyosunu ne zaman yapmal\u0131?Kolostrum (ilk s\u00fct) neden \u00e7ok \u00f6nemlidir?Meme reddi nas\u0131l \u00f6nlenebilir?Anne s\u00fct\u00fc alan bebeklere su verilmez deniyor. Ne zarar\u0131 olabilir ki? Bebe\u011fim uykusuz, geceleri \u00e7ok uyan\u0131yor, ne yapmal\u0131y\u0131m?Yenido\u011fan sar\u0131l\u0131\u011f\u0131 tehlikeli midir, tedavi gerekir mi?Bebe\u011fimin a\u011fz\u0131nda pamuk\u00e7uk var. Neden olur, nas\u0131l ge\u00e7er?Bebek do\u011far do\u011fmaz ni\u00e7in K vitamini yap\u0131l\u0131r?Do\u011far do\u011fmaz a\u015f\u0131 yap\u0131lmas\u0131 gerekli mi? Bu d\u00f6nemde hangi a\u015f\u0131lar var?Bebe\u011fimin gaz sanc\u0131lar\u0131 i\u00e7in ne yapmal\u0131y\u0131m?Bebe\u011fimin kakas\u0131 bazen ye\u015fil bazen de m\u00fck\u00fcsl\u00fc geliyor. Bu neden olabilir?Bebe\u011fimin g\u00f6bek kanamas\u0131 oluyor. Ne yapmal\u0131y\u0131m?Bebe\u011fimle ne zaman yolculu\u011fa \u00e7\u0131kabilirim? Nelere dikkat etmeliyim? Ve daha nice soru ve cevaplar\u0131 anne ve bebek dostu bu kitapta.\u201cUmar\u0131m bu kitap, bebek sahibi olanlara ve olacaklara \u0131\u015f\u0131k tutacak, bebeklerin hastalanmadan, sa\u011fl\u0131kl\u0131 ve zinde ya\u015famalar\u0131na, huzurlu ve ba\u015far\u0131l\u0131 bireyler olarak yeti\u015fmelerine faydal\u0131 olacakt\u0131r.\u201dDr. H\u00fcseyin Tapik<\/p>\n","protected":false},"excerpt":{"rendered":"<p>Bebe\u011fin d\u00fcnyaya g\u00f6zlerini a\u00e7t\u0131\u011f\u0131 yenido\u011fan d\u00f6nemi hayata dair ilk ad\u0131mlar\u0131n at\u0131ld\u0131\u011f\u0131 \u00e7ok \u00f6nemli bir ba\u015flang\u0131\u00e7 evresidir. Bu s\u00fcre\u00e7te emin ellerde olmak annenin de bebe\u011fin de en<span class=\"excerpt-hellip\"> [\u2026]<\/span><\/p>\n","protected":false},"featured_media":0,"template":"","meta":{"_monsterinsights_skip_tracking":false,"_monsterinsights_sitenote_active":false,"_monsterinsights_sitenote_note":"","_monsterinsights_sitenote_category":0},"product_brand":[],"product_cat":[13365],"product_tag":[],"class_list":{"0":"post-754105","1":"product","2":"type-product","3":"status-publish","5":"product_cat-saglik","6":"pa_cilt-ciltsiz","7":"pa_tur-kitap","8":"pa_yayinevi-timas-yayinlari","9":"pa_yazar-huseyin-tapik","11":"first","12":"instock","13":"sale","14":"shipping-taxable","15":"purchasable","16":"product-type-simple"},"_links":{"self":[{"href":"https:\/\/roveyayinevi.com.tr\/index.php\/wp-json\/wp\/v2\/product\/754105","targetHints":{"allow":["GET"]}}],"collection":[{"href":"https:\/\/roveyayinevi.com.tr\/index.php\/wp-json\/wp\/v2\/product"}],"about":[{"href":"https:\/\/roveyayinevi.com.tr\/index.php\/wp-json\/wp\/v2\/types\/product"}],"wp:attachment":[{"href":"https:\/\/roveyayinevi.com.tr\/index.php\/wp-json\/wp\/v2\/media?parent=754105"}],"wp:term":[{"taxonomy":"product_brand","embeddable":true,"href":"https:\/\/roveyayinevi.com.tr\/index.php\/wp-json\/wp\/v2\/product_brand?post=754105"},{"taxonomy":"product_cat","embeddable":true,"href":"https:\/\/roveyayinevi.com.tr\/index.php\/wp-json\/wp\/v2\/product_cat?post=754105"},{"taxonomy":"product_tag","embeddable":true,"href":"https:\/\/roveyayinevi.com.tr\/index.php\/wp-json\/wp\/v2\/product_tag?post=754105"}],"curies":[{"name":"wp","href":"https:\/\/api.w.org\/{rel}","templated":true}]}}