{"id":754104,"date":"2025-08-28T06:01:43","date_gmt":"2025-08-28T03:01:43","guid":{"rendered":"https:\/\/roveyayinevi.com.tr\/index.php\/urun\/vesvesen\/"},"modified":"2026-04-16T03:07:26","modified_gmt":"2026-04-16T00:07:26","slug":"vesvesen","status":"publish","type":"product","link":"https:\/\/roveyayinevi.com.tr\/index.php\/urun\/vesvesen\/","title":{"rendered":"Vesvesen"},"content":{"rendered":"<p>Hisler, hayaller ve tak\u0131nt\u0131lar&#8230;D\u00fc\u015f\u00fcnce soka\u011f\u0131m\u0131z\u0131n f\u0131tri ve ka\u00e7\u0131n\u0131lmaz misafirleri. Bu misafirleri se\u00e7emiyoruz, evet.Fakat sokaktaki herkesi de evimize almak zorunda de\u011filiz. Sen istemedi\u011fin takdirde evine kimse giremez.Evinin penceresini ve kap\u0131s\u0131n\u0131 kontrol etmen yeterli. O zaman pencerelerden seyret, i\u00e7lerine girme! Kitaplar\u0131 ve videolar\u0131yla milyonlara ula\u015fan Mehmet Y\u0131ld\u0131z Vesvesen\u2019de, vesveselerden, tak\u0131nt\u0131lardan veya bunal\u0131mlardan art\u0131k korkmaya gerek olmad\u0131\u011f\u0131n\u0131, onlara nas\u0131l h\u00fckmedilebilece\u011fini anlat\u0131yor.<\/p>\n","protected":false},"excerpt":{"rendered":"<p>Hisler, hayaller ve tak\u0131nt\u0131lar&#8230;D\u00fc\u015f\u00fcnce soka\u011f\u0131m\u0131z\u0131n f\u0131tri ve ka\u00e7\u0131n\u0131lmaz misafirleri. Bu misafirleri se\u00e7emiyoruz, evet.Fakat sokaktaki herkesi de evimize almak zorunda de\u011filiz. Sen istemedi\u011fin takdirde evine kimse giremez.Evinin<span class=\"excerpt-hellip\"> [\u2026]<\/span><\/p>\n","protected":false},"featured_media":0,"template":"","meta":{"_monsterinsights_skip_tracking":false,"_monsterinsights_sitenote_active":false,"_monsterinsights_sitenote_note":"","_monsterinsights_sitenote_category":0},"product_brand":[],"product_cat":[12718],"product_tag":[],"class_list":{"0":"post-754104","1":"product","2":"type-product","3":"status-publish","5":"product_cat-din","6":"pa_cilt-ciltsiz","7":"pa_tur-kitap","8":"pa_yayinevi-timas-yayinlari","9":"pa_yazar-mehmet-yildiz","11":"first","12":"instock","13":"sale","14":"shipping-taxable","15":"purchasable","16":"product-type-simple"},"_links":{"self":[{"href":"https:\/\/roveyayinevi.com.tr\/index.php\/wp-json\/wp\/v2\/product\/754104","targetHints":{"allow":["GET"]}}],"collection":[{"href":"https:\/\/roveyayinevi.com.tr\/index.php\/wp-json\/wp\/v2\/product"}],"about":[{"href":"https:\/\/roveyayinevi.com.tr\/index.php\/wp-json\/wp\/v2\/types\/product"}],"wp:attachment":[{"href":"https:\/\/roveyayinevi.com.tr\/index.php\/wp-json\/wp\/v2\/media?parent=754104"}],"wp:term":[{"taxonomy":"product_brand","embeddable":true,"href":"https:\/\/roveyayinevi.com.tr\/index.php\/wp-json\/wp\/v2\/product_brand?post=754104"},{"taxonomy":"product_cat","embeddable":true,"href":"https:\/\/roveyayinevi.com.tr\/index.php\/wp-json\/wp\/v2\/product_cat?post=754104"},{"taxonomy":"product_tag","embeddable":true,"href":"https:\/\/roveyayinevi.com.tr\/index.php\/wp-json\/wp\/v2\/product_tag?post=754104"}],"curies":[{"name":"wp","href":"https:\/\/api.w.org\/{rel}","templated":true}]}}