{"id":754103,"date":"2025-08-28T06:01:40","date_gmt":"2025-08-28T03:01:40","guid":{"rendered":"https:\/\/roveyayinevi.com.tr\/index.php\/urun\/masal-kiz\/"},"modified":"2026-04-16T03:07:26","modified_gmt":"2026-04-16T00:07:26","slug":"masal-kiz","status":"publish","type":"product","link":"https:\/\/roveyayinevi.com.tr\/index.php\/urun\/masal-kiz\/","title":{"rendered":"Masal K\u0131z"},"content":{"rendered":"<p>Ne vakit kalbimde y\u0131llard\u0131r s\u00f6nmeyen o ate\u015fi tutu\u015fturan hik\u00e2yemi hat\u0131rlasam, \u015fifresi \u00e7\u00f6z\u00fclmeyen o efsunlu bak\u0131\u015flar\u0131n d\u00fc\u015fer akl\u0131ma&#8230; \u0130nan\u0131r m\u0131s\u0131n bilmiyorum, ben i\u015fte tam da o g\u00fcnden sonra, kalbimi da\u011flayan alevlerin bir daha s\u00f6nmemek \u00fczere tutu\u015ftu\u011funa \u015fahit olmu\u015fum. G\u00f6n\u00fcl desenlerimdeki efk\u00e2r\u0131n hangi derinliklerde oldu\u011funu bilmiyordum belki, ama bildi\u011fim bir \u015fey vard\u0131 benim&#8230;Kan ba\u011f\u0131 aile olmaya yeter mi? \u0130hanet en yak\u0131n\u0131m\u0131zdan gelince geriye s\u0131\u011f\u0131nacak liman kal\u0131r m\u0131? Yozla\u015fm\u0131\u015fl\u0131klar\u0131n \u00e7a\u011f\u0131nda erdemli bir hayat s\u00fcrmek m\u00fcmk\u00fcn m\u00fcd\u00fcr? Elli y\u0131l\u0131 a\u015fan yazarl\u0131k kariyeri boyunca eserleriyle kalplerde derin izler b\u0131rakan Ahmed G\u00fcnbay Y\u0131ld\u0131z, yeni roman\u0131 Masal K\u0131z\u2019da k\u0131skan\u00e7l\u0131k ve yalanlarla \u00f6r\u00fcl\u00fc bir d\u00fcnyada masum bir a\u015fka d\u00f6n\u00fc\u015fen d\u00fcr\u00fcst bir dostlu\u011fun hik\u00e2yesini okurla bulu\u015fturuyor.<\/p>\n","protected":false},"excerpt":{"rendered":"<p>Ne vakit kalbimde y\u0131llard\u0131r s\u00f6nmeyen o ate\u015fi tutu\u015fturan hik\u00e2yemi hat\u0131rlasam, \u015fifresi \u00e7\u00f6z\u00fclmeyen o efsunlu bak\u0131\u015flar\u0131n d\u00fc\u015fer akl\u0131ma&#8230; \u0130nan\u0131r m\u0131s\u0131n bilmiyorum, ben i\u015fte tam da o g\u00fcnden<span class=\"excerpt-hellip\"> [\u2026]<\/span><\/p>\n","protected":false},"featured_media":0,"template":"","meta":{"_monsterinsights_skip_tracking":false,"_monsterinsights_sitenote_active":false,"_monsterinsights_sitenote_note":"","_monsterinsights_sitenote_category":0},"product_brand":[],"product_cat":[12291,12711],"product_tag":[],"class_list":{"0":"post-754103","1":"product","2":"type-product","3":"status-publish","5":"product_cat-edebiyat","6":"product_cat-roman-oyku","7":"pa_cilt-ciltsiz","8":"pa_tur-kitap","9":"pa_yayinevi-timas-yayinlari","10":"pa_yazar-ahmed-gunbay-yildiz","12":"first","13":"instock","14":"sale","15":"shipping-taxable","16":"purchasable","17":"product-type-simple"},"_links":{"self":[{"href":"https:\/\/roveyayinevi.com.tr\/index.php\/wp-json\/wp\/v2\/product\/754103","targetHints":{"allow":["GET"]}}],"collection":[{"href":"https:\/\/roveyayinevi.com.tr\/index.php\/wp-json\/wp\/v2\/product"}],"about":[{"href":"https:\/\/roveyayinevi.com.tr\/index.php\/wp-json\/wp\/v2\/types\/product"}],"wp:attachment":[{"href":"https:\/\/roveyayinevi.com.tr\/index.php\/wp-json\/wp\/v2\/media?parent=754103"}],"wp:term":[{"taxonomy":"product_brand","embeddable":true,"href":"https:\/\/roveyayinevi.com.tr\/index.php\/wp-json\/wp\/v2\/product_brand?post=754103"},{"taxonomy":"product_cat","embeddable":true,"href":"https:\/\/roveyayinevi.com.tr\/index.php\/wp-json\/wp\/v2\/product_cat?post=754103"},{"taxonomy":"product_tag","embeddable":true,"href":"https:\/\/roveyayinevi.com.tr\/index.php\/wp-json\/wp\/v2\/product_tag?post=754103"}],"curies":[{"name":"wp","href":"https:\/\/api.w.org\/{rel}","templated":true}]}}