{"id":754100,"date":"2025-08-28T06:01:35","date_gmt":"2025-08-28T03:01:35","guid":{"rendered":"https:\/\/roveyayinevi.com.tr\/index.php\/urun\/jungiyen-ruya-analizi-psikoloji-3\/"},"modified":"2026-04-16T03:07:26","modified_gmt":"2026-04-16T00:07:26","slug":"jungiyen-ruya-analizi-psikoloji-3","status":"publish","type":"product","link":"https:\/\/roveyayinevi.com.tr\/index.php\/urun\/jungiyen-ruya-analizi-psikoloji-3\/","title":{"rendered":"Jungiyen R\u00fcya Analizi &#8211; Psikoloji 3"},"content":{"rendered":"<p>R\u00fcya g\u00f6rmek insanl\u0131\u011f\u0131n evrensel bir deneyimidir. Fenomenolojik olarak, uyku esnas\u0131nda zihinde ger\u00e7ekle\u015fti\u011fini sonradan kabul etti\u011fimiz bir deneyimdir ama bunlar r\u00fcyada bize uyan\u0131kken ya\u015fad\u0131klar\u0131m\u0131z kadar ger\u00e7ek g\u00f6r\u00fcn\u00fcr. Yani her \u015fey, r\u00fcya \u00e2lemi oldu\u011funu ancak sonradan kabul etti\u011fimiz ve \u2018ger\u00e7ek\u2019 oldu\u011fu izlenimini veren bir d\u00fcnyada ger\u00e7ekle\u015fmi\u015ftir.R\u00fcyalar\u0131n, r\u00fcya g\u00f6renin ki\u015fisel psikolojisi, tav\u0131rlar\u0131 ve davran\u0131\u015f \u00f6r\u00fcnt\u00fcleriyle yak\u0131ndan ili\u015fkili oldu\u011funa dair modern inan\u00e7, bilin\u00e7d\u0131\u015f\u0131n\u0131n r\u00fcyalarda can kazand\u0131\u011f\u0131n\u0131 g\u00f6steren \u0130svi\u00e7reli psikiyatr Carl Gustav Jung&#8217;un \u00f6nc\u00fc nitelikteki \u00e7al\u0131\u015fmalar\u0131na \u00e7ok \u015fey bor\u00e7ludur.Bu kitap Jung&#8217;un Analitik Psikolojisinin temel ilkeleri \u0131\u015f\u0131\u011f\u0131nda r\u00fcyalar\u0131 anlamaya yard\u0131mc\u0131 olacak kapsaml\u0131 ve pratik bir rehberdir.Kitapta Jung&#8217;un psi\u015fe modeli, pek \u00e7ok klinik r\u00fcya \u00f6rne\u011fi verilerek ve bunlar\u0131n ba\u011flam i\u00e7inde nas\u0131l yorumlanabilece\u011fi g\u00f6sterilerek tan\u0131mlanm\u0131\u015f ve anlat\u0131lm\u0131\u015ft\u0131r.Jungiyen analist James A. Hall\u2019un yayg\u0131n ve tekrarlayan r\u00fcya motiflerini, travmatik r\u00fcyalar\u0131, r\u00fcyalar\u0131n telafi edici ve ama\u00e7l\u0131 i\u015flevlerini, hastal\u0131k veya fiziksel de\u011fi\u015fimin habercisi olarak r\u00fcyalar\u0131 ve r\u00fcyalar\u0131n r\u00fcya g\u00f6renin ya\u015fam evresi ve bireyle\u015fme s\u00fcreciyle ili\u015fkisini \u00f6zenle a\u00e7\u0131klad\u0131\u011f\u0131 Jungiyen R\u00fcya Analizi, \u00d6zg\u00fcr Ertana\u2019n\u0131n nitelikli \u00e7evirisi ve son derece \u00f6zverili bir \u00e7abayla dipnotlar ve eklerle metni zenginle\u015ftirmesiyle T\u00fcrk\u00e7e yaz\u0131nda bu sahada \u00f6nemli bir kaynak haline geldi. R\u00fcyalar\u0131 anlamak, ayn\u0131 hatalar\u0131n farkl\u0131 \u015fekillerde yinelendi\u011fi \u00f6r\u00fcnt\u00fcleri ke\u015ffetmeyi m\u00fcmk\u00fcn k\u0131lar ve tekrar eden bu \u00f6r\u00fcnt\u00fcleri egonun g\u00f6zleri \u00f6n\u00fcne serer. Bu \u00e7at\u0131\u015fmalar berrak bir \u015fekilde g\u00f6r\u00fcld\u00fc\u011f\u00fcnde sorumlu bir tav\u0131r alma f\u0131rsat\u0131 do\u011far. R\u00fcya psi\u015fenin tamam\u0131n\u0131n hizmetindedir; ancak bu esas g\u00f6revden sonra, ikincil bir g\u00f6rev olarak, herhangi bir ego tavr\u0131na veya bak\u0131\u015f a\u00e7\u0131s\u0131na kar\u015f\u0131 \u00e7\u0131kmakla ilgilenir. Uyan\u0131kl\u0131k hali egosu r\u00fcyalar\u0131n neyi ba\u015farmaya \u00e7al\u0131\u015ft\u0131\u011f\u0131na bakarak kendi konumunu de\u011ferlendirebilir ve arzu ederse daha derin s\u00fcre\u00e7lere kat\u0131labilir.<\/p>\n","protected":false},"excerpt":{"rendered":"<p>R\u00fcya g\u00f6rmek insanl\u0131\u011f\u0131n evrensel bir deneyimidir. Fenomenolojik olarak, uyku esnas\u0131nda zihinde ger\u00e7ekle\u015fti\u011fini sonradan kabul etti\u011fimiz bir deneyimdir ama bunlar r\u00fcyada bize uyan\u0131kken ya\u015fad\u0131klar\u0131m\u0131z kadar ger\u00e7ek g\u00f6r\u00fcn\u00fcr.<span class=\"excerpt-hellip\"> [\u2026]<\/span><\/p>\n","protected":false},"featured_media":0,"template":"","meta":{"_monsterinsights_skip_tracking":false,"_monsterinsights_sitenote_active":false,"_monsterinsights_sitenote_note":"","_monsterinsights_sitenote_category":0},"product_brand":[],"product_cat":[12357],"product_tag":[],"class_list":{"0":"post-754100","1":"product","2":"type-product","3":"status-publish","5":"product_cat-psikoloji","6":"pa_cilt-ciltsiz","7":"pa_tur-kitap","8":"pa_yayinevi-timas-yayinlari","9":"pa_yazar-james-hall","11":"first","12":"instock","13":"sale","14":"shipping-taxable","15":"purchasable","16":"product-type-simple"},"_links":{"self":[{"href":"https:\/\/roveyayinevi.com.tr\/index.php\/wp-json\/wp\/v2\/product\/754100","targetHints":{"allow":["GET"]}}],"collection":[{"href":"https:\/\/roveyayinevi.com.tr\/index.php\/wp-json\/wp\/v2\/product"}],"about":[{"href":"https:\/\/roveyayinevi.com.tr\/index.php\/wp-json\/wp\/v2\/types\/product"}],"wp:attachment":[{"href":"https:\/\/roveyayinevi.com.tr\/index.php\/wp-json\/wp\/v2\/media?parent=754100"}],"wp:term":[{"taxonomy":"product_brand","embeddable":true,"href":"https:\/\/roveyayinevi.com.tr\/index.php\/wp-json\/wp\/v2\/product_brand?post=754100"},{"taxonomy":"product_cat","embeddable":true,"href":"https:\/\/roveyayinevi.com.tr\/index.php\/wp-json\/wp\/v2\/product_cat?post=754100"},{"taxonomy":"product_tag","embeddable":true,"href":"https:\/\/roveyayinevi.com.tr\/index.php\/wp-json\/wp\/v2\/product_tag?post=754100"}],"curies":[{"name":"wp","href":"https:\/\/api.w.org\/{rel}","templated":true}]}}