{"id":754099,"date":"2025-08-28T06:01:33","date_gmt":"2025-08-28T03:01:33","guid":{"rendered":"https:\/\/roveyayinevi.com.tr\/index.php\/urun\/ingeborgun-tollaki\/"},"modified":"2026-04-16T03:07:26","modified_gmt":"2026-04-16T00:07:26","slug":"ingeborgun-tollaki","status":"publish","type":"product","link":"https:\/\/roveyayinevi.com.tr\/index.php\/urun\/ingeborgun-tollaki\/","title":{"rendered":"Ingeborg&#8217;un Tollak&#8217;\u0131"},"content":{"rendered":"<p>Ya\u015fl\u0131 keresteci Tollak \u00e7eli\u015fkilerin adam\u0131; gururlu ve \u00f6fkeli, d\u00fcr\u00fcst ve \u015fefkatli. Ona uzun zamand\u0131r bir anlam ifade etmeyen d\u00fcnyaya lanetler ya\u011fd\u0131ran, bir s\u00fcre \u00f6nce ortadan kaybolan g\u00fczel kar\u0131s\u0131 Ingeborg\u2019a duydu\u011fu a\u015fkla dolup ta\u015fan\u2026Ama \u015fimdi \u00f6l\u00fcyor Tollak.\u0130ki \u00e7ocu\u011fu uzakta; annesi ondan vazge\u00e7ti\u011finden beri Tollak\u2019\u0131n bakt\u0131\u011f\u0131 yar\u0131m ak\u0131ll\u0131 Oddo var yan\u0131nda yaln\u0131z. Ancak Tollak, \u00e7ocuklar\u0131n\u0131n gelmesi i\u00e7in \u0131srarc\u0131; \u00e7ok ge\u00e7 olmadan onlarla konu\u015fmas\u0131 ve s\u0131rr\u0131n\u0131 payla\u015fmas\u0131 gerekiyor.Hem b\u00fcy\u00fck bir a\u015fk hik\u00e2yesi hem de bir psikolojik gerilim anlat\u0131s\u0131 gibi okunan bu romanda Tore Renberg, d\u00fcn\u00fcn d\u00fcnyas\u0131ndan bir adam\u0131n, bug\u00fcnle \u00e7arp\u0131\u015ft\u0131\u011f\u0131 dokunakl\u0131, karma\u015f\u0131k ve rahats\u0131z edici portresini incelikle i\u015fliyor.Ele\u015ftirmenler taraf\u0131ndan Cormac McCarthy, John Williams ve Tarjei Vesaas gibi yazarlar\u0131n eserleriyle kar\u015f\u0131la\u015ft\u0131r\u0131lan ve Renberg\u2019in en se\u00e7kin i\u015fi g\u00f6sterilen Ingeborg\u2019un Tollak\u2019\u0131 a\u015fk, \u015fiddet ve modern hayata direni\u015fe dair ba\u015f d\u00f6nd\u00fcren bir roman. \u201cKurgu teknik olarak muhte\u015fem, bu trajik yaln\u0131z adam\u0131n hayat\u0131nda ge\u00e7mi\u015f ve bug\u00fcn i\u00e7 i\u00e7e ge\u00e7iyor. Tollak, kentle\u015fmeye, dijitalle\u015fmeye, pragmatizme, medyaya, [&#8230;] kar\u015f\u0131 y\u00fcksek sesli bir HAYIR. Onu ger\u00e7ekten harekete ge\u00e7iren tek \u015fey sevgi. Tore Renberg\u2019in Tollak\u2019\u0131 yak\u0131n ge\u00e7mi\u015ften bize ba\u011f\u0131r\u0131yor. \u00c7\u00fcnk\u00fc o, zaman\u0131m\u0131za ayak uydurmak istemeyen ya da uyduramayan, dolay\u0131s\u0131yla bu d\u00fcnyada nas\u0131l var olaca\u011f\u0131n\u0131 \u00e7\u00f6zemeyen karakterlerden biri. Bu roman inan\u0131lmaz derecede g\u00fc\u00e7l\u00fc bir portre ve yo\u011fun bir aile dramas\u0131. Ingeborg&#8217;un Tollak\u2019\u0131, Renberg\u2019in yazar olarak ge\u00e7irdi\u011fi yirmi be\u015f y\u0131l\u0131n de\u011ferli bir kutlamas\u0131.\u201d \u2013 Marta Norheim, NRK\u201cBu sonbahar\u0131n en g\u00fc\u00e7l\u00fc kitab\u0131. Bir adam\u0131n portresi, trajik bir aile hik\u00e2yesi, bir par\u00e7a k\u00fclt\u00fcr ele\u015ftirisi, g\u00fczel bir a\u015fk hik\u00e2yesi&#8230; ve bir gerilim. [\u2026] Ingeborg\u2019un Tollak\u2019\u0131 g\u00fc\u00e7l\u00fc ve muhte\u015fem bir anlat\u0131mla olay \u00f6rg\u00fcs\u00fcn\u00fc katman katman a\u00e7\u0131yor. Ve yazar\u0131n bu kitab\u0131n\u0131n bana Hamsun\u2019u hat\u0131rlatt\u0131\u011f\u0131n\u0131 s\u00f6ylememde bir sak\u0131nca g\u00f6rece\u011fini sanm\u0131yorum. Ko\u015fun ve hemen al\u0131n!\u201d \u2013 Jan \u00d8 Helgesen, Nettavisen<\/p>\n","protected":false},"excerpt":{"rendered":"<p>Ya\u015fl\u0131 keresteci Tollak \u00e7eli\u015fkilerin adam\u0131; gururlu ve \u00f6fkeli, d\u00fcr\u00fcst ve \u015fefkatli. Ona uzun zamand\u0131r bir anlam ifade etmeyen d\u00fcnyaya lanetler ya\u011fd\u0131ran, bir s\u00fcre \u00f6nce ortadan kaybolan<span class=\"excerpt-hellip\"> [\u2026]<\/span><\/p>\n","protected":false},"featured_media":0,"template":"","meta":{"_monsterinsights_skip_tracking":false,"_monsterinsights_sitenote_active":false,"_monsterinsights_sitenote_note":"","_monsterinsights_sitenote_category":0},"product_brand":[],"product_cat":[12291,12711],"product_tag":[],"class_list":{"0":"post-754099","1":"product","2":"type-product","3":"status-publish","5":"product_cat-edebiyat","6":"product_cat-roman-oyku","7":"pa_cilt-ciltsiz","8":"pa_tur-kitap","9":"pa_yayinevi-timas-yayinlari","10":"pa_yazar-tore-renberg","12":"first","13":"instock","14":"sale","15":"shipping-taxable","16":"purchasable","17":"product-type-simple"},"_links":{"self":[{"href":"https:\/\/roveyayinevi.com.tr\/index.php\/wp-json\/wp\/v2\/product\/754099","targetHints":{"allow":["GET"]}}],"collection":[{"href":"https:\/\/roveyayinevi.com.tr\/index.php\/wp-json\/wp\/v2\/product"}],"about":[{"href":"https:\/\/roveyayinevi.com.tr\/index.php\/wp-json\/wp\/v2\/types\/product"}],"wp:attachment":[{"href":"https:\/\/roveyayinevi.com.tr\/index.php\/wp-json\/wp\/v2\/media?parent=754099"}],"wp:term":[{"taxonomy":"product_brand","embeddable":true,"href":"https:\/\/roveyayinevi.com.tr\/index.php\/wp-json\/wp\/v2\/product_brand?post=754099"},{"taxonomy":"product_cat","embeddable":true,"href":"https:\/\/roveyayinevi.com.tr\/index.php\/wp-json\/wp\/v2\/product_cat?post=754099"},{"taxonomy":"product_tag","embeddable":true,"href":"https:\/\/roveyayinevi.com.tr\/index.php\/wp-json\/wp\/v2\/product_tag?post=754099"}],"curies":[{"name":"wp","href":"https:\/\/api.w.org\/{rel}","templated":true}]}}