{"id":754098,"date":"2025-08-28T06:01:32","date_gmt":"2025-08-28T03:01:32","guid":{"rendered":"https:\/\/roveyayinevi.com.tr\/index.php\/urun\/babaannem-bir-astronot-mu\/"},"modified":"2026-04-16T03:07:26","modified_gmt":"2026-04-16T00:07:26","slug":"babaannem-bir-astronot-mu","status":"publish","type":"product","link":"https:\/\/roveyayinevi.com.tr\/index.php\/urun\/babaannem-bir-astronot-mu\/","title":{"rendered":"Babaannem Bir Astronot mu?"},"content":{"rendered":"<p>Hayalperest bir kahraman,gizemli bir babaanne, t\u00fcm konu\u015fmalardad\u00f6n\u00fcp duran say\u0131lar&#8230; Bunlar bir araya gelirse ne olur?Babaanne ve torununun sevgi dolu hikayesi&#8230; Ben mi \u00e7ok hayalperestim yoksa babaannem mi\u00e7ok gizemli bilmiyorum. Ama o, her g\u00fcn ayn\u0131 saatte evden \u00e7\u0131k\u0131yor,akl\u0131ndan hesaplar yap\u0131yor, benim anlamad\u0131\u011f\u0131m say\u0131lar s\u00f6yl\u00fcyor.San\u0131r\u0131m roketini f\u0131rlatmaya haz\u0131rlan\u0131yor.Sence babaannemi ikna edip onunla beraberSat\u00fcrn\u2019e gidebilecek miyim? Sat\u00fcrn bence \u00e7ok e\u011flencelidir!  Benim bu maceram\u0131 okurken seni neler bekliyor?Sorgulama BecerisiSay\u0131 SaymakG\u00f6zlem YapmakHayal Kurmak<\/p>\n","protected":false},"excerpt":{"rendered":"<p>Hayalperest bir kahraman,gizemli bir babaanne, t\u00fcm konu\u015fmalardad\u00f6n\u00fcp duran say\u0131lar&#8230; Bunlar bir araya gelirse ne olur?Babaanne ve torununun sevgi dolu hikayesi&#8230; Ben mi \u00e7ok hayalperestim yoksa babaannem<span class=\"excerpt-hellip\"> [\u2026]<\/span><\/p>\n","protected":false},"featured_media":0,"template":"","meta":{"_monsterinsights_skip_tracking":false,"_monsterinsights_sitenote_active":false,"_monsterinsights_sitenote_note":"","_monsterinsights_sitenote_category":0},"product_brand":[],"product_cat":[12274,12284],"product_tag":[],"class_list":{"0":"post-754098","1":"product","2":"type-product","3":"status-publish","5":"product_cat-cocuk-ve-genclik-kitaplari","6":"product_cat-hikayeler","7":"pa_cilt-ciltsiz","8":"pa_tur-kitap","9":"pa_yayinevi-masalperest-ozel-urun","10":"pa_yazar-ezgi-avci","12":"first","13":"instock","14":"sale","15":"shipping-taxable","16":"purchasable","17":"product-type-simple"},"_links":{"self":[{"href":"https:\/\/roveyayinevi.com.tr\/index.php\/wp-json\/wp\/v2\/product\/754098","targetHints":{"allow":["GET"]}}],"collection":[{"href":"https:\/\/roveyayinevi.com.tr\/index.php\/wp-json\/wp\/v2\/product"}],"about":[{"href":"https:\/\/roveyayinevi.com.tr\/index.php\/wp-json\/wp\/v2\/types\/product"}],"wp:attachment":[{"href":"https:\/\/roveyayinevi.com.tr\/index.php\/wp-json\/wp\/v2\/media?parent=754098"}],"wp:term":[{"taxonomy":"product_brand","embeddable":true,"href":"https:\/\/roveyayinevi.com.tr\/index.php\/wp-json\/wp\/v2\/product_brand?post=754098"},{"taxonomy":"product_cat","embeddable":true,"href":"https:\/\/roveyayinevi.com.tr\/index.php\/wp-json\/wp\/v2\/product_cat?post=754098"},{"taxonomy":"product_tag","embeddable":true,"href":"https:\/\/roveyayinevi.com.tr\/index.php\/wp-json\/wp\/v2\/product_tag?post=754098"}],"curies":[{"name":"wp","href":"https:\/\/api.w.org\/{rel}","templated":true}]}}