{"id":754097,"date":"2025-08-28T06:01:30","date_gmt":"2025-08-28T03:01:30","guid":{"rendered":"https:\/\/roveyayinevi.com.tr\/index.php\/urun\/balinalarin-sarkisi\/"},"modified":"2026-04-16T03:07:26","modified_gmt":"2026-04-16T00:07:26","slug":"balinalarin-sarkisi","status":"publish","type":"product","link":"https:\/\/roveyayinevi.com.tr\/index.php\/urun\/balinalarin-sarkisi\/","title":{"rendered":"Balinalar\u0131n \u015eark\u0131s\u0131"},"content":{"rendered":"<p>Yaln\u0131z Balina\u2019n\u0131n d\u00fcnyas\u0131nda unutulmaz, yeni bir maceraya do\u011fru yelken a\u00e7\u0131yoruz!   F\u0131rt\u0131nal\u0131 bir gecede b\u00fcy\u00fckannesi Noi\u2019ye bir hik\u00e2ye anlat\u0131r. K\u00fc\u00e7\u00fck bir k\u0131zla bir balina aras\u0131nda ba\u015flay\u0131p ku\u015faklar boyu devam eden bir dostlu\u011fun hik\u00e2yesidir bu.   D\u00fcnyaca \u00fcnl\u00fc illustrator-yazar Benji Davies\u2019in yeni resimli kitab\u0131 Balinalar\u0131n \u015eark\u0131s\u0131\u2019nda Yaln\u0131z Balina\u2019yla tan\u0131y\u0131p \u00e7ok sevdi\u011fimiz Noi ile b\u00fcy\u00fckannesi aras\u0131nda bamba\u015fka bir ba\u011f olu\u015fuyor. <\/p>\n","protected":false},"excerpt":{"rendered":"<p>Yaln\u0131z Balina\u2019n\u0131n d\u00fcnyas\u0131nda unutulmaz, yeni bir maceraya do\u011fru yelken a\u00e7\u0131yoruz! F\u0131rt\u0131nal\u0131 bir gecede b\u00fcy\u00fckannesi Noi\u2019ye bir hik\u00e2ye anlat\u0131r. K\u00fc\u00e7\u00fck bir k\u0131zla bir balina aras\u0131nda ba\u015flay\u0131p ku\u015faklar<span class=\"excerpt-hellip\"> [\u2026]<\/span><\/p>\n","protected":false},"featured_media":0,"template":"","meta":{"_monsterinsights_skip_tracking":false,"_monsterinsights_sitenote_active":false,"_monsterinsights_sitenote_note":"","_monsterinsights_sitenote_category":0},"product_brand":[],"product_cat":[12913,12274],"product_tag":[],"class_list":{"0":"post-754097","1":"product","2":"type-product","3":"status-publish","5":"product_cat-3-6-yas-kitaplari","6":"product_cat-cocuk-ve-genclik-kitaplari","7":"pa_cilt-ciltsiz","8":"pa_tur-kitap","9":"pa_yayinevi-redhouse-kidz-yayinlari","10":"pa_yazar-benji-davies","12":"first","13":"instock","14":"sale","15":"shipping-taxable","16":"purchasable","17":"product-type-simple"},"_links":{"self":[{"href":"https:\/\/roveyayinevi.com.tr\/index.php\/wp-json\/wp\/v2\/product\/754097","targetHints":{"allow":["GET"]}}],"collection":[{"href":"https:\/\/roveyayinevi.com.tr\/index.php\/wp-json\/wp\/v2\/product"}],"about":[{"href":"https:\/\/roveyayinevi.com.tr\/index.php\/wp-json\/wp\/v2\/types\/product"}],"wp:attachment":[{"href":"https:\/\/roveyayinevi.com.tr\/index.php\/wp-json\/wp\/v2\/media?parent=754097"}],"wp:term":[{"taxonomy":"product_brand","embeddable":true,"href":"https:\/\/roveyayinevi.com.tr\/index.php\/wp-json\/wp\/v2\/product_brand?post=754097"},{"taxonomy":"product_cat","embeddable":true,"href":"https:\/\/roveyayinevi.com.tr\/index.php\/wp-json\/wp\/v2\/product_cat?post=754097"},{"taxonomy":"product_tag","embeddable":true,"href":"https:\/\/roveyayinevi.com.tr\/index.php\/wp-json\/wp\/v2\/product_tag?post=754097"}],"curies":[{"name":"wp","href":"https:\/\/api.w.org\/{rel}","templated":true}]}}