{"id":754096,"date":"2025-08-28T06:01:29","date_gmt":"2025-08-28T03:01:29","guid":{"rendered":"https:\/\/roveyayinevi.com.tr\/index.php\/urun\/kaderin-sayisal-kodlari\/"},"modified":"2026-04-16T03:07:26","modified_gmt":"2026-04-16T00:07:26","slug":"kaderin-sayisal-kodlari","status":"publish","type":"product","link":"https:\/\/roveyayinevi.com.tr\/index.php\/urun\/kaderin-sayisal-kodlari\/","title":{"rendered":"Kaderin Say\u0131sal Kodlar\u0131"},"content":{"rendered":"<p>Say\u0131 bilimi \u00e7a\u011fda\u015f bir icat de\u011fildir. Binlerce y\u0131l \u00f6nce Do\u011fu felsefecileri ile din adamlar\u0131 bunu biliyor ve uyguluyorlard\u0131. \u0130simlerle ki\u015fisel hayat aras\u0131ndaki ili\u015fkinin \u00f6neminin fark\u0131ndayd\u0131lar. Ki\u015fisel hayat, hastal\u0131k veya herhangi bir \u015fanss\u0131zl\u0131kla tehdit edildi\u011fi anda tehdidi ortadan kald\u0131rmak i\u00e7in ki\u015finin ad\u0131n\u0131 de\u011fi\u015ftiriyorlard\u0131. \u0130nsan\u0131n sa\u011fl\u0131\u011f\u0131n\u0131n, mutlulu\u011funun ve ba\u015far\u0131s\u0131n\u0131n, daha \u00f6nce inan\u0131ld\u0131\u011f\u0131 gibi yaln\u0131zca nesnel duyulara de\u011fil, b\u00fcy\u00fck \u00f6l\u00e7\u00fcde bilin\u00e7alt\u0131n\u0131n veya \u00f6znel akl\u0131n eylemlerine ba\u011fl\u0131 oldu\u011fu ger\u00e7e\u011fi, say\u0131 biliminin ara\u015ft\u0131r\u0131lmas\u0131 ve yararl\u0131 bir \u015fekilde uygulanmas\u0131 noktas\u0131nda g\u00fc\u00e7l\u00fc bir dayanak olmu\u015ftur. <\/p>\n","protected":false},"excerpt":{"rendered":"<p>Say\u0131 bilimi \u00e7a\u011fda\u015f bir icat de\u011fildir. Binlerce y\u0131l \u00f6nce Do\u011fu felsefecileri ile din adamlar\u0131 bunu biliyor ve uyguluyorlard\u0131. \u0130simlerle ki\u015fisel hayat aras\u0131ndaki ili\u015fkinin \u00f6neminin fark\u0131ndayd\u0131lar. Ki\u015fisel<span class=\"excerpt-hellip\"> [\u2026]<\/span><\/p>\n","protected":false},"featured_media":0,"template":"","meta":{"_monsterinsights_skip_tracking":false,"_monsterinsights_sitenote_active":false,"_monsterinsights_sitenote_note":"","_monsterinsights_sitenote_category":0},"product_brand":[],"product_cat":[12388],"product_tag":[],"class_list":{"0":"post-754096","1":"product","2":"type-product","3":"status-publish","5":"product_cat-felsefe","6":"pa_cilt-ciltsiz","7":"pa_tur-kitap","8":"pa_yayinevi-fa-yayinlari","9":"pa_yazar-luo-clement","11":"first","12":"instock","13":"sale","14":"shipping-taxable","15":"purchasable","16":"product-type-simple"},"_links":{"self":[{"href":"https:\/\/roveyayinevi.com.tr\/index.php\/wp-json\/wp\/v2\/product\/754096","targetHints":{"allow":["GET"]}}],"collection":[{"href":"https:\/\/roveyayinevi.com.tr\/index.php\/wp-json\/wp\/v2\/product"}],"about":[{"href":"https:\/\/roveyayinevi.com.tr\/index.php\/wp-json\/wp\/v2\/types\/product"}],"wp:attachment":[{"href":"https:\/\/roveyayinevi.com.tr\/index.php\/wp-json\/wp\/v2\/media?parent=754096"}],"wp:term":[{"taxonomy":"product_brand","embeddable":true,"href":"https:\/\/roveyayinevi.com.tr\/index.php\/wp-json\/wp\/v2\/product_brand?post=754096"},{"taxonomy":"product_cat","embeddable":true,"href":"https:\/\/roveyayinevi.com.tr\/index.php\/wp-json\/wp\/v2\/product_cat?post=754096"},{"taxonomy":"product_tag","embeddable":true,"href":"https:\/\/roveyayinevi.com.tr\/index.php\/wp-json\/wp\/v2\/product_tag?post=754096"}],"curies":[{"name":"wp","href":"https:\/\/api.w.org\/{rel}","templated":true}]}}